{"id":3312,"date":"2020-03-30T17:13:24","date_gmt":"2020-03-30T20:13:24","guid":{"rendered":"https:\/\/projeto.online\/protec\/?post_type=product&#038;p=3312"},"modified":"2026-02-12T10:26:22","modified_gmt":"2026-02-12T13:26:22","slug":"canula-para-aspiracao-de-secrecao","status":"publish","type":"product","link":"https:\/\/www.protec.com.br\/en\/product\/canula-para-aspiracao-de-secrecao\/","title":{"rendered":"C\u00c2NULA PARA ASPIRA\u00c7\u00c3O MEIA CURVA COM ESFERA"},"content":{"rendered":"<p>HALF CURVED CANNULA WITH SPHERE<\/p>","protected":false},"excerpt":{"rendered":"<p>HALF CURVED CANNULA WITH SPHERE<\/p>","protected":false},"featured_media":28608,"template":"","meta":{"_acf_changed":false},"product_brand":[],"product_cat":[215],"product_tag":[88,200,201,198,199],"class_list":{"0":"post-3312","1":"product","2":"type-product","3":"status-publish","4":"has-post-thumbnail","6":"product_cat-acessorios-para-aspiradores-evolution","7":"product_tag-canula","8":"product_tag-canula-curva","9":"product_tag-canula-meia-curva","10":"product_tag-canula-para-aspiracao","11":"product_tag-canula-para-aspiracao-de-secrecoes","13":"first","14":"instock","15":"virtual","16":"taxable","17":"purchasable","18":"product-type-simple"},"acf":[],"_links":{"self":[{"href":"https:\/\/www.protec.com.br\/en\/wp-json\/wp\/v2\/product\/3312","targetHints":{"allow":["GET"]}}],"collection":[{"href":"https:\/\/www.protec.com.br\/en\/wp-json\/wp\/v2\/product"}],"about":[{"href":"https:\/\/www.protec.com.br\/en\/wp-json\/wp\/v2\/types\/product"}],"version-history":[{"count":1,"href":"https:\/\/www.protec.com.br\/en\/wp-json\/wp\/v2\/product\/3312\/revisions"}],"predecessor-version":[{"id":43717,"href":"https:\/\/www.protec.com.br\/en\/wp-json\/wp\/v2\/product\/3312\/revisions\/43717"}],"wp:featuredmedia":[{"embeddable":true,"href":"https:\/\/www.protec.com.br\/en\/wp-json\/wp\/v2\/media\/28608"}],"wp:attachment":[{"href":"https:\/\/www.protec.com.br\/en\/wp-json\/wp\/v2\/media?parent=3312"}],"wp:term":[{"taxonomy":"product_brand","embeddable":true,"href":"https:\/\/www.protec.com.br\/en\/wp-json\/wp\/v2\/product_brand?post=3312"},{"taxonomy":"product_cat","embeddable":true,"href":"https:\/\/www.protec.com.br\/en\/wp-json\/wp\/v2\/product_cat?post=3312"},{"taxonomy":"product_tag","embeddable":true,"href":"https:\/\/www.protec.com.br\/en\/wp-json\/wp\/v2\/product_tag?post=3312"}],"curies":[{"name":"wp","href":"https:\/\/api.w.org\/{rel}","templated":true}]}}