{"id":3310,"date":"2020-03-30T17:06:37","date_gmt":"2020-03-30T20:06:37","guid":{"rendered":"https:\/\/projeto.online\/protec\/?post_type=product&#038;p=3310"},"modified":"2026-02-12T15:40:04","modified_gmt":"2026-02-12T18:40:04","slug":"suporte-para-frasco","status":"publish","type":"product","link":"https:\/\/www.protec.com.br\/en\/product\/suporte-para-frasco\/","title":{"rendered":"SUPORTE PARA FRASCO 3\/5 LITROS"},"content":{"rendered":"","protected":false},"excerpt":{"rendered":"<p>Suporte para frasco, confeccionado em a\u00e7o, sobre rod\u00edzios, com pintura eletrost\u00e1tica de alta resist\u00eancia. Indicado para frascos de aspira\u00e7\u00e3o de 3 ou 5 litros.<\/p>\n<p>&nbsp;<\/p>","protected":false},"featured_media":28607,"template":"","meta":{"_acf_changed":false},"product_brand":[],"product_cat":[223],"product_tag":[],"class_list":{"0":"post-3310","1":"product","2":"type-product","3":"status-publish","4":"has-post-thumbnail","6":"product_cat-suporte-para-frascos","8":"first","9":"instock","10":"virtual","11":"taxable","12":"purchasable","13":"product-type-simple"},"acf":[],"_links":{"self":[{"href":"https:\/\/www.protec.com.br\/en\/wp-json\/wp\/v2\/product\/3310","targetHints":{"allow":["GET"]}}],"collection":[{"href":"https:\/\/www.protec.com.br\/en\/wp-json\/wp\/v2\/product"}],"about":[{"href":"https:\/\/www.protec.com.br\/en\/wp-json\/wp\/v2\/types\/product"}],"version-history":[{"count":1,"href":"https:\/\/www.protec.com.br\/en\/wp-json\/wp\/v2\/product\/3310\/revisions"}],"predecessor-version":[{"id":43746,"href":"https:\/\/www.protec.com.br\/en\/wp-json\/wp\/v2\/product\/3310\/revisions\/43746"}],"wp:featuredmedia":[{"embeddable":true,"href":"https:\/\/www.protec.com.br\/en\/wp-json\/wp\/v2\/media\/28607"}],"wp:attachment":[{"href":"https:\/\/www.protec.com.br\/en\/wp-json\/wp\/v2\/media?parent=3310"}],"wp:term":[{"taxonomy":"product_brand","embeddable":true,"href":"https:\/\/www.protec.com.br\/en\/wp-json\/wp\/v2\/product_brand?post=3310"},{"taxonomy":"product_cat","embeddable":true,"href":"https:\/\/www.protec.com.br\/en\/wp-json\/wp\/v2\/product_cat?post=3310"},{"taxonomy":"product_tag","embeddable":true,"href":"https:\/\/www.protec.com.br\/en\/wp-json\/wp\/v2\/product_tag?post=3310"}],"curies":[{"name":"wp","href":"https:\/\/api.w.org\/{rel}","templated":true}]}}