{"id":33036,"date":"2024-08-15T12:28:42","date_gmt":"2024-08-15T15:28:42","guid":{"rendered":"https:\/\/www.protec.com.br\/?post_type=product&#038;p=33036"},"modified":"2026-02-12T10:37:33","modified_gmt":"2026-02-12T13:37:33","slug":"valvula-medicinal-pino-oxido-nitroso","status":"publish","type":"product","link":"https:\/\/www.protec.com.br\/en\/product\/valvula-medicinal-pino-oxido-nitroso\/","title":{"rendered":"V\u00c1LVULA MEDICINAL \u00d3XIDO NITROSO"},"content":{"rendered":"<p>V\u00c1LVULA MEDICINAL DE IMPACTO DUPLO \u00d3XIDO NITROSO<\/p>","protected":false},"excerpt":{"rendered":"<p>V\u00c1LVULA MEDICINAL DE IMPACTO DUPLO \u00d3XIDO NITROSO<\/p>","protected":false},"featured_media":0,"template":"","meta":{"_acf_changed":false},"product_brand":[],"product_cat":[266],"product_tag":[],"class_list":{"0":"post-33036","1":"product","2":"type-product","3":"status-publish","5":"product_cat-posto-parede","7":"first","8":"instock","9":"taxable","10":"shipping-taxable","11":"purchasable","12":"product-type-simple"},"acf":[],"_links":{"self":[{"href":"https:\/\/www.protec.com.br\/en\/wp-json\/wp\/v2\/product\/33036","targetHints":{"allow":["GET"]}}],"collection":[{"href":"https:\/\/www.protec.com.br\/en\/wp-json\/wp\/v2\/product"}],"about":[{"href":"https:\/\/www.protec.com.br\/en\/wp-json\/wp\/v2\/types\/product"}],"version-history":[{"count":1,"href":"https:\/\/www.protec.com.br\/en\/wp-json\/wp\/v2\/product\/33036\/revisions"}],"predecessor-version":[{"id":43719,"href":"https:\/\/www.protec.com.br\/en\/wp-json\/wp\/v2\/product\/33036\/revisions\/43719"}],"wp:attachment":[{"href":"https:\/\/www.protec.com.br\/en\/wp-json\/wp\/v2\/media?parent=33036"}],"wp:term":[{"taxonomy":"product_brand","embeddable":true,"href":"https:\/\/www.protec.com.br\/en\/wp-json\/wp\/v2\/product_brand?post=33036"},{"taxonomy":"product_cat","embeddable":true,"href":"https:\/\/www.protec.com.br\/en\/wp-json\/wp\/v2\/product_cat?post=33036"},{"taxonomy":"product_tag","embeddable":true,"href":"https:\/\/www.protec.com.br\/en\/wp-json\/wp\/v2\/product_tag?post=33036"}],"curies":[{"name":"wp","href":"https:\/\/api.w.org\/{rel}","templated":true}]}}