{"id":33035,"date":"2024-08-15T12:24:39","date_gmt":"2024-08-15T15:24:39","guid":{"rendered":"https:\/\/www.protec.com.br\/?post_type=product&#038;p=33035"},"modified":"2026-02-12T10:38:40","modified_gmt":"2026-02-12T13:38:40","slug":"valvula-medicinal-pino-vacuo","status":"publish","type":"product","link":"https:\/\/www.protec.com.br\/en\/product\/valvula-medicinal-pino-vacuo\/","title":{"rendered":"V\u00c1LVULA MEDICINAL V\u00c1CUO"},"content":{"rendered":"<p>V\u00c1LVULA MEDICINAL DE IMPACTO DUPLO V\u00c1CUO<\/p>","protected":false},"excerpt":{"rendered":"<p>V\u00c1LVULA MEDICINAL DE IMPACTO DUPLO V\u00c1CUO<\/p>","protected":false},"featured_media":0,"template":"","meta":{"_acf_changed":false},"product_brand":[],"product_cat":[266],"product_tag":[],"class_list":{"0":"post-33035","1":"product","2":"type-product","3":"status-publish","5":"product_cat-posto-parede","7":"first","8":"instock","9":"taxable","10":"shipping-taxable","11":"purchasable","12":"product-type-simple"},"acf":[],"_links":{"self":[{"href":"https:\/\/www.protec.com.br\/en\/wp-json\/wp\/v2\/product\/33035","targetHints":{"allow":["GET"]}}],"collection":[{"href":"https:\/\/www.protec.com.br\/en\/wp-json\/wp\/v2\/product"}],"about":[{"href":"https:\/\/www.protec.com.br\/en\/wp-json\/wp\/v2\/types\/product"}],"version-history":[{"count":2,"href":"https:\/\/www.protec.com.br\/en\/wp-json\/wp\/v2\/product\/33035\/revisions"}],"predecessor-version":[{"id":41452,"href":"https:\/\/www.protec.com.br\/en\/wp-json\/wp\/v2\/product\/33035\/revisions\/41452"}],"wp:attachment":[{"href":"https:\/\/www.protec.com.br\/en\/wp-json\/wp\/v2\/media?parent=33035"}],"wp:term":[{"taxonomy":"product_brand","embeddable":true,"href":"https:\/\/www.protec.com.br\/en\/wp-json\/wp\/v2\/product_brand?post=33035"},{"taxonomy":"product_cat","embeddable":true,"href":"https:\/\/www.protec.com.br\/en\/wp-json\/wp\/v2\/product_cat?post=33035"},{"taxonomy":"product_tag","embeddable":true,"href":"https:\/\/www.protec.com.br\/en\/wp-json\/wp\/v2\/product_tag?post=33035"}],"curies":[{"name":"wp","href":"https:\/\/api.w.org\/{rel}","templated":true}]}}