{"id":32241,"date":"2024-07-30T12:03:07","date_gmt":"2024-07-30T15:03:07","guid":{"rendered":"https:\/\/beta.alcinfotech.com.br\/?post_type=product&#038;p=32241"},"modified":"2026-02-13T11:15:09","modified_gmt":"2026-02-13T14:15:09","slug":"kit-valvula-de-seguranca-para-reanimador-premium-adulto-2","status":"publish","type":"product","link":"https:\/\/www.protec.com.br\/en\/product\/kit-valvula-de-seguranca-para-reanimador-premium-adulto-2\/","title":{"rendered":"KIT V\u00c1LVULA DE SEGURAN\u00c7A PARA REANIMADOR PREMIUM ADULTO"},"content":{"rendered":"<p>KIT V\u00c1LVULA DE SEGURAN\u00c7A PARA REANIMADOR PREMIUM ADULTO<\/p>","protected":false},"excerpt":{"rendered":"<p>KIT V\u00c1LVULA DE SEGURAN\u00c7A PARA REANIMADOR PREMIUM ADULTO<\/p>","protected":false},"featured_media":0,"template":"","meta":{"_acf_changed":false},"product_brand":[],"product_cat":[18],"product_tag":[],"class_list":{"0":"post-32241","1":"product","2":"type-product","3":"status-publish","5":"product_cat-sem-categoria","7":"first","8":"instock","9":"taxable","10":"shipping-taxable","11":"purchasable","12":"product-type-simple"},"acf":[],"_links":{"self":[{"href":"https:\/\/www.protec.com.br\/en\/wp-json\/wp\/v2\/product\/32241","targetHints":{"allow":["GET"]}}],"collection":[{"href":"https:\/\/www.protec.com.br\/en\/wp-json\/wp\/v2\/product"}],"about":[{"href":"https:\/\/www.protec.com.br\/en\/wp-json\/wp\/v2\/types\/product"}],"version-history":[{"count":1,"href":"https:\/\/www.protec.com.br\/en\/wp-json\/wp\/v2\/product\/32241\/revisions"}],"predecessor-version":[{"id":43784,"href":"https:\/\/www.protec.com.br\/en\/wp-json\/wp\/v2\/product\/32241\/revisions\/43784"}],"wp:attachment":[{"href":"https:\/\/www.protec.com.br\/en\/wp-json\/wp\/v2\/media?parent=32241"}],"wp:term":[{"taxonomy":"product_brand","embeddable":true,"href":"https:\/\/www.protec.com.br\/en\/wp-json\/wp\/v2\/product_brand?post=32241"},{"taxonomy":"product_cat","embeddable":true,"href":"https:\/\/www.protec.com.br\/en\/wp-json\/wp\/v2\/product_cat?post=32241"},{"taxonomy":"product_tag","embeddable":true,"href":"https:\/\/www.protec.com.br\/en\/wp-json\/wp\/v2\/product_tag?post=32241"}],"curies":[{"name":"wp","href":"https:\/\/api.w.org\/{rel}","templated":true}]}}