{"id":32229,"date":"2024-07-29T16:53:29","date_gmt":"2024-07-29T19:53:29","guid":{"rendered":"https:\/\/beta.alcinfotech.com.br\/?post_type=product&#038;p=32229"},"modified":"2026-02-19T17:02:14","modified_gmt":"2026-02-19T20:02:14","slug":"central-de-monitorizacao-2","status":"publish","type":"product","link":"https:\/\/www.protec.com.br\/en\/product\/central-de-monitorizacao-2\/","title":{"rendered":"CENTRAL DE MONITORIZA\u00c7\u00c3O COM MONITOR"},"content":{"rendered":"<p>A Central de Monitoriza\u00e7\u00e3o de Paciente M Series possui interface simples e intuitiva que busca permitir m\u00e1xima flexibilidade na monitoriza\u00e7\u00e3o de pacientes.<\/p>\n<p>Seu princ\u00edpio se baseia em blocos configur\u00e1veis. Cada bloco cont\u00e9m um par\u00e2metro de monitoriza\u00e7\u00e3o ou conjunto de par\u00e2metros. Assim, diferentes monitores que possuam conjuntos distintos de par\u00e2metros num\u00e9ricos ou gr\u00e1ficos podem ser configurados de acordo com a necessidade do operador. Al\u00e9m disso, a Central de Monitoriza\u00e7\u00e3o de Pacientes M Series suporta alarmes de chamada de enfermeira, desconex\u00e3o de monitor e diversos alarmes referentes a cada um dos par\u00e2metros implementados nos monitores conectados.<\/p>\n<p><strong>RMS: <\/strong>80209920<\/p>","protected":false},"excerpt":{"rendered":"<p>A Central de Monitoriza\u00e7\u00e3o de Paciente M Series possui interface simples e intuitiva que busca permitir m\u00e1xima flexibilidade na monitoriza\u00e7\u00e3o de pacientes.<\/p>\n<p>Seu princ\u00edpio se baseia em blocos configur\u00e1veis. Cada bloco cont\u00e9m um par\u00e2metro de monitoriza\u00e7\u00e3o ou conjunto de par\u00e2metros. Assim, diferentes monitores que possuam conjuntos distintos de par\u00e2metros num\u00e9ricos ou gr\u00e1ficos podem ser configurados de acordo com a necessidade do operador. Al\u00e9m disso, a Central de Monitoriza\u00e7\u00e3o de Pacientes M Series suporta alarmes de chamada de enfermeira, desconex\u00e3o de monitor e diversos alarmes referentes a cada um dos par\u00e2metros implementados nos monitores conectados.<\/p>","protected":false},"featured_media":32227,"template":"","meta":{"_acf_changed":false},"product_brand":[],"product_cat":[495],"product_tag":[],"class_list":{"0":"post-32229","1":"product","2":"type-product","3":"status-publish","4":"has-post-thumbnail","6":"product_cat-central-monitorizacao","8":"first","9":"instock","10":"taxable","11":"shipping-taxable","12":"purchasable","13":"product-type-simple"},"acf":[],"_links":{"self":[{"href":"https:\/\/www.protec.com.br\/en\/wp-json\/wp\/v2\/product\/32229","targetHints":{"allow":["GET"]}}],"collection":[{"href":"https:\/\/www.protec.com.br\/en\/wp-json\/wp\/v2\/product"}],"about":[{"href":"https:\/\/www.protec.com.br\/en\/wp-json\/wp\/v2\/types\/product"}],"version-history":[{"count":0,"href":"https:\/\/www.protec.com.br\/en\/wp-json\/wp\/v2\/product\/32229\/revisions"}],"wp:featuredmedia":[{"embeddable":true,"href":"https:\/\/www.protec.com.br\/en\/wp-json\/wp\/v2\/media\/32227"}],"wp:attachment":[{"href":"https:\/\/www.protec.com.br\/en\/wp-json\/wp\/v2\/media?parent=32229"}],"wp:term":[{"taxonomy":"product_brand","embeddable":true,"href":"https:\/\/www.protec.com.br\/en\/wp-json\/wp\/v2\/product_brand?post=32229"},{"taxonomy":"product_cat","embeddable":true,"href":"https:\/\/www.protec.com.br\/en\/wp-json\/wp\/v2\/product_cat?post=32229"},{"taxonomy":"product_tag","embeddable":true,"href":"https:\/\/www.protec.com.br\/en\/wp-json\/wp\/v2\/product_tag?post=32229"}],"curies":[{"name":"wp","href":"https:\/\/api.w.org\/{rel}","templated":true}]}}