{"id":32117,"date":"2024-07-22T08:50:21","date_gmt":"2024-07-22T11:50:21","guid":{"rendered":"https:\/\/beta.alcinfotech.com.br\/?post_type=product&#038;p=32117"},"modified":"2026-02-19T17:02:19","modified_gmt":"2026-02-19T20:02:19","slug":"simulador-de-esfigmomanometro","status":"publish","type":"product","link":"https:\/\/www.protec.com.br\/en\/product\/simulador-de-esfigmomanometro\/","title":{"rendered":"SIMULADOR DE ESFIGMOMAN\u00d4METRO"},"content":{"rendered":"<p>Simulador de esfigmoman\u00f4metro: O funcionamento eficaz e seguro de equipamentos eletrom\u00e9dicos, tais como, monitores multiparam\u00e9tricos, eletrocardi\u00f3grafos, ox\u00edmetros etc, dependem da manuten\u00e7\u00e3o preventiva e corretiva. O simulador de paciente <strong>HS-30<\/strong> possibilita, de modo f\u00e1cil, a realiza\u00e7\u00e3o dos ensaios necess\u00e1rios para estes equipamentos. O HS-30 \u00e9 apresentado em seis vers\u00f5es distintas, permitindo a simula\u00e7\u00e3o de sinais de ECG, Oximetria, Respira\u00e7\u00e3o e Temperatura.<\/p>\n<p>Adicionalmente, as vers\u00f5es HS-30EL, HS-30ESL e HS-30F, permitem que o operador determine crit\u00e9rios de aceitabilidade e sequ\u00eancias de ensaios, al\u00e9m de possibilitar o registro dos resultados dos ensaios e a gera\u00e7\u00e3o de um relat\u00f3rio com estes resultados.<\/p>\n<p>&nbsp;<\/p>","protected":false},"excerpt":{"rendered":"<p>&nbsp;<\/p>\n<p>&nbsp;<\/p>","protected":false},"featured_media":32114,"template":"","meta":{"_acf_changed":false},"product_brand":[],"product_cat":[20,456,298],"product_tag":[],"class_list":{"0":"post-32117","1":"product","2":"type-product","3":"status-publish","4":"has-post-thumbnail","6":"product_cat-analisadores","7":"product_cat-rd-mediq","8":"product_cat-simulador-multifuncional-hs30","10":"first","11":"instock","12":"taxable","13":"shipping-taxable","14":"purchasable","15":"product-type-simple"},"acf":[],"_links":{"self":[{"href":"https:\/\/www.protec.com.br\/en\/wp-json\/wp\/v2\/product\/32117","targetHints":{"allow":["GET"]}}],"collection":[{"href":"https:\/\/www.protec.com.br\/en\/wp-json\/wp\/v2\/product"}],"about":[{"href":"https:\/\/www.protec.com.br\/en\/wp-json\/wp\/v2\/types\/product"}],"version-history":[{"count":2,"href":"https:\/\/www.protec.com.br\/en\/wp-json\/wp\/v2\/product\/32117\/revisions"}],"predecessor-version":[{"id":39084,"href":"https:\/\/www.protec.com.br\/en\/wp-json\/wp\/v2\/product\/32117\/revisions\/39084"}],"wp:featuredmedia":[{"embeddable":true,"href":"https:\/\/www.protec.com.br\/en\/wp-json\/wp\/v2\/media\/32114"}],"wp:attachment":[{"href":"https:\/\/www.protec.com.br\/en\/wp-json\/wp\/v2\/media?parent=32117"}],"wp:term":[{"taxonomy":"product_brand","embeddable":true,"href":"https:\/\/www.protec.com.br\/en\/wp-json\/wp\/v2\/product_brand?post=32117"},{"taxonomy":"product_cat","embeddable":true,"href":"https:\/\/www.protec.com.br\/en\/wp-json\/wp\/v2\/product_cat?post=32117"},{"taxonomy":"product_tag","embeddable":true,"href":"https:\/\/www.protec.com.br\/en\/wp-json\/wp\/v2\/product_tag?post=32117"}],"curies":[{"name":"wp","href":"https:\/\/api.w.org\/{rel}","templated":true}]}}