{"id":32105,"date":"2022-06-28T11:41:10","date_gmt":"2022-06-28T14:41:10","guid":{"rendered":"https:\/\/www.protec.com.br\/?post_type=product&#038;p=5388"},"modified":"2026-02-13T15:24:33","modified_gmt":"2026-02-13T18:24:33","slug":"conector-y-adulto-psu-com-furo-autoclavavel-134-com-tampao-2","status":"publish","type":"product","link":"https:\/\/www.protec.com.br\/en\/product\/conector-y-adulto-psu-com-furo-autoclavavel-134-com-tampao-2\/","title":{"rendered":"CONECTOR &#8220;Y&#8221; ADULTO PSU COM FURO AUTOCLAV\u00c1VEL 134\u00b0 COM TAMP\u00c3O"},"content":{"rendered":"<p>CONECTOR &#8220;Y&#8221; ADULTO PSU COM FURO AUT. 134\u00b0 COM TAMP\u00c3O<\/p>","protected":false},"excerpt":{"rendered":"<p>O conector Y \u00e9 utilizado como intermedi\u00e1rio em circuitos respirat\u00f3rios de ramo duplo para realizar a conex\u00e3o entre as traqueias e a c\u00e2nula de traqueostomia, filtro HMRF ou cateter mount, de acordo com a especifica\u00e7\u00e3o do circuito.<\/p>\n<p><strong>RMS:<\/strong> 80435140044 (PSU)<\/p>\n<p>&nbsp;<\/p>","protected":false},"featured_media":34053,"template":"","meta":{"_acf_changed":false},"product_brand":[],"product_cat":[21,276],"product_tag":[],"class_list":{"0":"post-32105","1":"product","2":"type-product","3":"status-publish","4":"has-post-thumbnail","6":"product_cat-menu-anestesia","7":"product_cat-conectores-y","9":"first","10":"instock","11":"virtual","12":"taxable","13":"purchasable","14":"product-type-simple"},"acf":[],"_links":{"self":[{"href":"https:\/\/www.protec.com.br\/en\/wp-json\/wp\/v2\/product\/32105","targetHints":{"allow":["GET"]}}],"collection":[{"href":"https:\/\/www.protec.com.br\/en\/wp-json\/wp\/v2\/product"}],"about":[{"href":"https:\/\/www.protec.com.br\/en\/wp-json\/wp\/v2\/types\/product"}],"version-history":[{"count":2,"href":"https:\/\/www.protec.com.br\/en\/wp-json\/wp\/v2\/product\/32105\/revisions"}],"predecessor-version":[{"id":41765,"href":"https:\/\/www.protec.com.br\/en\/wp-json\/wp\/v2\/product\/32105\/revisions\/41765"}],"wp:featuredmedia":[{"embeddable":true,"href":"https:\/\/www.protec.com.br\/en\/wp-json\/wp\/v2\/media\/34053"}],"wp:attachment":[{"href":"https:\/\/www.protec.com.br\/en\/wp-json\/wp\/v2\/media?parent=32105"}],"wp:term":[{"taxonomy":"product_brand","embeddable":true,"href":"https:\/\/www.protec.com.br\/en\/wp-json\/wp\/v2\/product_brand?post=32105"},{"taxonomy":"product_cat","embeddable":true,"href":"https:\/\/www.protec.com.br\/en\/wp-json\/wp\/v2\/product_cat?post=32105"},{"taxonomy":"product_tag","embeddable":true,"href":"https:\/\/www.protec.com.br\/en\/wp-json\/wp\/v2\/product_tag?post=32105"}],"curies":[{"name":"wp","href":"https:\/\/api.w.org\/{rel}","templated":true}]}}