{"id":32103,"date":"2022-06-27T17:52:37","date_gmt":"2022-06-27T20:52:37","guid":{"rendered":"https:\/\/www.protec.com.br\/?post_type=product&#038;p=5358"},"modified":"2026-02-13T15:36:08","modified_gmt":"2026-02-13T18:36:08","slug":"conector-reto-psu-autoclavavel-134-5x3-tubo-silicone-2","status":"publish","type":"product","link":"https:\/\/www.protec.com.br\/en\/product\/conector-reto-psu-autoclavavel-134-5x3-tubo-silicone-2\/","title":{"rendered":"CONECTOR RETO PSU AUTOCLAV\u00c1VEL 134\u00b0 5X3 TUBO SILICONE"},"content":{"rendered":"<p>Conector reto confeccionado em polissulfona &#8211; Autoclav\u00e1vel 134\u00b0<\/p>","protected":false},"excerpt":{"rendered":"<p>O conector reto \u00e9 utilizado no circuito respirat\u00f3rio quando h\u00e1 necessidade de adapta\u00e7\u00e3o do circuito respirat\u00f3rio \u00e0 entrada de outros recursos.<\/p>\n<p><strong>RMS:<\/strong> 80435140044 (PSU)<\/p>\n<p>&nbsp;<\/p>","protected":false},"featured_media":28908,"template":"","meta":{"_acf_changed":false},"product_brand":[],"product_cat":[21,347],"product_tag":[],"class_list":{"0":"post-32103","1":"product","2":"type-product","3":"status-publish","4":"has-post-thumbnail","6":"product_cat-menu-anestesia","7":"product_cat-conectores-retos","9":"first","10":"instock","11":"virtual","12":"taxable","13":"purchasable","14":"product-type-simple"},"acf":[],"_links":{"self":[{"href":"https:\/\/www.protec.com.br\/en\/wp-json\/wp\/v2\/product\/32103","targetHints":{"allow":["GET"]}}],"collection":[{"href":"https:\/\/www.protec.com.br\/en\/wp-json\/wp\/v2\/product"}],"about":[{"href":"https:\/\/www.protec.com.br\/en\/wp-json\/wp\/v2\/types\/product"}],"version-history":[{"count":2,"href":"https:\/\/www.protec.com.br\/en\/wp-json\/wp\/v2\/product\/32103\/revisions"}],"predecessor-version":[{"id":43852,"href":"https:\/\/www.protec.com.br\/en\/wp-json\/wp\/v2\/product\/32103\/revisions\/43852"}],"wp:featuredmedia":[{"embeddable":true,"href":"https:\/\/www.protec.com.br\/en\/wp-json\/wp\/v2\/media\/28908"}],"wp:attachment":[{"href":"https:\/\/www.protec.com.br\/en\/wp-json\/wp\/v2\/media?parent=32103"}],"wp:term":[{"taxonomy":"product_brand","embeddable":true,"href":"https:\/\/www.protec.com.br\/en\/wp-json\/wp\/v2\/product_brand?post=32103"},{"taxonomy":"product_cat","embeddable":true,"href":"https:\/\/www.protec.com.br\/en\/wp-json\/wp\/v2\/product_cat?post=32103"},{"taxonomy":"product_tag","embeddable":true,"href":"https:\/\/www.protec.com.br\/en\/wp-json\/wp\/v2\/product_tag?post=32103"}],"curies":[{"name":"wp","href":"https:\/\/api.w.org\/{rel}","templated":true}]}}