{"id":32096,"date":"2022-06-27T14:26:41","date_gmt":"2022-06-27T17:26:41","guid":{"rendered":"https:\/\/www.protec.com.br\/?post_type=product&#038;p=5315"},"modified":"2026-02-13T11:17:09","modified_gmt":"2026-02-13T14:17:09","slug":"circuito-anestesia-baraka-1-litro-silicone-autoclavavel-mascara-n2-2","status":"publish","type":"product","link":"https:\/\/www.protec.com.br\/en\/product\/circuito-anestesia-baraka-1-litro-silicone-autoclavavel-mascara-n2-2\/","title":{"rendered":"CIRCUITO ANESTESIA BARAKA 1 LITRO SILICONE AUTOCLAV\u00c1VEL M\u00c1SCARA N\u00b02"},"content":{"rendered":"<p>Os circuitos de anestesia Baraka em silicone fabricados pela Protec, s\u00e3o totalmente autoclav\u00e1veis a 134 \u00b0 e s\u00e3o compostos por bal\u00e3o respirat\u00f3rio em silicone, traqueia em silicone transl\u00facido autoclav\u00e1vel, com certificado de biocompatibilidade ( ISO 10.993), conectores intermedi\u00e1rios confeccionados em polisulfona, material resistente a altas temperaturas e 100% autoclav\u00e1vel e m\u00e1scara com coxim infl\u00e1vel em silicone.<\/p>","protected":false},"excerpt":{"rendered":"<p>Os circuitos de anestesia Baraka em silicone fabricados pela Protec, s\u00e3o totalmente autoclav\u00e1veis a 134 \u00b0 e s\u00e3o compostos por bal\u00e3o respirat\u00f3rio em silicone, traqueia em silicone transl\u00facido autoclav\u00e1vel, com certificado de biocompatibilidade ( ISO 10.993), conectores intermedi\u00e1rios confeccionados em polisulfona, material resistente a altas temperaturas e 100% autoclav\u00e1vel e m\u00e1scara com coxim infl\u00e1vel em silicone.<\/p>\n<p><strong>RMS:<\/strong> 80435140046<\/p>","protected":false},"featured_media":28917,"template":"","meta":{"_acf_changed":false},"product_brand":[],"product_cat":[21,489],"product_tag":[],"class_list":{"0":"post-32096","1":"product","2":"type-product","3":"status-publish","4":"has-post-thumbnail","6":"product_cat-menu-anestesia","7":"product_cat-circuito-de-anestesia-baraka","9":"first","10":"instock","11":"taxable","12":"shipping-taxable","13":"purchasable","14":"product-type-simple"},"acf":[],"_links":{"self":[{"href":"https:\/\/www.protec.com.br\/en\/wp-json\/wp\/v2\/product\/32096","targetHints":{"allow":["GET"]}}],"collection":[{"href":"https:\/\/www.protec.com.br\/en\/wp-json\/wp\/v2\/product"}],"about":[{"href":"https:\/\/www.protec.com.br\/en\/wp-json\/wp\/v2\/types\/product"}],"version-history":[{"count":1,"href":"https:\/\/www.protec.com.br\/en\/wp-json\/wp\/v2\/product\/32096\/revisions"}],"predecessor-version":[{"id":43786,"href":"https:\/\/www.protec.com.br\/en\/wp-json\/wp\/v2\/product\/32096\/revisions\/43786"}],"wp:featuredmedia":[{"embeddable":true,"href":"https:\/\/www.protec.com.br\/en\/wp-json\/wp\/v2\/media\/28917"}],"wp:attachment":[{"href":"https:\/\/www.protec.com.br\/en\/wp-json\/wp\/v2\/media?parent=32096"}],"wp:term":[{"taxonomy":"product_brand","embeddable":true,"href":"https:\/\/www.protec.com.br\/en\/wp-json\/wp\/v2\/product_brand?post=32096"},{"taxonomy":"product_cat","embeddable":true,"href":"https:\/\/www.protec.com.br\/en\/wp-json\/wp\/v2\/product_cat?post=32096"},{"taxonomy":"product_tag","embeddable":true,"href":"https:\/\/www.protec.com.br\/en\/wp-json\/wp\/v2\/product_tag?post=32096"}],"curies":[{"name":"wp","href":"https:\/\/api.w.org\/{rel}","templated":true}]}}