{"id":31714,"date":"2024-07-19T15:31:33","date_gmt":"2024-07-19T18:31:33","guid":{"rendered":"https:\/\/beta.alcinfotech.com.br\/?post_type=product&#038;p=31714"},"modified":"2026-02-19T17:02:14","modified_gmt":"2026-02-19T20:02:14","slug":"msi-modulo-impedancia-desfibrilador","status":"publish","type":"product","link":"https:\/\/www.protec.com.br\/en\/product\/msi-modulo-impedancia-desfibrilador\/","title":{"rendered":"ANALISADOR SELETOR DE IMPED\u00c2NCIA-MSI"},"content":{"rendered":"<p>O m\u00f3dulo seletor de imped\u00e2ncia MSI \u00e9 um acess\u00f3rio que propicia a varia\u00e7\u00e3o da resist\u00eancia interna do AD100 A Series que por padr\u00e3o \u00e9 de 50 50\u03a9, habitualmente utilizada para avalia\u00e7\u00e3o de desfibriladores \/ cardioversores.<\/p>\n<p>A norma ABNT NBR IEC 60601-2-4:2014 determina ensaios espec\u00edficos que avaliam a descarga do desfibrilador para resist\u00eancias de cargas de 25\u03a9, 50\u03a9, 75\u03a9, 100\u03a9, 125\u03a9, 150\u03a9e 175\u03a9. O m\u00f3dulo seletor de imped\u00e2ncia MSI quando combinado com o analisador AD100 A S\u00e9ries possibilita varia\u00e7\u00e3o da resist\u00eancia interna entre 25\u03a9 e 175\u03a9 permitindo a realiza\u00e7\u00e3o de ensaios para todas as resist\u00eancia de cargas preconizadas pela Norma ABNT NBR IEC 60601-2-4:2014.<\/p>","protected":false},"excerpt":{"rendered":"<p>O m\u00f3dulo seletor de imped\u00e2ncia MSI \u00e9 um acess\u00f3rio que propicia a varia\u00e7\u00e3o da resist\u00eancia interna do AD100 A Series que por padr\u00e3o \u00e9 de 50 50\u03a9, habitualmente utilizada para avalia\u00e7\u00e3o de desfibriladores \/ cardioversores.<\/p>\n<p>A norma ABNT NBR IEC 60601-2-4:2014 determina ensaios espec\u00edficos que avaliam a descarga do desfibrilador para resist\u00eancias de cargas de 25\u03a9, 50\u03a9, 75\u03a9, 100\u03a9, 125\u03a9, 150\u03a9e 175\u03a9. O m\u00f3dulo seletor de imped\u00e2ncia MSI quando combinado com o analisador AD100 A S\u00e9ries possibilita varia\u00e7\u00e3o da resist\u00eancia interna entre 25\u03a9 e 175\u03a9 permitindo a realiza\u00e7\u00e3o de ensaios para todas as resist\u00eancia de cargas preconizadas pela Norma ABNT NBR IEC 60601-2-4:2014.<\/p>","protected":false},"featured_media":31720,"template":"","meta":{"_acf_changed":false},"product_brand":[],"product_cat":[293,20],"product_tag":[],"class_list":{"0":"post-31714","1":"product","2":"type-product","3":"status-publish","4":"has-post-thumbnail","6":"product_cat-analisador-de-desfibrilador","7":"product_cat-analisadores","9":"first","10":"instock","11":"taxable","12":"shipping-taxable","13":"purchasable","14":"product-type-simple"},"acf":[],"_links":{"self":[{"href":"https:\/\/www.protec.com.br\/en\/wp-json\/wp\/v2\/product\/31714","targetHints":{"allow":["GET"]}}],"collection":[{"href":"https:\/\/www.protec.com.br\/en\/wp-json\/wp\/v2\/product"}],"about":[{"href":"https:\/\/www.protec.com.br\/en\/wp-json\/wp\/v2\/types\/product"}],"version-history":[{"count":1,"href":"https:\/\/www.protec.com.br\/en\/wp-json\/wp\/v2\/product\/31714\/revisions"}],"predecessor-version":[{"id":40665,"href":"https:\/\/www.protec.com.br\/en\/wp-json\/wp\/v2\/product\/31714\/revisions\/40665"}],"wp:featuredmedia":[{"embeddable":true,"href":"https:\/\/www.protec.com.br\/en\/wp-json\/wp\/v2\/media\/31720"}],"wp:attachment":[{"href":"https:\/\/www.protec.com.br\/en\/wp-json\/wp\/v2\/media?parent=31714"}],"wp:term":[{"taxonomy":"product_brand","embeddable":true,"href":"https:\/\/www.protec.com.br\/en\/wp-json\/wp\/v2\/product_brand?post=31714"},{"taxonomy":"product_cat","embeddable":true,"href":"https:\/\/www.protec.com.br\/en\/wp-json\/wp\/v2\/product_cat?post=31714"},{"taxonomy":"product_tag","embeddable":true,"href":"https:\/\/www.protec.com.br\/en\/wp-json\/wp\/v2\/product_tag?post=31714"}],"curies":[{"name":"wp","href":"https:\/\/api.w.org\/{rel}","templated":true}]}}