{"id":31705,"date":"2024-07-19T15:00:00","date_gmt":"2024-07-19T18:00:00","guid":{"rendered":"https:\/\/beta.alcinfotech.com.br\/?post_type=product&#038;p=31705"},"modified":"2026-02-19T17:16:21","modified_gmt":"2026-02-19T20:16:21","slug":"suporte-1-braco-monitor-rd12-rd15","status":"publish","type":"product","link":"https:\/\/www.protec.com.br\/en\/product\/suporte-1-braco-monitor-rd12-rd15\/","title":{"rendered":"SUPORTE COM 1 BRA\u00c7O ARTICUL\u00c1VEL RD12 E RD15"},"content":{"rendered":"<p>Essencial para otimizar o espa\u00e7o e tornar os ambientes mais funcionais, al\u00e9m de garantir a seguran\u00e7a do paciente, e evitar que equipamentos caiam e gerem acidentes.<\/p>","protected":false},"excerpt":{"rendered":"<p>Essencial para otimizar o espa\u00e7o e tornar os ambientes mais funcionais, al\u00e9m de garantir a seguran\u00e7a do paciente, e evitar que equipamentos caiam e gerem acidentes.<\/p>","protected":false},"featured_media":31707,"template":"","meta":{"_acf_changed":false},"product_brand":[],"product_cat":[492],"product_tag":[],"class_list":{"0":"post-31705","1":"product","2":"type-product","3":"status-publish","4":"has-post-thumbnail","6":"product_cat-suporte-braco-articulado","8":"first","9":"instock","10":"taxable","11":"shipping-taxable","12":"purchasable","13":"product-type-simple"},"acf":[],"_links":{"self":[{"href":"https:\/\/www.protec.com.br\/en\/wp-json\/wp\/v2\/product\/31705","targetHints":{"allow":["GET"]}}],"collection":[{"href":"https:\/\/www.protec.com.br\/en\/wp-json\/wp\/v2\/product"}],"about":[{"href":"https:\/\/www.protec.com.br\/en\/wp-json\/wp\/v2\/types\/product"}],"version-history":[{"count":2,"href":"https:\/\/www.protec.com.br\/en\/wp-json\/wp\/v2\/product\/31705\/revisions"}],"predecessor-version":[{"id":44007,"href":"https:\/\/www.protec.com.br\/en\/wp-json\/wp\/v2\/product\/31705\/revisions\/44007"}],"wp:featuredmedia":[{"embeddable":true,"href":"https:\/\/www.protec.com.br\/en\/wp-json\/wp\/v2\/media\/31707"}],"wp:attachment":[{"href":"https:\/\/www.protec.com.br\/en\/wp-json\/wp\/v2\/media?parent=31705"}],"wp:term":[{"taxonomy":"product_brand","embeddable":true,"href":"https:\/\/www.protec.com.br\/en\/wp-json\/wp\/v2\/product_brand?post=31705"},{"taxonomy":"product_cat","embeddable":true,"href":"https:\/\/www.protec.com.br\/en\/wp-json\/wp\/v2\/product_cat?post=31705"},{"taxonomy":"product_tag","embeddable":true,"href":"https:\/\/www.protec.com.br\/en\/wp-json\/wp\/v2\/product_tag?post=31705"}],"curies":[{"name":"wp","href":"https:\/\/api.w.org\/{rel}","templated":true}]}}