{"id":31688,"date":"2024-07-19T12:16:00","date_gmt":"2024-07-19T15:16:00","guid":{"rendered":"https:\/\/beta.alcinfotech.com.br\/?post_type=product&#038;p=31688"},"modified":"2026-02-12T11:24:56","modified_gmt":"2026-02-12T14:24:56","slug":"valvula-superior-baraka-unidirecional-2","status":"publish","type":"product","link":"https:\/\/www.protec.com.br\/en\/product\/valvula-superior-baraka-unidirecional-2\/","title":{"rendered":"V\u00c1LVULA UNIDIRECIONAL"},"content":{"rendered":"<p>A v\u00e1lvula unidirecional permite ventila\u00e7\u00e3o espont\u00e2nea ou controlada, manual ou mec\u00e2nica, com diafragma que impede a reinala\u00e7\u00e3o de gases. Por ser uma v\u00e1lvula unidirecional com resist\u00eancia expirat\u00f3ria, tem aplica\u00e7\u00e3o segura e eficaz em diversas manobras de abertura pulmonar (aumento da complac\u00eancia pulmonar e tor\u00e1cica).<\/p>\n<p>&nbsp;<\/p>\n<p><strong>RMS:<\/strong> 80435140001<\/p>","protected":false},"excerpt":{"rendered":"<p>A v\u00e1lvula unidirecional permite ventila\u00e7\u00e3o espont\u00e2nea ou controlada, manual ou mec\u00e2nica, com diafragma que impede a reinala\u00e7\u00e3o de gases. Por ser uma v\u00e1lvula unidirecional com resist\u00eancia expirat\u00f3ria, tem aplica\u00e7\u00e3o segura e eficaz em diversas manobras de abertura pulmonar (aumento da complac\u00eancia pulmonar e tor\u00e1cica).<\/p>\n<p>&nbsp;<\/p>\n<p><strong>RMS:<\/strong> 80435140001<\/p>","protected":false},"featured_media":33453,"template":"","meta":{"_acf_changed":false},"product_brand":[],"product_cat":[479],"product_tag":[],"class_list":{"0":"post-31688","1":"product","2":"type-product","3":"status-publish","4":"has-post-thumbnail","6":"product_cat-valvula-unidirecional","8":"first","9":"instock","10":"taxable","11":"shipping-taxable","12":"purchasable","13":"product-type-simple"},"acf":[],"_links":{"self":[{"href":"https:\/\/www.protec.com.br\/en\/wp-json\/wp\/v2\/product\/31688","targetHints":{"allow":["GET"]}}],"collection":[{"href":"https:\/\/www.protec.com.br\/en\/wp-json\/wp\/v2\/product"}],"about":[{"href":"https:\/\/www.protec.com.br\/en\/wp-json\/wp\/v2\/types\/product"}],"version-history":[{"count":1,"href":"https:\/\/www.protec.com.br\/en\/wp-json\/wp\/v2\/product\/31688\/revisions"}],"predecessor-version":[{"id":43728,"href":"https:\/\/www.protec.com.br\/en\/wp-json\/wp\/v2\/product\/31688\/revisions\/43728"}],"wp:featuredmedia":[{"embeddable":true,"href":"https:\/\/www.protec.com.br\/en\/wp-json\/wp\/v2\/media\/33453"}],"wp:attachment":[{"href":"https:\/\/www.protec.com.br\/en\/wp-json\/wp\/v2\/media?parent=31688"}],"wp:term":[{"taxonomy":"product_brand","embeddable":true,"href":"https:\/\/www.protec.com.br\/en\/wp-json\/wp\/v2\/product_brand?post=31688"},{"taxonomy":"product_cat","embeddable":true,"href":"https:\/\/www.protec.com.br\/en\/wp-json\/wp\/v2\/product_cat?post=31688"},{"taxonomy":"product_tag","embeddable":true,"href":"https:\/\/www.protec.com.br\/en\/wp-json\/wp\/v2\/product_tag?post=31688"}],"curies":[{"name":"wp","href":"https:\/\/api.w.org\/{rel}","templated":true}]}}