{"id":31687,"date":"2024-07-19T12:01:08","date_gmt":"2024-07-19T15:01:08","guid":{"rendered":"https:\/\/beta.alcinfotech.com.br\/?post_type=product&#038;p=31687"},"modified":"2026-02-13T11:28:27","modified_gmt":"2026-02-13T14:28:27","slug":"valvula-expiratoria-fechada-22mx22m","status":"publish","type":"product","link":"https:\/\/www.protec.com.br\/en\/product\/valvula-expiratoria-fechada-22mx22m\/","title":{"rendered":"V\u00c1LVULA EXPIRAT\u00d3RIA FECHADA"},"content":{"rendered":"<p>A v\u00e1lvula expirat\u00f3ria \u00e9 utilizada para fechar o circuito de sa\u00edda e abrir na sa\u00edda na expira\u00e7\u00e3o. A v\u00e1lvula permite que o g\u00e1s exalado pelo paciente saia para a atmosfera ou para outro circuito fechado.<\/p>\n<p><strong>RMS:<\/strong> 80435140050<\/p>","protected":false},"excerpt":{"rendered":"<p>A v\u00e1lvula expirat\u00f3ria \u00e9 utilizada para fechar o circuito de sa\u00edda e abrir na sa\u00edda na expira\u00e7\u00e3o. A v\u00e1lvula permite que o g\u00e1s exalado pelo paciente saia para a atmosfera ou para outro circuito fechado.<\/p>\n<p><strong>RMS:<\/strong> 80435140050<\/p>","protected":false},"featured_media":31701,"template":"","meta":{"_acf_changed":false},"product_brand":[],"product_cat":[478],"product_tag":[],"class_list":{"0":"post-31687","1":"product","2":"type-product","3":"status-publish","4":"has-post-thumbnail","6":"product_cat-valvula-expiratoria","8":"first","9":"instock","10":"taxable","11":"shipping-taxable","12":"purchasable","13":"product-type-simple"},"acf":[],"_links":{"self":[{"href":"https:\/\/www.protec.com.br\/en\/wp-json\/wp\/v2\/product\/31687","targetHints":{"allow":["GET"]}}],"collection":[{"href":"https:\/\/www.protec.com.br\/en\/wp-json\/wp\/v2\/product"}],"about":[{"href":"https:\/\/www.protec.com.br\/en\/wp-json\/wp\/v2\/types\/product"}],"version-history":[{"count":1,"href":"https:\/\/www.protec.com.br\/en\/wp-json\/wp\/v2\/product\/31687\/revisions"}],"predecessor-version":[{"id":42815,"href":"https:\/\/www.protec.com.br\/en\/wp-json\/wp\/v2\/product\/31687\/revisions\/42815"}],"wp:featuredmedia":[{"embeddable":true,"href":"https:\/\/www.protec.com.br\/en\/wp-json\/wp\/v2\/media\/31701"}],"wp:attachment":[{"href":"https:\/\/www.protec.com.br\/en\/wp-json\/wp\/v2\/media?parent=31687"}],"wp:term":[{"taxonomy":"product_brand","embeddable":true,"href":"https:\/\/www.protec.com.br\/en\/wp-json\/wp\/v2\/product_brand?post=31687"},{"taxonomy":"product_cat","embeddable":true,"href":"https:\/\/www.protec.com.br\/en\/wp-json\/wp\/v2\/product_cat?post=31687"},{"taxonomy":"product_tag","embeddable":true,"href":"https:\/\/www.protec.com.br\/en\/wp-json\/wp\/v2\/product_tag?post=31687"}],"curies":[{"name":"wp","href":"https:\/\/api.w.org\/{rel}","templated":true}]}}