{"id":31685,"date":"2024-07-19T11:56:16","date_gmt":"2024-07-19T14:56:16","guid":{"rendered":"https:\/\/beta.alcinfotech.com.br\/?post_type=product&#038;p=31685"},"modified":"2026-02-13T11:21:58","modified_gmt":"2026-02-13T14:21:58","slug":"valvula-expiratoria-saida-22mm","status":"publish","type":"product","link":"https:\/\/www.protec.com.br\/en\/product\/valvula-expiratoria-saida-22mm\/","title":{"rendered":"V\u00c1LVULA EXPIRAT\u00d3RIA COM SA\u00cdDA 22MM"},"content":{"rendered":"<p>A v\u00e1lvula expirat\u00f3ria \u00e9 utilizada para fechar o circuito de sa\u00edda e abrir na sa\u00edda na expira\u00e7\u00e3o. A v\u00e1lvula permite que o g\u00e1s exalado pelo paciente saia para a atmosfera ou para outro circuito fechado.<\/p>\n<p><strong>RMS:<\/strong> 80435140050<\/p>","protected":false},"excerpt":{"rendered":"<p>A v\u00e1lvula expirat\u00f3ria \u00e9 utilizada para fechar o circuito de sa\u00edda e abrir na sa\u00edda na expira\u00e7\u00e3o. A v\u00e1lvula permite que o g\u00e1s exalado pelo paciente saia para a atmosfera ou para outro circuito fechado.<\/p>\n<p><strong>RMS:<\/strong> 80435140050<\/p>","protected":false},"featured_media":34066,"template":"","meta":{"_acf_changed":false},"product_brand":[],"product_cat":[478],"product_tag":[],"class_list":{"0":"post-31685","1":"product","2":"type-product","3":"status-publish","4":"has-post-thumbnail","6":"product_cat-valvula-expiratoria","8":"first","9":"instock","10":"taxable","11":"shipping-taxable","12":"purchasable","13":"product-type-simple"},"acf":[],"_links":{"self":[{"href":"https:\/\/www.protec.com.br\/en\/wp-json\/wp\/v2\/product\/31685","targetHints":{"allow":["GET"]}}],"collection":[{"href":"https:\/\/www.protec.com.br\/en\/wp-json\/wp\/v2\/product"}],"about":[{"href":"https:\/\/www.protec.com.br\/en\/wp-json\/wp\/v2\/types\/product"}],"version-history":[{"count":1,"href":"https:\/\/www.protec.com.br\/en\/wp-json\/wp\/v2\/product\/31685\/revisions"}],"predecessor-version":[{"id":42813,"href":"https:\/\/www.protec.com.br\/en\/wp-json\/wp\/v2\/product\/31685\/revisions\/42813"}],"wp:featuredmedia":[{"embeddable":true,"href":"https:\/\/www.protec.com.br\/en\/wp-json\/wp\/v2\/media\/34066"}],"wp:attachment":[{"href":"https:\/\/www.protec.com.br\/en\/wp-json\/wp\/v2\/media?parent=31685"}],"wp:term":[{"taxonomy":"product_brand","embeddable":true,"href":"https:\/\/www.protec.com.br\/en\/wp-json\/wp\/v2\/product_brand?post=31685"},{"taxonomy":"product_cat","embeddable":true,"href":"https:\/\/www.protec.com.br\/en\/wp-json\/wp\/v2\/product_cat?post=31685"},{"taxonomy":"product_tag","embeddable":true,"href":"https:\/\/www.protec.com.br\/en\/wp-json\/wp\/v2\/product_tag?post=31685"}],"curies":[{"name":"wp","href":"https:\/\/api.w.org\/{rel}","templated":true}]}}