{"id":31660,"date":"2024-07-19T09:12:30","date_gmt":"2024-07-19T12:12:30","guid":{"rendered":"https:\/\/beta.alcinfotech.com.br\/?post_type=product&#038;p=31660"},"modified":"2026-02-13T16:24:17","modified_gmt":"2026-02-13T19:24:17","slug":"fixador-cefalico-tamenho-g","status":"publish","type":"product","link":"https:\/\/www.protec.com.br\/en\/product\/fixador-cefalico-tamenho-g\/","title":{"rendered":"FIXADOR CEF\u00c1LICO G"},"content":{"rendered":"<p>Fixador cef\u00e1lico confeccionado em silicone flex\u00edvel. Possui ajuste com perfura\u00e7\u00f5es nas extremidades regulagem do fixador junto \u00e0 cabe\u00e7a e a m\u00e1scara.<\/p>","protected":false},"excerpt":{"rendered":"<p>Fixador cef\u00e1lico confeccionado em silicone flex\u00edvel. Possui ajuste com perfura\u00e7\u00f5es nas extremidades regulagem do fixador junto \u00e0 cabe\u00e7a e a m\u00e1scara.<\/p>","protected":false},"featured_media":31661,"template":"","meta":{"_acf_changed":false},"product_brand":[],"product_cat":[475,323],"product_tag":[],"class_list":{"0":"post-31660","1":"product","2":"type-product","3":"status-publish","4":"has-post-thumbnail","6":"product_cat-fixador-cefalico","7":"product_cat-inaloterapia","9":"first","10":"instock","11":"taxable","12":"shipping-taxable","13":"purchasable","14":"product-type-simple"},"acf":[],"_links":{"self":[{"href":"https:\/\/www.protec.com.br\/en\/wp-json\/wp\/v2\/product\/31660","targetHints":{"allow":["GET"]}}],"collection":[{"href":"https:\/\/www.protec.com.br\/en\/wp-json\/wp\/v2\/product"}],"about":[{"href":"https:\/\/www.protec.com.br\/en\/wp-json\/wp\/v2\/types\/product"}],"version-history":[{"count":1,"href":"https:\/\/www.protec.com.br\/en\/wp-json\/wp\/v2\/product\/31660\/revisions"}],"predecessor-version":[{"id":41837,"href":"https:\/\/www.protec.com.br\/en\/wp-json\/wp\/v2\/product\/31660\/revisions\/41837"}],"wp:featuredmedia":[{"embeddable":true,"href":"https:\/\/www.protec.com.br\/en\/wp-json\/wp\/v2\/media\/31661"}],"wp:attachment":[{"href":"https:\/\/www.protec.com.br\/en\/wp-json\/wp\/v2\/media?parent=31660"}],"wp:term":[{"taxonomy":"product_brand","embeddable":true,"href":"https:\/\/www.protec.com.br\/en\/wp-json\/wp\/v2\/product_brand?post=31660"},{"taxonomy":"product_cat","embeddable":true,"href":"https:\/\/www.protec.com.br\/en\/wp-json\/wp\/v2\/product_cat?post=31660"},{"taxonomy":"product_tag","embeddable":true,"href":"https:\/\/www.protec.com.br\/en\/wp-json\/wp\/v2\/product_tag?post=31660"}],"curies":[{"name":"wp","href":"https:\/\/api.w.org\/{rel}","templated":true}]}}