{"id":31654,"date":"2024-07-19T09:09:19","date_gmt":"2024-07-19T12:09:19","guid":{"rendered":"https:\/\/beta.alcinfotech.com.br\/?post_type=product&#038;p=31654"},"modified":"2026-02-16T11:13:24","modified_gmt":"2026-02-16T14:13:24","slug":"fixador-cefalico-tamanho-m","status":"publish","type":"product","link":"https:\/\/www.protec.com.br\/en\/product\/fixador-cefalico-tamanho-m\/","title":{"rendered":"FIXADOR CEF\u00c1LICO M"},"content":{"rendered":"<p>Fixador cef\u00e1lico confeccionado em silicone flex\u00edvel. Possui ajuste com perfura\u00e7\u00f5es nas extremidades regulagem do fixador junto \u00e0 cabe\u00e7a e a m\u00e1scara.<\/p>","protected":false},"excerpt":{"rendered":"<p>Fixador cef\u00e1lico confeccionado em silicone flex\u00edvel. Possui ajuste com perfura\u00e7\u00f5es nas extremidades regulagem do fixador junto \u00e0 cabe\u00e7a e a m\u00e1scara.<\/p>","protected":false},"featured_media":31656,"template":"","meta":{"_acf_changed":false},"product_brand":[],"product_cat":[475,25],"product_tag":[],"class_list":{"0":"post-31654","1":"product","2":"type-product","3":"status-publish","4":"has-post-thumbnail","6":"product_cat-fixador-cefalico","7":"product_cat-menu-inaloterapia","9":"first","10":"instock","11":"taxable","12":"shipping-taxable","13":"purchasable","14":"product-type-simple"},"acf":[],"_links":{"self":[{"href":"https:\/\/www.protec.com.br\/en\/wp-json\/wp\/v2\/product\/31654","targetHints":{"allow":["GET"]}}],"collection":[{"href":"https:\/\/www.protec.com.br\/en\/wp-json\/wp\/v2\/product"}],"about":[{"href":"https:\/\/www.protec.com.br\/en\/wp-json\/wp\/v2\/types\/product"}],"version-history":[{"count":1,"href":"https:\/\/www.protec.com.br\/en\/wp-json\/wp\/v2\/product\/31654\/revisions"}],"predecessor-version":[{"id":41836,"href":"https:\/\/www.protec.com.br\/en\/wp-json\/wp\/v2\/product\/31654\/revisions\/41836"}],"wp:featuredmedia":[{"embeddable":true,"href":"https:\/\/www.protec.com.br\/en\/wp-json\/wp\/v2\/media\/31656"}],"wp:attachment":[{"href":"https:\/\/www.protec.com.br\/en\/wp-json\/wp\/v2\/media?parent=31654"}],"wp:term":[{"taxonomy":"product_brand","embeddable":true,"href":"https:\/\/www.protec.com.br\/en\/wp-json\/wp\/v2\/product_brand?post=31654"},{"taxonomy":"product_cat","embeddable":true,"href":"https:\/\/www.protec.com.br\/en\/wp-json\/wp\/v2\/product_cat?post=31654"},{"taxonomy":"product_tag","embeddable":true,"href":"https:\/\/www.protec.com.br\/en\/wp-json\/wp\/v2\/product_tag?post=31654"}],"curies":[{"name":"wp","href":"https:\/\/api.w.org\/{rel}","templated":true}]}}