{"id":31562,"date":"2024-07-18T11:14:23","date_gmt":"2024-07-18T14:14:23","guid":{"rendered":"https:\/\/beta.alcinfotech.com.br\/?post_type=product&#038;p=31562"},"modified":"2026-02-12T10:53:18","modified_gmt":"2026-02-12T13:53:18","slug":"valvula-reguladora-pressao-nitrogenio","status":"publish","type":"product","link":"https:\/\/www.protec.com.br\/en\/product\/valvula-reguladora-pressao-nitrogenio\/","title":{"rendered":"V\u00c1LVULA REGULADORA DE PRESS\u00c3O NITROGENIO"},"content":{"rendered":"<p>A\u00a0<strong>V\u00e1lvula Reguladora de Press\u00e3o para Rede de Gases,<\/strong> possui padroniza\u00e7\u00e3o ABNT, seu corpo e constru\u00eddo em lat\u00e3o cromado de alta resist\u00eancia, possui man\u00f4metro para indica\u00e7\u00e3o da press\u00e3o ajustada. O ajuste da press\u00e3o \u00e9 vari\u00e1vel e feito atrav\u00e9s do bot\u00e3o de regulagem de fluxo que pode variar de 0 a 11 kgf\/cm, possui press\u00e3o de entrada de at\u00e9 7kgf\/cm.<\/p>\n<p>As v\u00e1lvulas reguladoras de press\u00e3o est\u00e3o dispon\u00edveis e tr\u00eas op\u00e7\u00f5es de gases medicinais: Ar comprimido medicinal, Oxig\u00eanio medicinal e \u00d3xido nitroso.<\/p>","protected":false},"excerpt":{"rendered":"<p>As v\u00e1lvulas reguladoras de press\u00e3o para rede de gases possuem corpo constru\u00eddo em lat\u00e3o cromado de alta resist\u00eancia, man\u00f4metro para indica\u00e7\u00e3o da press\u00e3o ajustada e bot\u00e3o de regulagem da press\u00e3o. O ajuste da press\u00e3o \u00e9 vari\u00e1vel e feito atrav\u00e9s do bot\u00e3o de regulagem de fluxo que pode variar de 0 a 11 kgf\/cm.<\/p>\n<p><strong>RMS:<\/strong> 80435149003<\/p>","protected":false},"featured_media":36741,"template":"","meta":{"_acf_changed":false},"product_brand":[],"product_cat":[24,270],"product_tag":[507,506],"class_list":{"0":"post-31562","1":"product","2":"type-product","3":"status-publish","4":"has-post-thumbnail","6":"product_cat-menu-gasoterapia","7":"product_cat-valvula-reguladora-de-pressao-para-rede-de-gases","8":"product_tag-valvula-para-rede-de-gases","9":"product_tag-valvula-reguladora-de-pressao","11":"first","12":"instock","13":"taxable","14":"shipping-taxable","15":"purchasable","16":"product-type-simple"},"acf":[],"_links":{"self":[{"href":"https:\/\/www.protec.com.br\/en\/wp-json\/wp\/v2\/product\/31562","targetHints":{"allow":["GET"]}}],"collection":[{"href":"https:\/\/www.protec.com.br\/en\/wp-json\/wp\/v2\/product"}],"about":[{"href":"https:\/\/www.protec.com.br\/en\/wp-json\/wp\/v2\/types\/product"}],"version-history":[{"count":1,"href":"https:\/\/www.protec.com.br\/en\/wp-json\/wp\/v2\/product\/31562\/revisions"}],"predecessor-version":[{"id":42648,"href":"https:\/\/www.protec.com.br\/en\/wp-json\/wp\/v2\/product\/31562\/revisions\/42648"}],"wp:featuredmedia":[{"embeddable":true,"href":"https:\/\/www.protec.com.br\/en\/wp-json\/wp\/v2\/media\/36741"}],"wp:attachment":[{"href":"https:\/\/www.protec.com.br\/en\/wp-json\/wp\/v2\/media?parent=31562"}],"wp:term":[{"taxonomy":"product_brand","embeddable":true,"href":"https:\/\/www.protec.com.br\/en\/wp-json\/wp\/v2\/product_brand?post=31562"},{"taxonomy":"product_cat","embeddable":true,"href":"https:\/\/www.protec.com.br\/en\/wp-json\/wp\/v2\/product_cat?post=31562"},{"taxonomy":"product_tag","embeddable":true,"href":"https:\/\/www.protec.com.br\/en\/wp-json\/wp\/v2\/product_tag?post=31562"}],"curies":[{"name":"wp","href":"https:\/\/api.w.org\/{rel}","templated":true}]}}