{"id":31540,"date":"2024-07-18T08:51:53","date_gmt":"2024-07-18T11:51:53","guid":{"rendered":"https:\/\/beta.alcinfotech.com.br\/?post_type=product&#038;p=31540"},"modified":"2026-02-13T14:05:10","modified_gmt":"2026-02-13T17:05:10","slug":"extensao-trancado-300m-vacuo","status":"publish","type":"product","link":"https:\/\/www.protec.com.br\/en\/product\/extensao-trancado-300m-vacuo\/","title":{"rendered":"EXTENS\u00c3O TRAN\u00c7ADO 3,00M V\u00c1CUO"},"content":{"rendered":"<p>Extens\u00e3o ou Mangueira para gases s\u00e3o utilizadas para auxiliar na distribui\u00e7\u00e3o de gases medicinais a partir da rede ou v\u00e1lvulas instaladas em cilindros de gases medicinais.<\/p>\n<p><strong>RMS<\/strong>: 80435140014<\/p>\n<p>&nbsp;<\/p>","protected":false},"excerpt":{"rendered":"<p>Extens\u00e3o ou Mangueira para gases s\u00e3o utilizadas para auxiliar na distribui\u00e7\u00e3o de gases medicinais a partir da rede ou v\u00e1lvulas instaladas em cilindros de gases medicinais.<\/p>\n<p><strong>RMS<\/strong>: 80435140014<\/p>\n<p>&nbsp;<\/p>","protected":false},"featured_media":31541,"template":"","meta":{"_acf_changed":false},"product_brand":[],"product_cat":[248,24],"product_tag":[172,512],"class_list":{"0":"post-31540","1":"product","2":"type-product","3":"status-publish","4":"has-post-thumbnail","6":"product_cat-extensao-em-nylon-trancado","7":"product_cat-menu-gasoterapia","8":"product_tag-extensao","9":"product_tag-vacuo","11":"first","12":"instock","13":"taxable","14":"shipping-taxable","15":"purchasable","16":"product-type-simple"},"acf":[],"_links":{"self":[{"href":"https:\/\/www.protec.com.br\/en\/wp-json\/wp\/v2\/product\/31540","targetHints":{"allow":["GET"]}}],"collection":[{"href":"https:\/\/www.protec.com.br\/en\/wp-json\/wp\/v2\/product"}],"about":[{"href":"https:\/\/www.protec.com.br\/en\/wp-json\/wp\/v2\/types\/product"}],"version-history":[{"count":1,"href":"https:\/\/www.protec.com.br\/en\/wp-json\/wp\/v2\/product\/31540\/revisions"}],"predecessor-version":[{"id":41829,"href":"https:\/\/www.protec.com.br\/en\/wp-json\/wp\/v2\/product\/31540\/revisions\/41829"}],"wp:featuredmedia":[{"embeddable":true,"href":"https:\/\/www.protec.com.br\/en\/wp-json\/wp\/v2\/media\/31541"}],"wp:attachment":[{"href":"https:\/\/www.protec.com.br\/en\/wp-json\/wp\/v2\/media?parent=31540"}],"wp:term":[{"taxonomy":"product_brand","embeddable":true,"href":"https:\/\/www.protec.com.br\/en\/wp-json\/wp\/v2\/product_brand?post=31540"},{"taxonomy":"product_cat","embeddable":true,"href":"https:\/\/www.protec.com.br\/en\/wp-json\/wp\/v2\/product_cat?post=31540"},{"taxonomy":"product_tag","embeddable":true,"href":"https:\/\/www.protec.com.br\/en\/wp-json\/wp\/v2\/product_tag?post=31540"}],"curies":[{"name":"wp","href":"https:\/\/api.w.org\/{rel}","templated":true}]}}