{"id":31538,"date":"2024-07-18T08:44:17","date_gmt":"2024-07-18T11:44:17","guid":{"rendered":"https:\/\/beta.alcinfotech.com.br\/?post_type=product&#038;p=31538"},"modified":"2026-02-13T14:09:27","modified_gmt":"2026-02-13T17:09:27","slug":"extensao-trancado-500m-n2o","status":"publish","type":"product","link":"https:\/\/www.protec.com.br\/en\/product\/extensao-trancado-500m-n2o\/","title":{"rendered":"EXTENS\u00c3O TRAN\u00c7ADO 5,00M N2O"},"content":{"rendered":"<p>Extens\u00e3o ou Mangueira para gases s\u00e3o utilizadas para auxiliar na distribui\u00e7\u00e3o de gases medicinais a partir da rede ou v\u00e1lvulas instaladas em cilindros de gases medicinais.<\/p>\n<p><strong>RMS<\/strong>: 80435140014<\/p>\n<p>&nbsp;<\/p>","protected":false},"excerpt":{"rendered":"<p>Extens\u00e3o ou Mangueira para gases s\u00e3o utilizadas para auxiliar na distribui\u00e7\u00e3o de gases medicinais a partir da rede ou v\u00e1lvulas instaladas em cilindros de gases medicinais.<\/p>\n<p><strong>RMS<\/strong>: 80435140014<\/p>\n<p>&nbsp;<\/p>","protected":false},"featured_media":31539,"template":"","meta":{"_acf_changed":false},"product_brand":[],"product_cat":[248],"product_tag":[172,519],"class_list":{"0":"post-31538","1":"product","2":"type-product","3":"status-publish","4":"has-post-thumbnail","6":"product_cat-extensao-em-nylon-trancado","7":"product_tag-extensao","8":"product_tag-n20","10":"first","11":"instock","12":"taxable","13":"shipping-taxable","14":"purchasable","15":"product-type-simple"},"acf":[],"_links":{"self":[{"href":"https:\/\/www.protec.com.br\/en\/wp-json\/wp\/v2\/product\/31538","targetHints":{"allow":["GET"]}}],"collection":[{"href":"https:\/\/www.protec.com.br\/en\/wp-json\/wp\/v2\/product"}],"about":[{"href":"https:\/\/www.protec.com.br\/en\/wp-json\/wp\/v2\/types\/product"}],"version-history":[{"count":1,"href":"https:\/\/www.protec.com.br\/en\/wp-json\/wp\/v2\/product\/31538\/revisions"}],"predecessor-version":[{"id":41834,"href":"https:\/\/www.protec.com.br\/en\/wp-json\/wp\/v2\/product\/31538\/revisions\/41834"}],"wp:featuredmedia":[{"embeddable":true,"href":"https:\/\/www.protec.com.br\/en\/wp-json\/wp\/v2\/media\/31539"}],"wp:attachment":[{"href":"https:\/\/www.protec.com.br\/en\/wp-json\/wp\/v2\/media?parent=31538"}],"wp:term":[{"taxonomy":"product_brand","embeddable":true,"href":"https:\/\/www.protec.com.br\/en\/wp-json\/wp\/v2\/product_brand?post=31538"},{"taxonomy":"product_cat","embeddable":true,"href":"https:\/\/www.protec.com.br\/en\/wp-json\/wp\/v2\/product_cat?post=31538"},{"taxonomy":"product_tag","embeddable":true,"href":"https:\/\/www.protec.com.br\/en\/wp-json\/wp\/v2\/product_tag?post=31538"}],"curies":[{"name":"wp","href":"https:\/\/api.w.org\/{rel}","templated":true}]}}