{"id":31533,"date":"2024-07-17T17:48:04","date_gmt":"2024-07-17T20:48:04","guid":{"rendered":"https:\/\/beta.alcinfotech.com.br\/?post_type=product&#038;p=31533"},"modified":"2026-02-13T11:57:51","modified_gmt":"2026-02-13T14:57:51","slug":"kit-2-pecas-cabo-forca-universal-preto-25m","status":"publish","type":"product","link":"https:\/\/www.protec.com.br\/en\/product\/kit-2-pecas-cabo-forca-universal-preto-25m\/","title":{"rendered":"KIT 2 PE\u00c7AS CABO FOR\u00c7A UNIVERSAL"},"content":{"rendered":"<p>KIT 2 PE\u00c7AS CABO FOR\u00c7A UNIVERSAL PRETO 2,5M<\/p>","protected":false},"excerpt":{"rendered":"<p>KIT 2 PE\u00c7AS CABO FOR\u00c7A UNIVERSAL PRETO 2,5M<\/p>","protected":false},"featured_media":0,"template":"","meta":{"_acf_changed":false},"product_brand":[],"product_cat":[221],"product_tag":[],"class_list":{"0":"post-31533","1":"product","2":"type-product","3":"status-publish","5":"product_cat-kits-de-reposicao-aspiradores-cirurgicos","7":"first","8":"instock","9":"taxable","10":"shipping-taxable","11":"purchasable","12":"product-type-simple"},"acf":[],"_links":{"self":[{"href":"https:\/\/www.protec.com.br\/en\/wp-json\/wp\/v2\/product\/31533","targetHints":{"allow":["GET"]}}],"collection":[{"href":"https:\/\/www.protec.com.br\/en\/wp-json\/wp\/v2\/product"}],"about":[{"href":"https:\/\/www.protec.com.br\/en\/wp-json\/wp\/v2\/types\/product"}],"version-history":[{"count":2,"href":"https:\/\/www.protec.com.br\/en\/wp-json\/wp\/v2\/product\/31533\/revisions"}],"predecessor-version":[{"id":43817,"href":"https:\/\/www.protec.com.br\/en\/wp-json\/wp\/v2\/product\/31533\/revisions\/43817"}],"wp:attachment":[{"href":"https:\/\/www.protec.com.br\/en\/wp-json\/wp\/v2\/media?parent=31533"}],"wp:term":[{"taxonomy":"product_brand","embeddable":true,"href":"https:\/\/www.protec.com.br\/en\/wp-json\/wp\/v2\/product_brand?post=31533"},{"taxonomy":"product_cat","embeddable":true,"href":"https:\/\/www.protec.com.br\/en\/wp-json\/wp\/v2\/product_cat?post=31533"},{"taxonomy":"product_tag","embeddable":true,"href":"https:\/\/www.protec.com.br\/en\/wp-json\/wp\/v2\/product_tag?post=31533"}],"curies":[{"name":"wp","href":"https:\/\/api.w.org\/{rel}","templated":true}]}}