{"id":31436,"date":"2024-07-16T16:13:26","date_gmt":"2024-07-16T19:13:26","guid":{"rendered":"https:\/\/beta.alcinfotech.com.br\/?post_type=product&#038;p=31436"},"modified":"2026-02-13T13:26:45","modified_gmt":"2026-02-13T16:26:45","slug":"conector-reto-psu-aut-134-22mx15f","status":"publish","type":"product","link":"https:\/\/www.protec.com.br\/en\/product\/conector-reto-psu-aut-134-22mx15f\/","title":{"rendered":"CONECTOR RETO PSU 22MX15F AUTOCLAV\u00c1VEL 134\u00b0"},"content":{"rendered":"<p>O conector reto \u00e9 utilizado no circuito \u00e9 utilizado respirat\u00f3rio quando h\u00e1 necessidade de adapta\u00e7\u00e3o do circuito respirat\u00f3rio \u00e0 entrada de outros recursos.<\/p>\n<p><strong>CONECTOR RETO PSU 22MX15F AUTOCLAV\u00c1VEL 134\u00b0<\/strong><\/p>\n<p><strong>RMS: 80435140044 (PSU)<\/strong><\/p>","protected":false},"excerpt":{"rendered":"<p>O conector reto \u00e9 utilizado no circuito \u00e9 utilizado respirat\u00f3rio quando h\u00e1 necessidade de adapta\u00e7\u00e3o do circuito respirat\u00f3rio \u00e0 entrada de outros recursos.<\/p>\n<p><strong>CONECTOR RETO PSU 22MX15F AUTOCLAV\u00c1VEL 134\u00b0<\/strong><\/p>\n<p><strong>RMS: 80435140044 (PSU)<\/strong><\/p>","protected":false},"featured_media":31437,"template":"","meta":{"_acf_changed":false},"product_brand":[],"product_cat":[21,466],"product_tag":[],"class_list":{"0":"post-31436","1":"product","2":"type-product","3":"status-publish","4":"has-post-thumbnail","6":"product_cat-menu-anestesia","7":"product_cat-conectores-retos-luer-macho-luer-femea","9":"first","10":"instock","11":"taxable","12":"shipping-taxable","13":"purchasable","14":"product-type-simple"},"acf":[],"_links":{"self":[{"href":"https:\/\/www.protec.com.br\/en\/wp-json\/wp\/v2\/product\/31436","targetHints":{"allow":["GET"]}}],"collection":[{"href":"https:\/\/www.protec.com.br\/en\/wp-json\/wp\/v2\/product"}],"about":[{"href":"https:\/\/www.protec.com.br\/en\/wp-json\/wp\/v2\/types\/product"}],"version-history":[{"count":1,"href":"https:\/\/www.protec.com.br\/en\/wp-json\/wp\/v2\/product\/31436\/revisions"}],"predecessor-version":[{"id":41999,"href":"https:\/\/www.protec.com.br\/en\/wp-json\/wp\/v2\/product\/31436\/revisions\/41999"}],"wp:featuredmedia":[{"embeddable":true,"href":"https:\/\/www.protec.com.br\/en\/wp-json\/wp\/v2\/media\/31437"}],"wp:attachment":[{"href":"https:\/\/www.protec.com.br\/en\/wp-json\/wp\/v2\/media?parent=31436"}],"wp:term":[{"taxonomy":"product_brand","embeddable":true,"href":"https:\/\/www.protec.com.br\/en\/wp-json\/wp\/v2\/product_brand?post=31436"},{"taxonomy":"product_cat","embeddable":true,"href":"https:\/\/www.protec.com.br\/en\/wp-json\/wp\/v2\/product_cat?post=31436"},{"taxonomy":"product_tag","embeddable":true,"href":"https:\/\/www.protec.com.br\/en\/wp-json\/wp\/v2\/product_tag?post=31436"}],"curies":[{"name":"wp","href":"https:\/\/api.w.org\/{rel}","templated":true}]}}