{"id":31426,"date":"2024-07-16T15:24:35","date_gmt":"2024-07-16T18:24:35","guid":{"rendered":"https:\/\/beta.alcinfotech.com.br\/?post_type=product&#038;p=31426"},"modified":"2026-02-13T11:08:31","modified_gmt":"2026-02-13T14:08:31","slug":"conector-t-aires-psu-15mx15fx22m-aut-134","status":"publish","type":"product","link":"https:\/\/www.protec.com.br\/en\/product\/conector-t-aires-psu-15mx15fx22m-aut-134\/","title":{"rendered":"CONECTOR T AIRES PSU 15MX15FX22M AUTOCLAV\u00c1VEL 134\u00b0"},"content":{"rendered":"<p>O conector T de Aires \u00e9 indicado para uso na conex\u00e3o de traqueias usadas em circuitos respirat\u00f3rios ou de aplica\u00e7\u00e3o de g\u00e1s com objetivo de evitar a perda do g\u00e1s durante o procedimento m\u00e9dico hospitalar. Tamb\u00e9m utilizado em circuitos de anestesia Baraka. conhecido por duplo T por conta da presen\u00e7a de dois conectores T de Aires.<\/p>\n<p><strong>CONECTOR T AIRES PSU 15MX15FX22M AUTOCLAV\u00c1VEL 134\u00b0<\/strong><\/p>\n<p><strong>RMS: 80435140044 (PSU)<\/strong><\/p>","protected":false},"excerpt":{"rendered":"<p>O conector T de Aires \u00e9 indicado para uso na conex\u00e3o de traqueias usadas em circuitos respirat\u00f3rios ou de aplica\u00e7\u00e3o de g\u00e1s com objetivo de evitar a perda do g\u00e1s durante o procedimento m\u00e9dico hospitalar. Tamb\u00e9m utilizado em circuitos de anestesia Baraka. conhecido por duplo T por conta da presen\u00e7a de dois conectores T de Aires.<\/p>\n<p><strong>CONECTOR T AIRES PSU 15MX15FX22M AUTOCLAV\u00c1VEL 134\u00b0<\/strong><\/p>\n<p><strong>RMS: 80435140044 (PSU)<\/strong><\/p>","protected":false},"featured_media":32503,"template":"","meta":{"_acf_changed":false},"product_brand":[],"product_cat":[21,279],"product_tag":[],"class_list":{"0":"post-31426","1":"product","2":"type-product","3":"status-publish","4":"has-post-thumbnail","6":"product_cat-menu-anestesia","7":"product_cat-conectores-t-de-aires","9":"first","10":"instock","11":"taxable","12":"shipping-taxable","13":"purchasable","14":"product-type-simple"},"acf":[],"_links":{"self":[{"href":"https:\/\/www.protec.com.br\/en\/wp-json\/wp\/v2\/product\/31426","targetHints":{"allow":["GET"]}}],"collection":[{"href":"https:\/\/www.protec.com.br\/en\/wp-json\/wp\/v2\/product"}],"about":[{"href":"https:\/\/www.protec.com.br\/en\/wp-json\/wp\/v2\/types\/product"}],"version-history":[{"count":1,"href":"https:\/\/www.protec.com.br\/en\/wp-json\/wp\/v2\/product\/31426\/revisions"}],"predecessor-version":[{"id":41770,"href":"https:\/\/www.protec.com.br\/en\/wp-json\/wp\/v2\/product\/31426\/revisions\/41770"}],"wp:featuredmedia":[{"embeddable":true,"href":"https:\/\/www.protec.com.br\/en\/wp-json\/wp\/v2\/media\/32503"}],"wp:attachment":[{"href":"https:\/\/www.protec.com.br\/en\/wp-json\/wp\/v2\/media?parent=31426"}],"wp:term":[{"taxonomy":"product_brand","embeddable":true,"href":"https:\/\/www.protec.com.br\/en\/wp-json\/wp\/v2\/product_brand?post=31426"},{"taxonomy":"product_cat","embeddable":true,"href":"https:\/\/www.protec.com.br\/en\/wp-json\/wp\/v2\/product_cat?post=31426"},{"taxonomy":"product_tag","embeddable":true,"href":"https:\/\/www.protec.com.br\/en\/wp-json\/wp\/v2\/product_tag?post=31426"}],"curies":[{"name":"wp","href":"https:\/\/api.w.org\/{rel}","templated":true}]}}