{"id":31420,"date":"2024-07-16T14:50:39","date_gmt":"2024-07-16T17:50:39","guid":{"rendered":"https:\/\/beta.alcinfotech.com.br\/?post_type=product&#038;p=31420"},"modified":"2026-02-13T16:36:56","modified_gmt":"2026-02-13T19:36:56","slug":"conector-t-psu-22mx22mx22f","status":"publish","type":"product","link":"https:\/\/www.protec.com.br\/en\/product\/conector-t-psu-22mx22mx22f\/","title":{"rendered":"CONECTOR T ADULTO PSU 22MX22MX22F AUTOCLAV\u00c1VEL 134\u00b0"},"content":{"rendered":"<p>O conector\u00a0 em T \u00e9 utilizado no circuito respirat\u00f3rio de ventila\u00e7\u00e3o mec\u00e2nica, quando h\u00e1 necessidade de adapta\u00e7\u00e3o de outros recursos \u00e0 entrada das traqueias.<\/p>\n<p><strong>CONECTOR T ADULTO PSU 22MX22MX22F AUTOCLAV\u00c1VEL 134\u00b0<\/strong><\/p>\n<p><strong>RMS: 80435140044 (PSU)<\/strong><\/p>","protected":false},"excerpt":{"rendered":"<p>O conector\u00a0 em T \u00e9 utilizado no circuito respirat\u00f3rio de ventila\u00e7\u00e3o mec\u00e2nica, quando h\u00e1 necessidade de adapta\u00e7\u00e3o de outros recursos \u00e0 entrada das traqueias.<\/p>\n<p><strong>CONECTOR T ADULTO PSU 22MX22MX22F AUTOCLAV\u00c1VEL 134\u00b0<\/strong><\/p>\n<p><strong>RMS: 80435140044 (PSU)<\/strong><\/p>","protected":false},"featured_media":31421,"template":"","meta":{"_acf_changed":false},"product_brand":[],"product_cat":[21,278],"product_tag":[],"class_list":{"0":"post-31420","1":"product","2":"type-product","3":"status-publish","4":"has-post-thumbnail","6":"product_cat-menu-anestesia","7":"product_cat-conectores-t","9":"first","10":"instock","11":"taxable","12":"shipping-taxable","13":"purchasable","14":"product-type-simple"},"acf":[],"_links":{"self":[{"href":"https:\/\/www.protec.com.br\/en\/wp-json\/wp\/v2\/product\/31420","targetHints":{"allow":["GET"]}}],"collection":[{"href":"https:\/\/www.protec.com.br\/en\/wp-json\/wp\/v2\/product"}],"about":[{"href":"https:\/\/www.protec.com.br\/en\/wp-json\/wp\/v2\/types\/product"}],"version-history":[{"count":1,"href":"https:\/\/www.protec.com.br\/en\/wp-json\/wp\/v2\/product\/31420\/revisions"}],"predecessor-version":[{"id":41766,"href":"https:\/\/www.protec.com.br\/en\/wp-json\/wp\/v2\/product\/31420\/revisions\/41766"}],"wp:featuredmedia":[{"embeddable":true,"href":"https:\/\/www.protec.com.br\/en\/wp-json\/wp\/v2\/media\/31421"}],"wp:attachment":[{"href":"https:\/\/www.protec.com.br\/en\/wp-json\/wp\/v2\/media?parent=31420"}],"wp:term":[{"taxonomy":"product_brand","embeddable":true,"href":"https:\/\/www.protec.com.br\/en\/wp-json\/wp\/v2\/product_brand?post=31420"},{"taxonomy":"product_cat","embeddable":true,"href":"https:\/\/www.protec.com.br\/en\/wp-json\/wp\/v2\/product_cat?post=31420"},{"taxonomy":"product_tag","embeddable":true,"href":"https:\/\/www.protec.com.br\/en\/wp-json\/wp\/v2\/product_tag?post=31420"}],"curies":[{"name":"wp","href":"https:\/\/api.w.org\/{rel}","templated":true}]}}