{"id":31411,"date":"2024-07-16T12:56:13","date_gmt":"2024-07-16T15:56:13","guid":{"rendered":"https:\/\/beta.alcinfotech.com.br\/?post_type=product&#038;p=31411"},"modified":"2026-02-13T16:39:36","modified_gmt":"2026-02-13T19:39:36","slug":"conector-cotovelo-90-pc-22mx15fx22m","status":"publish","type":"product","link":"https:\/\/www.protec.com.br\/en\/product\/conector-cotovelo-90-pc-22mx15fx22m\/","title":{"rendered":"CONECTOR COTOVELO 90\u00b0 PSU"},"content":{"rendered":"<p>O conector em 90\u00b0 tamb\u00e9m \u00e9 conhecido como conector cotovelo ou conector em &#8220;L&#8221;, realiza a liga\u00e7\u00e3o entre a c\u00e2nula de traqueostomia e o espa\u00e7o morto (cateter mount), para proporcionar mais conforto ao paciente.<\/p>\n<p><strong>CONECTOR COTOVELO 90\u00b0 PSU 22MX15FX22M AUTOCLAV\u00c1VEL 134\u00b0<\/strong><\/p>\n<p><strong>RMS: 80435140044 (PSU)<\/strong><\/p>","protected":false},"excerpt":{"rendered":"<p>O conector em 90\u00b0 tamb\u00e9m \u00e9 conhecido como conector cotovelo ou conector em &#8220;L&#8221;, realiza a liga\u00e7\u00e3o entre a c\u00e2nula de traqueostomia e o espa\u00e7o morto (cateter mount), para proporcionar mais conforto ao paciente.<\/p>\n<p><strong>CONECTOR COTOVELO 90\u00b0 PSU 22MX15FX22M AUTOCLAV\u00c1VEL 134\u00b0<\/strong><\/p>\n<p><strong>RMS: 80435140044 (PSU)<\/strong><\/p>","protected":false},"featured_media":31413,"template":"","meta":{"_acf_changed":false},"product_brand":[],"product_cat":[21,277],"product_tag":[],"class_list":{"0":"post-31411","1":"product","2":"type-product","3":"status-publish","4":"has-post-thumbnail","6":"product_cat-menu-anestesia","7":"product_cat-conectores-cotovelo","9":"first","10":"instock","11":"taxable","12":"shipping-taxable","13":"purchasable","14":"product-type-simple"},"acf":[],"_links":{"self":[{"href":"https:\/\/www.protec.com.br\/en\/wp-json\/wp\/v2\/product\/31411","targetHints":{"allow":["GET"]}}],"collection":[{"href":"https:\/\/www.protec.com.br\/en\/wp-json\/wp\/v2\/product"}],"about":[{"href":"https:\/\/www.protec.com.br\/en\/wp-json\/wp\/v2\/types\/product"}],"version-history":[{"count":1,"href":"https:\/\/www.protec.com.br\/en\/wp-json\/wp\/v2\/product\/31411\/revisions"}],"predecessor-version":[{"id":41747,"href":"https:\/\/www.protec.com.br\/en\/wp-json\/wp\/v2\/product\/31411\/revisions\/41747"}],"wp:featuredmedia":[{"embeddable":true,"href":"https:\/\/www.protec.com.br\/en\/wp-json\/wp\/v2\/media\/31413"}],"wp:attachment":[{"href":"https:\/\/www.protec.com.br\/en\/wp-json\/wp\/v2\/media?parent=31411"}],"wp:term":[{"taxonomy":"product_brand","embeddable":true,"href":"https:\/\/www.protec.com.br\/en\/wp-json\/wp\/v2\/product_brand?post=31411"},{"taxonomy":"product_cat","embeddable":true,"href":"https:\/\/www.protec.com.br\/en\/wp-json\/wp\/v2\/product_cat?post=31411"},{"taxonomy":"product_tag","embeddable":true,"href":"https:\/\/www.protec.com.br\/en\/wp-json\/wp\/v2\/product_tag?post=31411"}],"curies":[{"name":"wp","href":"https:\/\/api.w.org\/{rel}","templated":true}]}}