{"id":31408,"date":"2024-07-16T12:32:14","date_gmt":"2024-07-16T15:32:14","guid":{"rendered":"https:\/\/beta.alcinfotech.com.br\/?post_type=product&#038;p=31408"},"modified":"2026-02-13T15:23:36","modified_gmt":"2026-02-13T18:23:36","slug":"conector-y-90-com-inserto-lf-psu-22mx15f-aut-134","status":"publish","type":"product","link":"https:\/\/www.protec.com.br\/en\/product\/conector-y-90-com-inserto-lf-psu-22mx15f-aut-134\/","title":{"rendered":"CONECTOR Y 90\u00b0 COM INSERTO LF PSU"},"content":{"rendered":"<div class=\"container\">\n<div class=\"row\">\n<div class=\"col-md-12\">\n<p>O conector Y \u00e9 utilizado como intermedi\u00e1rio em circuitos respirat\u00f3rios de ramo duplo para realizar a conex\u00e3o entre as traqueias e a c\u00e2nula de traqueostomia, filtro HMEF ou cateter mount de acordo com as especifica\u00e7\u00e3o do circuito.<\/p>\n<p class=\"lead\"><strong>CONECTOR Y 90\u00b0 COM INSERTO LF PSU 22MX15F AUTOCLAV\u00c1VEL 134\u00b0<\/strong><\/p>\n<\/div>\n<p><strong>RMS: 80435140044 (PSU)<\/strong><\/p>\n<\/div>\n<\/div>","protected":false},"excerpt":{"rendered":"<div class=\"col-md-12\">\n<p>O conector Y \u00e9 utilizado como intermedi\u00e1rio em circuitos respirat\u00f3rios de ramo duplo para realizar a conex\u00e3o entre as traqueias e a c\u00e2nula de traqueostomia, filtro HMEF ou cateter mount de acordo com as especifica\u00e7\u00e3o do circuito.<\/p>\n<p class=\"lead\"><strong>CONECTOR Y 90\u00b0 COM INSERTO LF PSU 22MX15F AUTOCLAV\u00c1VEL 134\u00b0<\/strong><\/p>\n<\/div>\n<p><strong>RMS: 80435140044 (PSU)<\/strong><\/p>","protected":false},"featured_media":31409,"template":"","meta":{"_acf_changed":false},"product_brand":[],"product_cat":[21,276],"product_tag":[],"class_list":{"0":"post-31408","1":"product","2":"type-product","3":"status-publish","4":"has-post-thumbnail","6":"product_cat-menu-anestesia","7":"product_cat-conectores-y","9":"first","10":"instock","11":"taxable","12":"shipping-taxable","13":"purchasable","14":"product-type-simple"},"acf":[],"_links":{"self":[{"href":"https:\/\/www.protec.com.br\/en\/wp-json\/wp\/v2\/product\/31408","targetHints":{"allow":["GET"]}}],"collection":[{"href":"https:\/\/www.protec.com.br\/en\/wp-json\/wp\/v2\/product"}],"about":[{"href":"https:\/\/www.protec.com.br\/en\/wp-json\/wp\/v2\/types\/product"}],"version-history":[{"count":2,"href":"https:\/\/www.protec.com.br\/en\/wp-json\/wp\/v2\/product\/31408\/revisions"}],"predecessor-version":[{"id":41993,"href":"https:\/\/www.protec.com.br\/en\/wp-json\/wp\/v2\/product\/31408\/revisions\/41993"}],"wp:featuredmedia":[{"embeddable":true,"href":"https:\/\/www.protec.com.br\/en\/wp-json\/wp\/v2\/media\/31409"}],"wp:attachment":[{"href":"https:\/\/www.protec.com.br\/en\/wp-json\/wp\/v2\/media?parent=31408"}],"wp:term":[{"taxonomy":"product_brand","embeddable":true,"href":"https:\/\/www.protec.com.br\/en\/wp-json\/wp\/v2\/product_brand?post=31408"},{"taxonomy":"product_cat","embeddable":true,"href":"https:\/\/www.protec.com.br\/en\/wp-json\/wp\/v2\/product_cat?post=31408"},{"taxonomy":"product_tag","embeddable":true,"href":"https:\/\/www.protec.com.br\/en\/wp-json\/wp\/v2\/product_tag?post=31408"}],"curies":[{"name":"wp","href":"https:\/\/api.w.org\/{rel}","templated":true}]}}