{"id":31403,"date":"2024-07-16T12:25:07","date_gmt":"2024-07-16T15:25:07","guid":{"rendered":"https:\/\/beta.alcinfotech.com.br\/?post_type=product&#038;p=31403"},"modified":"2026-02-13T12:57:49","modified_gmt":"2026-02-13T15:57:49","slug":"conector-y-psu-22mx15f-aut-134","status":"publish","type":"product","link":"https:\/\/www.protec.com.br\/en\/product\/conector-y-psu-22mx15f-aut-134\/","title":{"rendered":"CONECTOR Y PSU 22MX15F AUTOCLAV\u00c1VEL 134\u00b0"},"content":{"rendered":"<div class=\"col-md-12\">\n<p>O conector Y \u00e9 utilizado como intermedi\u00e1rio em circuitos respirat\u00f3rios de ramo duplo para realizar a conex\u00e3o entre as traqueias e a c\u00e2nula de traqueostomia, filtro HMEF ou cateter mount de acordo com as especifica\u00e7\u00e3o do circuito.<\/p>\n<p class=\"lead\"><strong>CONECTOR Y PSU 22MX15F AUTOCLAV\u00c1VEL 134\u00b0<\/strong><\/p>\n<\/div>\n<p><strong>RMS: 80435140044 (PSU)<\/strong><\/p>","protected":false},"excerpt":{"rendered":"<div class=\"col-md-12\">\n<p>O conector Y \u00e9 utilizado como intermedi\u00e1rio em circuitos respirat\u00f3rios de ramo duplo para realizar a conex\u00e3o entre as traqueias e a c\u00e2nula de traqueostomia, filtro HMEF ou cateter mount de acordo com as especifica\u00e7\u00e3o do circuito.<\/p>\n<p class=\"lead\"><strong>CONECTOR Y PSU 22MX15F AUTOCLAV\u00c1VEL 134\u00b0<\/strong><\/p>\n<\/div>\n<p><strong>RMS: 80435140044 (PSU)<\/strong><\/p>","protected":false},"featured_media":31407,"template":"","meta":{"_acf_changed":false},"product_brand":[],"product_cat":[21,276],"product_tag":[],"class_list":{"0":"post-31403","1":"product","2":"type-product","3":"status-publish","4":"has-post-thumbnail","6":"product_cat-menu-anestesia","7":"product_cat-conectores-y","9":"first","10":"instock","11":"taxable","12":"shipping-taxable","13":"purchasable","14":"product-type-simple"},"acf":[],"_links":{"self":[{"href":"https:\/\/www.protec.com.br\/en\/wp-json\/wp\/v2\/product\/31403","targetHints":{"allow":["GET"]}}],"collection":[{"href":"https:\/\/www.protec.com.br\/en\/wp-json\/wp\/v2\/product"}],"about":[{"href":"https:\/\/www.protec.com.br\/en\/wp-json\/wp\/v2\/types\/product"}],"version-history":[{"count":1,"href":"https:\/\/www.protec.com.br\/en\/wp-json\/wp\/v2\/product\/31403\/revisions"}],"predecessor-version":[{"id":41992,"href":"https:\/\/www.protec.com.br\/en\/wp-json\/wp\/v2\/product\/31403\/revisions\/41992"}],"wp:featuredmedia":[{"embeddable":true,"href":"https:\/\/www.protec.com.br\/en\/wp-json\/wp\/v2\/media\/31407"}],"wp:attachment":[{"href":"https:\/\/www.protec.com.br\/en\/wp-json\/wp\/v2\/media?parent=31403"}],"wp:term":[{"taxonomy":"product_brand","embeddable":true,"href":"https:\/\/www.protec.com.br\/en\/wp-json\/wp\/v2\/product_brand?post=31403"},{"taxonomy":"product_cat","embeddable":true,"href":"https:\/\/www.protec.com.br\/en\/wp-json\/wp\/v2\/product_cat?post=31403"},{"taxonomy":"product_tag","embeddable":true,"href":"https:\/\/www.protec.com.br\/en\/wp-json\/wp\/v2\/product_tag?post=31403"}],"curies":[{"name":"wp","href":"https:\/\/api.w.org\/{rel}","templated":true}]}}