{"id":31394,"date":"2024-07-16T11:07:39","date_gmt":"2024-07-16T14:07:39","guid":{"rendered":"https:\/\/beta.alcinfotech.com.br\/?post_type=product&#038;p=31394"},"modified":"2026-02-13T16:41:18","modified_gmt":"2026-02-13T19:41:18","slug":"conector-reto-traqueia-bucha-psu-22mx15f","status":"publish","type":"product","link":"https:\/\/www.protec.com.br\/en\/product\/conector-reto-traqueia-bucha-psu-22mx15f\/","title":{"rendered":"CONECTOR RETO TRAQUEIA BUCHA PSU 22MX15F"},"content":{"rendered":"<p>O conector reto \u00e9 utilizado no circuito respirat\u00f3rio quando h\u00e1 necessidade de adapta\u00e7\u00e3o do circuito respirat\u00f3rio \u00e0 entrada de outros recursos.<\/p>\n<p>CONECTOR RETO TRAQUEIA BUCHA PSU 22MX15F<\/p>\n<p><strong>RMS: 80435140044 (PSU)<\/strong><\/p>","protected":false},"excerpt":{"rendered":"<p>O conector reto \u00e9 utilizado no circuito respirat\u00f3rio quando h\u00e1 necessidade de adapta\u00e7\u00e3o do circuito respirat\u00f3rio \u00e0 entrada de outros recursos.<\/p>\n<p>CONECTOR RETO TRAQUEIA BUCHA PSU 22MX15F<\/p>\n<p><strong>RMS: 80435140044 (PSU)<\/strong><\/p>","protected":false},"featured_media":31395,"template":"","meta":{"_acf_changed":false},"product_brand":[],"product_cat":[21,347],"product_tag":[],"class_list":{"0":"post-31394","1":"product","2":"type-product","3":"status-publish","4":"has-post-thumbnail","6":"product_cat-menu-anestesia","7":"product_cat-conectores-retos","9":"first","10":"instock","11":"taxable","12":"shipping-taxable","13":"purchasable","14":"product-type-simple"},"acf":[],"_links":{"self":[{"href":"https:\/\/www.protec.com.br\/en\/wp-json\/wp\/v2\/product\/31394","targetHints":{"allow":["GET"]}}],"collection":[{"href":"https:\/\/www.protec.com.br\/en\/wp-json\/wp\/v2\/product"}],"about":[{"href":"https:\/\/www.protec.com.br\/en\/wp-json\/wp\/v2\/types\/product"}],"version-history":[{"count":1,"href":"https:\/\/www.protec.com.br\/en\/wp-json\/wp\/v2\/product\/31394\/revisions"}],"predecessor-version":[{"id":41727,"href":"https:\/\/www.protec.com.br\/en\/wp-json\/wp\/v2\/product\/31394\/revisions\/41727"}],"wp:featuredmedia":[{"embeddable":true,"href":"https:\/\/www.protec.com.br\/en\/wp-json\/wp\/v2\/media\/31395"}],"wp:attachment":[{"href":"https:\/\/www.protec.com.br\/en\/wp-json\/wp\/v2\/media?parent=31394"}],"wp:term":[{"taxonomy":"product_brand","embeddable":true,"href":"https:\/\/www.protec.com.br\/en\/wp-json\/wp\/v2\/product_brand?post=31394"},{"taxonomy":"product_cat","embeddable":true,"href":"https:\/\/www.protec.com.br\/en\/wp-json\/wp\/v2\/product_cat?post=31394"},{"taxonomy":"product_tag","embeddable":true,"href":"https:\/\/www.protec.com.br\/en\/wp-json\/wp\/v2\/product_tag?post=31394"}],"curies":[{"name":"wp","href":"https:\/\/api.w.org\/{rel}","templated":true}]}}