{"id":31322,"date":"2024-07-15T09:32:38","date_gmt":"2024-07-15T12:32:38","guid":{"rendered":"https:\/\/beta.alcinfotech.com.br\/?post_type=product&#038;p=31322"},"modified":"2026-02-13T16:46:41","modified_gmt":"2026-02-13T19:46:41","slug":"circuito-anestesia-baraka-undir-latex-free-1-litro-sem-mascara","status":"publish","type":"product","link":"https:\/\/www.protec.com.br\/en\/product\/circuito-anestesia-baraka-undir-latex-free-1-litro-sem-mascara\/","title":{"rendered":"CIRCUITO DE ANESTESIA BARAKA L\u00c1TEX FREE UNIDIRECIONAL 1L SEM M\u00c1SCARA"},"content":{"rendered":"<p>Os Circuitos de Anestesia Baraka fabricado pela Protec possui dois modelos (com v\u00e1lvula unidirecional ou traqueia em silicone) e diversas configura\u00e7\u00f5es com diferentes tamanhos de m\u00e1scaras faciais e bal\u00f5es respirat\u00f3rios. Todos os modelos possuem em sua composi\u00e7\u00e3o o bal\u00e3o respirat\u00f3rio l\u00e1tex free.<\/p>\n<p>&nbsp;<\/p>\n<p><strong>RMS: 80435140046<\/strong><\/p>","protected":false},"excerpt":{"rendered":"<p>Os Circuitos de Anestesia Baraka fabricado pela Protec possui dois modelos (com v\u00e1lvula unidirecional ou traqueia em silicone) e diversas configura\u00e7\u00f5es com diferentes tamanhos de m\u00e1scaras faciais e bal\u00f5es respirat\u00f3rios. Todos os modelos possuem em sua composi\u00e7\u00e3o o bal\u00e3o respirat\u00f3rio l\u00e1tex free.<\/p>\n<p>&nbsp;<\/p>\n<p><strong>RMS: 80435140046<\/strong><\/p>\n<ul>\n<li>Composto por bal\u00e3o l\u00e1tex free 1\/2, 1, 2, 3 ou 5 litros;<\/li>\n<li>1 conector &#8220;T&#8221; ayres com entrada de g\u00e1s na v\u00e1lvula superior;<\/li>\n<li>1 v\u00e1lvula superior<\/li>\n<\/ul>","protected":false},"featured_media":36162,"template":"","meta":{"_acf_changed":false},"product_brand":[],"product_cat":[21,463],"product_tag":[],"class_list":{"0":"post-31322","1":"product","2":"type-product","3":"status-publish","4":"has-post-thumbnail","6":"product_cat-menu-anestesia","7":"product_cat-circuito-de-anestesia-baraka-latex-free","9":"first","10":"instock","11":"taxable","12":"shipping-taxable","13":"purchasable","14":"product-type-simple"},"acf":[],"_links":{"self":[{"href":"https:\/\/www.protec.com.br\/en\/wp-json\/wp\/v2\/product\/31322","targetHints":{"allow":["GET"]}}],"collection":[{"href":"https:\/\/www.protec.com.br\/en\/wp-json\/wp\/v2\/product"}],"about":[{"href":"https:\/\/www.protec.com.br\/en\/wp-json\/wp\/v2\/types\/product"}],"version-history":[{"count":1,"href":"https:\/\/www.protec.com.br\/en\/wp-json\/wp\/v2\/product\/31322\/revisions"}],"predecessor-version":[{"id":41691,"href":"https:\/\/www.protec.com.br\/en\/wp-json\/wp\/v2\/product\/31322\/revisions\/41691"}],"wp:featuredmedia":[{"embeddable":true,"href":"https:\/\/www.protec.com.br\/en\/wp-json\/wp\/v2\/media\/36162"}],"wp:attachment":[{"href":"https:\/\/www.protec.com.br\/en\/wp-json\/wp\/v2\/media?parent=31322"}],"wp:term":[{"taxonomy":"product_brand","embeddable":true,"href":"https:\/\/www.protec.com.br\/en\/wp-json\/wp\/v2\/product_brand?post=31322"},{"taxonomy":"product_cat","embeddable":true,"href":"https:\/\/www.protec.com.br\/en\/wp-json\/wp\/v2\/product_cat?post=31322"},{"taxonomy":"product_tag","embeddable":true,"href":"https:\/\/www.protec.com.br\/en\/wp-json\/wp\/v2\/product_tag?post=31322"}],"curies":[{"name":"wp","href":"https:\/\/api.w.org\/{rel}","templated":true}]}}