{"id":3130,"date":"2020-03-27T11:34:46","date_gmt":"2020-03-27T14:34:46","guid":{"rendered":"https:\/\/projeto.online\/protec\/?post_type=product&#038;p=3130"},"modified":"2026-02-12T12:03:19","modified_gmt":"2026-02-12T15:03:19","slug":"cilindros-para-gases-aluminio","status":"publish","type":"product","link":"https:\/\/www.protec.com.br\/en\/product\/cilindros-para-gases-aluminio\/","title":{"rendered":"CILINDRO ALUM\u00cdNIO O2 03 LITROS"},"content":{"rendered":"<p>Os cilindros para oxig\u00eanio medicinal em alum\u00ednio s\u00e3o at\u00e9 40% mais leves que os cilindros similares em a\u00e7o.<\/p>\n<p>Otimizados para melhorar a durabilidade e a resist\u00eancia sob altas cargas de press\u00e3o.<\/p>","protected":false},"excerpt":{"rendered":"<p>Os cilindros para oxig\u00eanio medicinal em alum\u00ednio s\u00e3o at\u00e9 40% mais leves que os cilindros similares em a\u00e7o.<\/p>\n<p>Otimizados para melhorar a durabilidade e a resist\u00eancia sob altas cargas de press\u00e3o.<\/p>","protected":false},"featured_media":32493,"template":"","meta":{"_acf_changed":false},"product_brand":[],"product_cat":[246],"product_tag":[132,305],"class_list":{"0":"post-3130","1":"product","2":"type-product","3":"status-publish","4":"has-post-thumbnail","6":"product_cat-cilindro-para-oxigenio","7":"product_tag-cilindro","8":"product_tag-gasoterapia","10":"first","11":"instock","12":"virtual","13":"taxable","14":"purchasable","15":"product-type-simple"},"acf":[],"_links":{"self":[{"href":"https:\/\/www.protec.com.br\/en\/wp-json\/wp\/v2\/product\/3130","targetHints":{"allow":["GET"]}}],"collection":[{"href":"https:\/\/www.protec.com.br\/en\/wp-json\/wp\/v2\/product"}],"about":[{"href":"https:\/\/www.protec.com.br\/en\/wp-json\/wp\/v2\/types\/product"}],"version-history":[{"count":1,"href":"https:\/\/www.protec.com.br\/en\/wp-json\/wp\/v2\/product\/3130\/revisions"}],"predecessor-version":[{"id":43739,"href":"https:\/\/www.protec.com.br\/en\/wp-json\/wp\/v2\/product\/3130\/revisions\/43739"}],"wp:featuredmedia":[{"embeddable":true,"href":"https:\/\/www.protec.com.br\/en\/wp-json\/wp\/v2\/media\/32493"}],"wp:attachment":[{"href":"https:\/\/www.protec.com.br\/en\/wp-json\/wp\/v2\/media?parent=3130"}],"wp:term":[{"taxonomy":"product_brand","embeddable":true,"href":"https:\/\/www.protec.com.br\/en\/wp-json\/wp\/v2\/product_brand?post=3130"},{"taxonomy":"product_cat","embeddable":true,"href":"https:\/\/www.protec.com.br\/en\/wp-json\/wp\/v2\/product_cat?post=3130"},{"taxonomy":"product_tag","embeddable":true,"href":"https:\/\/www.protec.com.br\/en\/wp-json\/wp\/v2\/product_tag?post=3130"}],"curies":[{"name":"wp","href":"https:\/\/api.w.org\/{rel}","templated":true}]}}