{"id":30925,"date":"2024-07-12T12:39:57","date_gmt":"2024-07-12T15:39:57","guid":{"rendered":"https:\/\/beta.alcinfotech.com.br\/?post_type=product&#038;p=30925"},"modified":"2026-02-16T11:41:52","modified_gmt":"2026-02-16T14:41:52","slug":"circuito-de-anestesia-baraka-unidirecional-3l","status":"publish","type":"product","link":"https:\/\/www.protec.com.br\/en\/product\/circuito-de-anestesia-baraka-unidirecional-3l\/","title":{"rendered":"CIRCUITO DE ANESTESIA BARAKA UNIDIRECIONAL 3L"},"content":{"rendered":"<p>O Circuito de Anestesia Baraka Unidirecional tem como objetivo promover a ventila\u00e7\u00e3o artificial n\u00e3o invasiva durante a indu\u00e7\u00e3o ou recupera\u00e7\u00e3o anest\u00e9sica, facilitando a administra\u00e7\u00e3o de gases anest\u00e9sicos manualmente para o paciente.<\/p>","protected":false},"excerpt":{"rendered":"<p>O Circuito de Anestesia Baraka Unidirecional tem como objetivo promover a ventila\u00e7\u00e3o artificial n\u00e3o invasiva durante a indu\u00e7\u00e3o ou recupera\u00e7\u00e3o anest\u00e9sica, facilitando a administra\u00e7\u00e3o de gases anest\u00e9sicos manualmente para o paciente.<\/p>\n<p><strong>Circuito de Anestesia Baraka com V\u00e1lvula Unidirecional\u00a0composto por:<\/strong><\/p>\n<ul>\n<li>Bal\u00e3o reservat\u00f3rio (500ml, 1 Litro, 2 Lts ou 3 Lts)<\/li>\n<li>V\u00e1lvula Unidirecional<\/li>\n<li>Conectores<\/li>\n<\/ul>","protected":false},"featured_media":34459,"template":"","meta":{"_acf_changed":false},"product_brand":[],"product_cat":[21,273],"product_tag":[447],"class_list":{"0":"post-30925","1":"product","2":"type-product","3":"status-publish","4":"has-post-thumbnail","6":"product_cat-menu-anestesia","7":"product_cat-circuito-de-anestesia-baraka-silicone","8":"product_tag-baraka","10":"first","11":"instock","12":"taxable","13":"shipping-taxable","14":"purchasable","15":"product-type-simple"},"acf":[],"_links":{"self":[{"href":"https:\/\/www.protec.com.br\/en\/wp-json\/wp\/v2\/product\/30925","targetHints":{"allow":["GET"]}}],"collection":[{"href":"https:\/\/www.protec.com.br\/en\/wp-json\/wp\/v2\/product"}],"about":[{"href":"https:\/\/www.protec.com.br\/en\/wp-json\/wp\/v2\/types\/product"}],"version-history":[{"count":1,"href":"https:\/\/www.protec.com.br\/en\/wp-json\/wp\/v2\/product\/30925\/revisions"}],"predecessor-version":[{"id":43868,"href":"https:\/\/www.protec.com.br\/en\/wp-json\/wp\/v2\/product\/30925\/revisions\/43868"}],"wp:featuredmedia":[{"embeddable":true,"href":"https:\/\/www.protec.com.br\/en\/wp-json\/wp\/v2\/media\/34459"}],"wp:attachment":[{"href":"https:\/\/www.protec.com.br\/en\/wp-json\/wp\/v2\/media?parent=30925"}],"wp:term":[{"taxonomy":"product_brand","embeddable":true,"href":"https:\/\/www.protec.com.br\/en\/wp-json\/wp\/v2\/product_brand?post=30925"},{"taxonomy":"product_cat","embeddable":true,"href":"https:\/\/www.protec.com.br\/en\/wp-json\/wp\/v2\/product_cat?post=30925"},{"taxonomy":"product_tag","embeddable":true,"href":"https:\/\/www.protec.com.br\/en\/wp-json\/wp\/v2\/product_tag?post=30925"}],"curies":[{"name":"wp","href":"https:\/\/api.w.org\/{rel}","templated":true}]}}