{"id":30917,"date":"2024-07-12T12:30:08","date_gmt":"2024-07-12T15:30:08","guid":{"rendered":"https:\/\/beta.alcinfotech.com.br\/?post_type=product&#038;p=30917"},"modified":"2026-02-16T11:56:29","modified_gmt":"2026-02-16T14:56:29","slug":"circuito-de-anestesia-baraka-unidirecional-1l-silicone","status":"publish","type":"product","link":"https:\/\/www.protec.com.br\/en\/product\/circuito-de-anestesia-baraka-unidirecional-1l-silicone\/","title":{"rendered":"CIRCUITO DE ANESTESIA BARAKA UNIDIRECIONAL 1L SILICONE"},"content":{"rendered":"<p>O Circuito de Anestesia Baraka Unidirecional tem como objetivo promover a ventila\u00e7\u00e3o artificial n\u00e3o invasiva durante a indu\u00e7\u00e3o ou recupera\u00e7\u00e3o anest\u00e9sica, facilitando a administra\u00e7\u00e3o de gases anest\u00e9sicos manualmente para o paciente.<\/p>","protected":false},"excerpt":{"rendered":"<p>O Circuito de Anestesia Baraka Unidirecional tem como objetivo promover a ventila\u00e7\u00e3o artificial n\u00e3o invasiva durante a indu\u00e7\u00e3o ou recupera\u00e7\u00e3o anest\u00e9sica, facilitando a administra\u00e7\u00e3o de gases anest\u00e9sicos manualmente para o paciente.<\/p>\n<p><strong>Circuito de Anestesia Baraka com V\u00e1lvula Unidirecional\u00a0composto por:<\/strong><\/p>\n<ul>\n<li>Bal\u00e3o reservat\u00f3rio 1 Litro<\/li>\n<li>V\u00e1lvula Unidirecional<\/li>\n<li>Conectores<\/li>\n<\/ul>","protected":false},"featured_media":34455,"template":"","meta":{"_acf_changed":false},"product_brand":[],"product_cat":[273],"product_tag":[447],"class_list":{"0":"post-30917","1":"product","2":"type-product","3":"status-publish","4":"has-post-thumbnail","6":"product_cat-circuito-de-anestesia-baraka-silicone","7":"product_tag-baraka","9":"first","10":"instock","11":"taxable","12":"shipping-taxable","13":"purchasable","14":"product-type-simple"},"acf":[],"_links":{"self":[{"href":"https:\/\/www.protec.com.br\/en\/wp-json\/wp\/v2\/product\/30917","targetHints":{"allow":["GET"]}}],"collection":[{"href":"https:\/\/www.protec.com.br\/en\/wp-json\/wp\/v2\/product"}],"about":[{"href":"https:\/\/www.protec.com.br\/en\/wp-json\/wp\/v2\/types\/product"}],"version-history":[{"count":2,"href":"https:\/\/www.protec.com.br\/en\/wp-json\/wp\/v2\/product\/30917\/revisions"}],"predecessor-version":[{"id":43875,"href":"https:\/\/www.protec.com.br\/en\/wp-json\/wp\/v2\/product\/30917\/revisions\/43875"}],"wp:featuredmedia":[{"embeddable":true,"href":"https:\/\/www.protec.com.br\/en\/wp-json\/wp\/v2\/media\/34455"}],"wp:attachment":[{"href":"https:\/\/www.protec.com.br\/en\/wp-json\/wp\/v2\/media?parent=30917"}],"wp:term":[{"taxonomy":"product_brand","embeddable":true,"href":"https:\/\/www.protec.com.br\/en\/wp-json\/wp\/v2\/product_brand?post=30917"},{"taxonomy":"product_cat","embeddable":true,"href":"https:\/\/www.protec.com.br\/en\/wp-json\/wp\/v2\/product_cat?post=30917"},{"taxonomy":"product_tag","embeddable":true,"href":"https:\/\/www.protec.com.br\/en\/wp-json\/wp\/v2\/product_tag?post=30917"}],"curies":[{"name":"wp","href":"https:\/\/api.w.org\/{rel}","templated":true}]}}