{"id":3089,"date":"2020-03-27T09:19:32","date_gmt":"2020-03-27T12:19:32","guid":{"rendered":"https:\/\/projeto.online\/protec\/?post_type=product&#038;p=3089"},"modified":"2026-02-19T17:02:16","modified_gmt":"2026-02-19T20:02:16","slug":"painel-de-alarme-digital","status":"publish","type":"product","link":"https:\/\/www.protec.com.br\/en\/product\/painel-de-alarme-digital\/","title":{"rendered":"PAINEL ALARME PARA GASES RD 4 GASES"},"content":{"rendered":"<p>O painel de alarme \u00e9 utilizado para monitorar a press\u00e3o de uma rede canalizada de g\u00e1s medicinal e indicar, por meio de alarmes audiovisuais, a queda desta press\u00e3o para valores abaixo de seus limites. Foi desenvolvido para as atividades de preven\u00e7\u00e3o e manuten\u00e7\u00e3o da rede de gases m\u00e9dico hospitalares e tem por finalidade auxiliar no monitoramento da rede de gases para alimentar os equipamentos ou pacientes durante o procedimento cl\u00ednico.<\/p>","protected":false},"excerpt":{"rendered":"<p>O Painel de alarme digital fabricado pela R&amp;D Mediq monitora a press\u00e3o de uma rede canalizada de g\u00e1s medicinal e indica, por meio de alarmes audiovisuais, a queda dessa press\u00e3o para valores abaixo de seus limites.<\/p>","protected":false},"featured_media":34413,"template":"","meta":{"_acf_changed":false},"product_brand":[],"product_cat":[24,264],"product_tag":[],"class_list":{"0":"post-3089","1":"product","2":"type-product","3":"status-publish","4":"has-post-thumbnail","6":"product_cat-menu-gasoterapia","7":"product_cat-painel-de-alarme","9":"first","10":"instock","11":"virtual","12":"taxable","13":"purchasable","14":"product-type-simple"},"acf":[],"_links":{"self":[{"href":"https:\/\/www.protec.com.br\/en\/wp-json\/wp\/v2\/product\/3089","targetHints":{"allow":["GET"]}}],"collection":[{"href":"https:\/\/www.protec.com.br\/en\/wp-json\/wp\/v2\/product"}],"about":[{"href":"https:\/\/www.protec.com.br\/en\/wp-json\/wp\/v2\/types\/product"}],"version-history":[{"count":1,"href":"https:\/\/www.protec.com.br\/en\/wp-json\/wp\/v2\/product\/3089\/revisions"}],"predecessor-version":[{"id":43956,"href":"https:\/\/www.protec.com.br\/en\/wp-json\/wp\/v2\/product\/3089\/revisions\/43956"}],"wp:featuredmedia":[{"embeddable":true,"href":"https:\/\/www.protec.com.br\/en\/wp-json\/wp\/v2\/media\/34413"}],"wp:attachment":[{"href":"https:\/\/www.protec.com.br\/en\/wp-json\/wp\/v2\/media?parent=3089"}],"wp:term":[{"taxonomy":"product_brand","embeddable":true,"href":"https:\/\/www.protec.com.br\/en\/wp-json\/wp\/v2\/product_brand?post=3089"},{"taxonomy":"product_cat","embeddable":true,"href":"https:\/\/www.protec.com.br\/en\/wp-json\/wp\/v2\/product_cat?post=3089"},{"taxonomy":"product_tag","embeddable":true,"href":"https:\/\/www.protec.com.br\/en\/wp-json\/wp\/v2\/product_tag?post=3089"}],"curies":[{"name":"wp","href":"https:\/\/api.w.org\/{rel}","templated":true}]}}