{"id":30847,"date":"2024-07-11T16:36:42","date_gmt":"2024-07-11T19:36:42","guid":{"rendered":"https:\/\/beta.alcinfotech.com.br\/?post_type=product&#038;p=30847"},"modified":"2026-02-16T11:31:27","modified_gmt":"2026-02-16T14:31:27","slug":"circuito-anestesia-baraka-2-3-litros-silicone-autoclavavel-sem-mascara","status":"publish","type":"product","link":"https:\/\/www.protec.com.br\/en\/product\/circuito-anestesia-baraka-2-3-litros-silicone-autoclavavel-sem-mascara\/","title":{"rendered":"CIRCUITO DE ANESTESIA BARAKA SILICONE 2,3L SEM M\u00c1SCARA"},"content":{"rendered":"<p>Os circuitos de anestesia Baraka em silicone fabricados pela Protec, s\u00e3o totalmente autoclav\u00e1veis a 134\u00b0C e s\u00e3o compostos por bal\u00e3o respirat\u00f3rio em silicone, traqueia em silicone transl\u00facido autoclav\u00e1vel, com certificado de biocompatibilidade ( ISO 10.993), conectores intermedi\u00e1rios confeccionados em polisulfona, material resistente a altas temperaturas e 100% autoclav\u00e1vel.<\/p>\n<p><strong>RMS:<\/strong> 80435140046<\/p>","protected":false},"excerpt":{"rendered":"<p>Os circuitos de anestesia Baraka em silicone fabricados pela Protec, s\u00e3o totalmente autoclav\u00e1veis a 134\u00b0C e s\u00e3o compostos por bal\u00e3o respirat\u00f3rio em silicone, traqueia em silicone transl\u00facido autoclav\u00e1vel, com certificado de biocompatibilidade ( ISO 10.993), conectores intermedi\u00e1rios confeccionados em polisulfona, material resistente a altas temperaturas e 100% autoclav\u00e1vel.<\/p>\n<p><strong>RMS:<\/strong> 80435140046<\/p>","protected":false},"featured_media":32914,"template":"","meta":{"_acf_changed":false},"product_brand":[],"product_cat":[18,21,273],"product_tag":[447],"class_list":{"0":"post-30847","1":"product","2":"type-product","3":"status-publish","4":"has-post-thumbnail","6":"product_cat-sem-categoria","7":"product_cat-menu-anestesia","8":"product_cat-circuito-de-anestesia-baraka-silicone","9":"product_tag-baraka","11":"first","12":"instock","13":"taxable","14":"shipping-taxable","15":"purchasable","16":"product-type-simple"},"acf":[],"_links":{"self":[{"href":"https:\/\/www.protec.com.br\/en\/wp-json\/wp\/v2\/product\/30847","targetHints":{"allow":["GET"]}}],"collection":[{"href":"https:\/\/www.protec.com.br\/en\/wp-json\/wp\/v2\/product"}],"about":[{"href":"https:\/\/www.protec.com.br\/en\/wp-json\/wp\/v2\/types\/product"}],"version-history":[{"count":2,"href":"https:\/\/www.protec.com.br\/en\/wp-json\/wp\/v2\/product\/30847\/revisions"}],"predecessor-version":[{"id":41699,"href":"https:\/\/www.protec.com.br\/en\/wp-json\/wp\/v2\/product\/30847\/revisions\/41699"}],"wp:featuredmedia":[{"embeddable":true,"href":"https:\/\/www.protec.com.br\/en\/wp-json\/wp\/v2\/media\/32914"}],"wp:attachment":[{"href":"https:\/\/www.protec.com.br\/en\/wp-json\/wp\/v2\/media?parent=30847"}],"wp:term":[{"taxonomy":"product_brand","embeddable":true,"href":"https:\/\/www.protec.com.br\/en\/wp-json\/wp\/v2\/product_brand?post=30847"},{"taxonomy":"product_cat","embeddable":true,"href":"https:\/\/www.protec.com.br\/en\/wp-json\/wp\/v2\/product_cat?post=30847"},{"taxonomy":"product_tag","embeddable":true,"href":"https:\/\/www.protec.com.br\/en\/wp-json\/wp\/v2\/product_tag?post=30847"}],"curies":[{"name":"wp","href":"https:\/\/api.w.org\/{rel}","templated":true}]}}