{"id":3083,"date":"2020-03-27T09:06:16","date_gmt":"2020-03-27T12:06:16","guid":{"rendered":"https:\/\/projeto.online\/protec\/?post_type=product&#038;p=3083"},"modified":"2026-02-13T13:54:34","modified_gmt":"2026-02-13T16:54:34","slug":"painel-regua","status":"publish","type":"product","link":"https:\/\/www.protec.com.br\/en\/product\/painel-regua\/","title":{"rendered":"PAINEL R\u00c9GUA 3 PONTOS"},"content":{"rendered":"<p><strong>C\u00d3D. 003771<\/strong><\/p>\n<p>O painel r\u00e9gua para rede de gases medicinais com tr\u00eas pontos de oxig\u00eanio foi projetado para a distribui\u00e7\u00e3o de pontos de apoio de gases medicinais nos mais diversos locais.<\/p>\n<p>Este kit pode ser utilizado em ambul\u00e2ncias, postos de enfermagem, salas cir\u00fargicas, clinicas, consult\u00f3rios m\u00e9dicos, salas de emerg\u00eancia, entre outros locais.<\/p>","protected":false},"excerpt":{"rendered":"<p>O painel r\u00e9gua tipo calha possui perfil confeccionado em alum\u00ednio anodizado e \u00e9 indicado para distribuir a rede de gases em pontos de apoio. A quantidade de pontos, tipo de g\u00e1s e tamanho do painel \u00e9 definido em fun\u00e7\u00e3o da necessidade de cada cliente.<\/p>\n<p><strong>RMS:<\/strong> 80435149002<\/p>","protected":false},"featured_media":28588,"template":"","meta":{"_acf_changed":false},"product_brand":[],"product_cat":[24,263],"product_tag":[504],"class_list":{"0":"post-3083","1":"product","2":"type-product","3":"status-publish","4":"has-post-thumbnail","6":"product_cat-menu-gasoterapia","7":"product_cat-painel-regua","8":"product_tag-painel-aluminio","10":"first","11":"instock","12":"virtual","13":"taxable","14":"purchasable","15":"product-type-simple"},"acf":[],"_links":{"self":[{"href":"https:\/\/www.protec.com.br\/en\/wp-json\/wp\/v2\/product\/3083","targetHints":{"allow":["GET"]}}],"collection":[{"href":"https:\/\/www.protec.com.br\/en\/wp-json\/wp\/v2\/product"}],"about":[{"href":"https:\/\/www.protec.com.br\/en\/wp-json\/wp\/v2\/types\/product"}],"version-history":[{"count":1,"href":"https:\/\/www.protec.com.br\/en\/wp-json\/wp\/v2\/product\/3083\/revisions"}],"predecessor-version":[{"id":43389,"href":"https:\/\/www.protec.com.br\/en\/wp-json\/wp\/v2\/product\/3083\/revisions\/43389"}],"wp:featuredmedia":[{"embeddable":true,"href":"https:\/\/www.protec.com.br\/en\/wp-json\/wp\/v2\/media\/28588"}],"wp:attachment":[{"href":"https:\/\/www.protec.com.br\/en\/wp-json\/wp\/v2\/media?parent=3083"}],"wp:term":[{"taxonomy":"product_brand","embeddable":true,"href":"https:\/\/www.protec.com.br\/en\/wp-json\/wp\/v2\/product_brand?post=3083"},{"taxonomy":"product_cat","embeddable":true,"href":"https:\/\/www.protec.com.br\/en\/wp-json\/wp\/v2\/product_cat?post=3083"},{"taxonomy":"product_tag","embeddable":true,"href":"https:\/\/www.protec.com.br\/en\/wp-json\/wp\/v2\/product_tag?post=3083"}],"curies":[{"name":"wp","href":"https:\/\/api.w.org\/{rel}","templated":true}]}}