{"id":2933,"date":"2020-03-26T08:46:15","date_gmt":"2020-03-26T11:46:15","guid":{"rendered":"https:\/\/projeto.online\/protec\/?post_type=product&#038;p=2933"},"modified":"2026-02-12T09:11:56","modified_gmt":"2026-02-12T12:11:56","slug":"mascara-venturi","status":"publish","type":"product","link":"https:\/\/www.protec.com.br\/en\/product\/mascara-venturi\/","title":{"rendered":"VENTURI MASK ADULT"},"content":{"rendered":"<p>&nbsp;<\/p>\n<p>De maneira simples e descomplicada a M\u00e1scara Venturi possui codifica\u00e7\u00e3o de cores para facilitar o tratamento dos pacientes com a dose certa de oxig\u00eanio.<\/p>\n<p>Seguindo a tabela de cores dos adaptadores as concentra\u00e7\u00f5es de oxig\u00eanio ficam da seguinte forma:<\/p>\n<ul>\n<li>Quando utilizado o diluidor de cor Azul, o sistema libera 4 litros de oxig\u00eanio por minuto chegando\u00a0 uma concentra\u00e7\u00e3o de 24% de oxig\u00eanio<\/li>\n<li>\n<div class=\"x_elementToProof\" data-ogsc=\"rgb(0, 0, 0)\" data-olk-copy-source=\"MessageBody\">Quando utilizado o diluidor de cor Branca, o sistema libera 4 litros de oxig\u00eanio por minuto chegando uma concentra\u00e7\u00e3o de 28% de oxig\u00eanio<\/div>\n<\/li>\n<li>Quando utilizado o diluidor de cor Laranja, o sistema libera 6 litros de oxig\u00eanio por minuto chegando uma concentra\u00e7\u00e3o de 31% de oxig\u00eanio<\/li>\n<li>Quando utilizado o diluidor de cor Amarela, o sistema libera 8 litros de oxig\u00eanio por minuto chegando\u00a0 uma concentra\u00e7\u00e3o de 35% de oxig\u00eanio<\/li>\n<li>Quando utilizado o diluidor de cor Vermelha, o sistema libera 8 litros de oxig\u00eanio por minuto chegando\u00a0 uma concentra\u00e7\u00e3o de 40% de oxig\u00eanio<\/li>\n<li>\n<div class=\"x_elementToProof\" data-ogsc=\"rgb(0, 0, 0)\" data-olk-copy-source=\"MessageBody\">Quando utilizado o diluidor de cor Rosa Salm\u00e3o, o sistema libera 12 litros de oxig\u00eanio por minuto chegando uma concentra\u00e7\u00e3o de 50% de oxig\u00eanio<\/div>\n<div class=\"x_elementToProof\" data-ogsc=\"rgb(0, 0, 0)\"><\/div>\n<\/li>\n<\/ul>\n<div class=\"x_elementToProof\" data-ogsc=\"rgb(0, 0, 0)\" data-olk-copy-source=\"MessageBody\"><\/div>","protected":false},"excerpt":{"rendered":"<p>The Venturi mask, also known as an air entrainment mask,  is a safe and accurate method of delivering the required concentration of oxygen. Composed of mask, 155mm PVC corrugated tubo, six O\u00b2 diluters, diluter holder and 1.5 meter plastic tube.<\/p>\n<p>The Venturi Protec Mask aims to deliver oxygen to the patient undergoing respiratory treatment in the correct proportions in order to maintain oxygen saturation above 90%.<\/p>\n<p><strong>RMS:<\/strong> 80435140025<\/p>","protected":false},"featured_media":28577,"template":"","meta":{"_acf_changed":false},"product_brand":[],"product_cat":[25,237],"product_tag":[],"class_list":{"0":"post-2933","1":"product","2":"type-product","3":"status-publish","4":"has-post-thumbnail","6":"product_cat-menu-inaloterapia","7":"product_cat-mascara-venturi","9":"first","10":"instock","11":"virtual","12":"taxable","13":"purchasable","14":"product-type-simple"},"acf":[],"_links":{"self":[{"href":"https:\/\/www.protec.com.br\/en\/wp-json\/wp\/v2\/product\/2933","targetHints":{"allow":["GET"]}}],"collection":[{"href":"https:\/\/www.protec.com.br\/en\/wp-json\/wp\/v2\/product"}],"about":[{"href":"https:\/\/www.protec.com.br\/en\/wp-json\/wp\/v2\/types\/product"}],"version-history":[{"count":4,"href":"https:\/\/www.protec.com.br\/en\/wp-json\/wp\/v2\/product\/2933\/revisions"}],"predecessor-version":[{"id":41300,"href":"https:\/\/www.protec.com.br\/en\/wp-json\/wp\/v2\/product\/2933\/revisions\/41300"}],"wp:featuredmedia":[{"embeddable":true,"href":"https:\/\/www.protec.com.br\/en\/wp-json\/wp\/v2\/media\/28577"}],"wp:attachment":[{"href":"https:\/\/www.protec.com.br\/en\/wp-json\/wp\/v2\/media?parent=2933"}],"wp:term":[{"taxonomy":"product_brand","embeddable":true,"href":"https:\/\/www.protec.com.br\/en\/wp-json\/wp\/v2\/product_brand?post=2933"},{"taxonomy":"product_cat","embeddable":true,"href":"https:\/\/www.protec.com.br\/en\/wp-json\/wp\/v2\/product_cat?post=2933"},{"taxonomy":"product_tag","embeddable":true,"href":"https:\/\/www.protec.com.br\/en\/wp-json\/wp\/v2\/product_tag?post=2933"}],"curies":[{"name":"wp","href":"https:\/\/api.w.org\/{rel}","templated":true}]}}