{"id":2904,"date":"2020-03-25T16:04:35","date_gmt":"2020-03-25T19:04:35","guid":{"rendered":"https:\/\/projeto.online\/protec\/?post_type=product&#038;p=2904"},"modified":"2026-02-12T16:07:28","modified_gmt":"2026-02-12T19:07:28","slug":"reanimador-manual-premium-adulto","status":"publish","type":"product","link":"https:\/\/www.protec.com.br\/en\/product\/reanimador-manual-premium-adulto\/","title":{"rendered":"REANIMADOR MANUAL PREMIUM ADULTO AUT 134\u00b0"},"content":{"rendered":"<div class=\"hide-scrollbar markdown prose relative w-full max-w-none overflow-x-scroll break-words text-base leading-7 first:mt-0 prose-headings:first:mt-0 prose-strong:font-bold prose-thead:font-bold light:text-[#3E4247] dark:text-[#EBEBEB] prose-headings:light:text-[#3E4247] animate-typing\">\n<div>\n<div>\n<h2 class=\"mb-2 mt-4 text-[1.5rem]\/[2.25rem] font-bold\">Reanimador Manual PREMIUM Adulto: Efici\u00eancia, Seguran\u00e7a e Alta Performance em Reanima\u00e7\u00e3o<\/h2>\n<\/div>\n<\/div>\n<\/div>\n<div class=\"hide-scrollbar markdown prose relative w-full max-w-none overflow-x-scroll break-words text-base leading-7 first:mt-0 prose-headings:first:mt-0 prose-strong:font-bold prose-thead:font-bold light:text-[#3E4247] dark:text-[#EBEBEB] prose-headings:light:text-[#3E4247]\">\n<div>\n<div>\n<p class=\"mb-3 mt-0\" data-copy-text=\"true\">O <strong>Reanimador Manual PREMIUM Adulto<\/strong> \u00e9 a solu\u00e7\u00e3o ideal para profissionais de sa\u00fade que buscam excel\u00eancia em seus procedimentos de reanima\u00e7\u00e3o. Este equipamento m\u00e9dico inovador foi projetado com o que h\u00e1 de mais avan\u00e7ado em tecnologia e materiais, seguindo rigorosos padr\u00f5es internacionais de qualidade. <strong>Efici\u00eancia, seguran\u00e7a e durabilidade<\/strong> s\u00e3o as marcas registradas que colocam o Reanimador PREMIUM em destaque no mercado nacional e internacional.<\/p>\n<\/div>\n<\/div>\n<\/div>\n<div class=\"hide-scrollbar markdown prose relative w-full max-w-none overflow-x-scroll break-words text-base leading-7 first:mt-0 prose-headings:first:mt-0 prose-strong:font-bold prose-thead:font-bold light:text-[#3E4247] dark:text-[#EBEBEB] prose-headings:light:text-[#3E4247] animate-typing\">\n<p class=\"mb-2 mt-4 text-[1.25rem]\/[2rem] font-bold\"><span style=\"font-size: 16px;\">Cada componente do <\/span>Reanimador Manual PREMIUM<span style=\"font-size: 16px;\"> foi cuidadosamente desenvolvido para garantir m\u00e1xima performance e seguran\u00e7a. O bal\u00e3o, confeccionado em <\/span>silicone transl\u00facido de alta resist\u00eancia<span style=\"font-size: 16px;\">, \u00e9 ideal para suportar repetidos ciclos de uso, esteriliza\u00e7\u00e3o e varia\u00e7\u00f5es de temperatura, assegurando longa vida \u00fatil.<\/span><\/p>\n<\/div>\n<div class=\"hide-scrollbar markdown prose relative w-full max-w-none overflow-x-scroll break-words text-base leading-7 first:mt-0 prose-headings:first:mt-0 prose-strong:font-bold prose-thead:font-bold light:text-[#3E4247] dark:text-[#EBEBEB] prose-headings:light:text-[#3E4247]\">\n<div>\n<div>\n<p class=\"mb-3 mt-0\" data-copy-text=\"true\">A <strong>v\u00e1lvula inferior<\/strong> e a <strong>v\u00e1lvula unidirecional<\/strong>, feitas de <strong>polisulfona (PSU)<\/strong>, oferecem excelente resist\u00eancia \u00e0 press\u00e3o e \u00e0 corros\u00e3o qu\u00edmica, garantindo funcionamento eficaz mesmo em condi\u00e7\u00f5es de uso extremo. Al\u00e9m disso, a m\u00e1scara, equipada com um coxim infl\u00e1vel de silicone, proporciona <strong>conforto ao paciente e um ajuste perfeito<\/strong>, reduzindo vazamentos durante o procedimento.<\/p>\n<\/div>\n<\/div>\n<\/div>\n<div class=\"hide-scrollbar markdown prose relative w-full max-w-none overflow-x-scroll break-words text-base leading-7 first:mt-0 prose-headings:first:mt-0 prose-strong:font-bold prose-thead:font-bold light:text-[#3E4247] dark:text-[#EBEBEB] prose-headings:light:text-[#3E4247]\">\n<div>\n<div>\n<p class=\"mb-3 mt-0\" data-copy-text=\"true\">Outro componente-chave \u00e9 o reservat\u00f3rio de silicone, que mant\u00e9m sua <strong>flexibilidade e durabilidade<\/strong> mesmo ap\u00f3s uso cont\u00ednuo, assegurando a qualidade do suporte ventilat\u00f3rio.<\/p>\n<\/div>\n<\/div>\n<\/div>\n<div class=\"hide-scrollbar markdown prose relative w-full max-w-none overflow-x-scroll break-words text-base leading-7 first:mt-0 prose-headings:first:mt-0 prose-strong:font-bold prose-thead:font-bold light:text-[#3E4247] dark:text-[#EBEBEB] prose-headings:light:text-[#3E4247] animate-typing\">\n<div>\n<div>\n<h5 class=\"mb-2 mt-4 text-[1.25rem]\/[2rem] font-bold\">Totalmente Autoclav\u00e1vel e Seguro<\/h5>\n<\/div>\n<\/div>\n<\/div>\n<div class=\"hide-scrollbar markdown prose relative w-full max-w-none overflow-x-scroll break-words text-base leading-7 first:mt-0 prose-headings:first:mt-0 prose-strong:font-bold prose-thead:font-bold light:text-[#3E4247] dark:text-[#EBEBEB] prose-headings:light:text-[#3E4247]\">\n<div>\n<div>\n<p class=\"mb-3 mt-0\" data-copy-text=\"true\">O Reanimador PREMIUM destaca-se como o \u00fanico equipamento em sua categoria fabricado no Brasil com <strong>capacidade total de autoclavagem a 134\u00b0C<\/strong>, garantindo m\u00e1xima seguran\u00e7a no combate a infec\u00e7\u00f5es cruzadas. Essa caracter\u00edstica \u00e9 um diferencial indispens\u00e1vel para hospitais e cl\u00ednicas que priorizam os mais altos n\u00edveis de higiene e seguran\u00e7a.<\/p>\n<\/div>\n<\/div>\n<\/div>\n<div class=\"hide-scrollbar markdown prose relative w-full max-w-none overflow-x-scroll break-words text-base leading-7 first:mt-0 prose-headings:first:mt-0 prose-strong:font-bold prose-thead:font-bold light:text-[#3E4247] dark:text-[#EBEBEB] prose-headings:light:text-[#3E4247]\">\n<div>\n<div>\n<p class=\"mb-3 mt-0\" data-copy-text=\"true\">Al\u00e9m disso, o produto possui <strong>Certifica\u00e7\u00e3o Biocompat\u00edvel em conformidade com a norma ISO 10.993<\/strong>, atestando que todos os materiais utilizados s\u00e3o seguros para contato com pacientes e profissionais da sa\u00fade. Isso faz do Reanimador PREMIUM uma escolha confi\u00e1vel para situa\u00e7\u00f5es cr\u00edticas, onde a seguran\u00e7a \u00e9 essencial.<\/p>\n<\/div>\n<\/div>\n<\/div>\n<div class=\"hide-scrollbar markdown prose relative w-full max-w-none overflow-x-scroll break-words text-base leading-7 first:mt-0 prose-headings:first:mt-0 prose-strong:font-bold prose-thead:font-bold light:text-[#3E4247] dark:text-[#EBEBEB] prose-headings:light:text-[#3E4247] animate-typing\">\n<div>\n<div>\n<h5 class=\"mb-2 mt-4 text-[1.25rem]\/[2rem] font-bold\">Benef\u00edcios que Fazem a Diferen\u00e7a<\/h5>\n<\/div>\n<\/div>\n<\/div>\n<div class=\"hide-scrollbar markdown prose relative w-full max-w-none overflow-x-scroll break-words text-base leading-7 first:mt-0 prose-headings:first:mt-0 prose-strong:font-bold prose-thead:font-bold light:text-[#3E4247] dark:text-[#EBEBEB] prose-headings:light:text-[#3E4247]\">\n<div>\n<div>\n<p class=\"mb-3 mt-0\" data-copy-text=\"true\">O <a href=\"https:\/\/inaloterapia.protec.com.br\/reanimador-premium\" target=\"_blank\" rel=\"noopener\"><strong>Reanimador Manual PREMIUM<\/strong><\/a> oferece benef\u00edcios que v\u00e3o al\u00e9m da simples funcionalidade. Seu design superior e materiais de alt\u00edssima qualidade proporcionam vantagens \u00fanicas em cen\u00e1rios de emerg\u00eancia:<\/p>\n<\/div>\n<\/div>\n<\/div>\n<div class=\"hide-scrollbar markdown prose relative w-full max-w-none overflow-x-scroll break-words text-base leading-7 first:mt-0 prose-headings:first:mt-0 prose-strong:font-bold prose-thead:font-bold light:text-[#3E4247] dark:text-[#EBEBEB] prose-headings:light:text-[#3E4247] animate-typing\">\n<div>\n<div>\n<ul class=\"mb-2 mt-0\">\n<li class=\"my-[5px] first:mt-0 last:mb-0\" data-copy-text=\"true\"><strong>Efici\u00eancia em situa\u00e7\u00f5es cr\u00edticas:<\/strong> Resposta r\u00e1pida e eficiente em emerg\u00eancias m\u00e9dicas, facilitando a estabiliza\u00e7\u00e3o do paciente.<\/li>\n<li class=\"my-[5px] first:mt-0 last:mb-0\" data-copy-text=\"true\"><strong>Praticidade no uso:<\/strong> Produto leve, ergon\u00f4mico e de f\u00e1cil manuseio, permitindo uma opera\u00e7\u00e3o simplificada que poupa tempo em momentos decisivos.<\/li>\n<li class=\"my-[5px] first:mt-0 last:mb-0\" data-copy-text=\"true\"><strong>Durabilidade prolongada:<\/strong> Projetado para resistir ao uso cont\u00ednuo, mantendo sua efic\u00e1cia e reduzindo custos com reposi\u00e7\u00f5es.<\/li>\n<\/ul>\n<\/div>\n<\/div>\n<\/div>\n<div class=\"hide-scrollbar markdown prose relative w-full max-w-none overflow-x-scroll break-words text-base leading-7 first:mt-0 prose-headings:first:mt-0 prose-strong:font-bold prose-thead:font-bold light:text-[#3E4247] dark:text-[#EBEBEB] prose-headings:light:text-[#3E4247] animate-typing\">\n<div>\n<div>\n<h5 class=\"mb-2 mt-4 text-[1.25rem]\/[2rem] font-bold\">Quem Pode se Beneficiar?<\/h5>\n<\/div>\n<\/div>\n<\/div>\n<div class=\"hide-scrollbar markdown prose relative w-full max-w-none overflow-x-scroll break-words text-base leading-7 first:mt-0 prose-headings:first:mt-0 prose-strong:font-bold prose-thead:font-bold light:text-[#3E4247] dark:text-[#EBEBEB] prose-headings:light:text-[#3E4247]\">\n<div>\n<div>\n<p class=\"mb-3 mt-0\" data-copy-text=\"true\">Este equipamento \u00e9 ideal para <strong>profissionais de sa\u00fade<\/strong> que atuam em hospitais, cl\u00ednicas e servi\u00e7os de emerg\u00eancia m\u00e9dica. Desde m\u00e9dicos e enfermeiros at\u00e9 socorristas especializados, o Reanimador PREMIUM \u00e9 projetado para proporcionar a <strong>melhor experi\u00eancia em reanima\u00e7\u00e3o<\/strong>, mesmo em situa\u00e7\u00f5es de alta press\u00e3o. Sua estrutura de f\u00e1cil manuten\u00e7\u00e3o e sua durabilidade o tornam um dos investimentos mais rent\u00e1veis para institui\u00e7\u00f5es de sa\u00fade.<\/p>\n<\/div>\n<\/div>\n<\/div>\n<div class=\"hide-scrollbar markdown prose relative w-full max-w-none overflow-x-scroll break-words text-base leading-7 first:mt-0 prose-headings:first:mt-0 prose-strong:font-bold prose-thead:font-bold light:text-[#3E4247] dark:text-[#EBEBEB] prose-headings:light:text-[#3E4247] animate-typing\">\n<div>\n<div>\n<h5 class=\"mb-2 mt-4 text-[1.25rem]\/[2rem] font-bold\">Por Que Escolher o Reanimador PREMIUM?<\/h5>\n<\/div>\n<\/div>\n<\/div>\n<div class=\"hide-scrollbar markdown prose relative w-full max-w-none overflow-x-scroll break-words text-base leading-7 first:mt-0 prose-headings:first:mt-0 prose-strong:font-bold prose-thead:font-bold light:text-[#3E4247] dark:text-[#EBEBEB] prose-headings:light:text-[#3E4247]\">\n<div>\n<div>\n<p class=\"mb-3 mt-0\" data-copy-text=\"true\">O setor de <strong>cuidados m\u00e9dicos de emerg\u00eancia<\/strong> exige produtos confi\u00e1veis, seguros e eficientes. O Reanimador Manual PREMIUM atende a todas essas demandas com excel\u00eancia, entregando:<\/p>\n<\/div>\n<\/div>\n<\/div>\n<div class=\"hide-scrollbar markdown prose relative w-full max-w-none overflow-x-scroll break-words text-base leading-7 first:mt-0 prose-headings:first:mt-0 prose-strong:font-bold prose-thead:font-bold light:text-[#3E4247] dark:text-[#EBEBEB] prose-headings:light:text-[#3E4247] animate-typing\">\n<div>\n<div>\n<ul class=\"mb-2 mt-0\">\n<li class=\"my-[5px] first:mt-0 last:mb-0\" data-copy-text=\"true\"><strong>Seguran\u00e7a garantida:<\/strong> Materiais certificados e capacidade de autoclavagem oferecem prote\u00e7\u00e3o m\u00e1xima para pacientes e profissionais.<\/li>\n<li class=\"my-[5px] first:mt-0 last:mb-0\" data-copy-text=\"true\"><strong>Performance superior:<\/strong> O sistema avan\u00e7ado de v\u00e1lvulas e o bal\u00e3o de silicone concebidos para uma ventila\u00e7\u00e3o est\u00e1vel e controlada.<\/li>\n<li class=\"my-[5px] first:mt-0 last:mb-0\" data-copy-text=\"true\"><strong>Manuten\u00e7\u00e3o simplificada:<\/strong> F\u00e1cil de desmontar e limpar, reduzindo o tempo gasto em cuidados rotineiros e permitindo maior foco no atendimento.<\/li>\n<\/ul>\n<p><a href=\"https:\/\/www.protec.com.br\/categoria-produto\/menu-inaloterapia\/reanimadores-premium\/\">Clique aqui<\/a> e conhe\u00e7a todos os modelos de reanimadores da linha Premium<\/p>\n<\/div>\n<\/div>\n<\/div>\n","protected":false},"excerpt":{"rendered":"<p>The <strong>Reanimador Manual PREMIUM Adulto<\/strong> \u00e9 a solu\u00e7\u00e3o ideal para profissionais de sa\u00fade que buscam excel\u00eancia em seus procedimentos de reanima\u00e7\u00e3o.<\/p>\n<p><strong>RMS<\/strong>: 80435140013<\/p>","protected":false},"featured_media":34417,"template":"","meta":{"_acf_changed":false},"product_brand":[],"product_cat":[25,65,473],"product_tag":[],"class_list":{"0":"post-2904","1":"product","2":"type-product","3":"status-publish","4":"has-post-thumbnail","6":"product_cat-menu-inaloterapia","7":"product_cat-principais","8":"product_cat-reanimador-manual-silicone","10":"first","11":"instock","12":"virtual","13":"taxable","14":"purchasable","15":"product-type-simple"},"acf":[],"_links":{"self":[{"href":"https:\/\/www.protec.com.br\/en\/wp-json\/wp\/v2\/product\/2904","targetHints":{"allow":["GET"]}}],"collection":[{"href":"https:\/\/www.protec.com.br\/en\/wp-json\/wp\/v2\/product"}],"about":[{"href":"https:\/\/www.protec.com.br\/en\/wp-json\/wp\/v2\/types\/product"}],"version-history":[{"count":4,"href":"https:\/\/www.protec.com.br\/en\/wp-json\/wp\/v2\/product\/2904\/revisions"}],"predecessor-version":[{"id":39551,"href":"https:\/\/www.protec.com.br\/en\/wp-json\/wp\/v2\/product\/2904\/revisions\/39551"}],"wp:featuredmedia":[{"embeddable":true,"href":"https:\/\/www.protec.com.br\/en\/wp-json\/wp\/v2\/media\/34417"}],"wp:attachment":[{"href":"https:\/\/www.protec.com.br\/en\/wp-json\/wp\/v2\/media?parent=2904"}],"wp:term":[{"taxonomy":"product_brand","embeddable":true,"href":"https:\/\/www.protec.com.br\/en\/wp-json\/wp\/v2\/product_brand?post=2904"},{"taxonomy":"product_cat","embeddable":true,"href":"https:\/\/www.protec.com.br\/en\/wp-json\/wp\/v2\/product_cat?post=2904"},{"taxonomy":"product_tag","embeddable":true,"href":"https:\/\/www.protec.com.br\/en\/wp-json\/wp\/v2\/product_tag?post=2904"}],"curies":[{"name":"wp","href":"https:\/\/api.w.org\/{rel}","templated":true}]}}