{"id":2780,"date":"2020-03-17T09:10:06","date_gmt":"2020-03-17T12:10:06","guid":{"rendered":"https:\/\/projeto.online\/protec\/?post_type=product&#038;p=2780"},"modified":"2026-02-12T15:54:22","modified_gmt":"2026-02-12T18:54:22","slug":"frasco-para-aspiracao-5-litros-completo","status":"publish","type":"product","link":"https:\/\/www.protec.com.br\/en\/product\/frasco-para-aspiracao-5-litros-completo\/","title":{"rendered":"FRASCO PARA ASPIRA\u00c7\u00c3O &#8211; 5 LITROS (COMPLETO)"},"content":{"rendered":"<div class=\"hide-scrollbar markdown prose relative w-full max-w-none overflow-x-scroll break-words text-base leading-7 first:mt-0 prose-headings:first:mt-0 prose-strong:font-bold prose-thead:font-bold light:text-[#3E4247] dark:text-[#EBEBEB] prose-headings:light:text-[#3E4247] animate-typing\">\n<div>\n<div>\n<h2 class=\"mb-2 mt-4 text-[1.5rem]\/[2.25rem] font-bold\"><strong>Frasco para Aspira\u00e7\u00e3o Protec \u2013 Seguran\u00e7a, Durabilidade e Efici\u00eancia em Procedimentos M\u00e9dicos<\/strong><\/h2>\n<\/div>\n<\/div>\n<\/div>\n<div class=\"hide-scrollbar markdown prose relative w-full max-w-none overflow-x-scroll break-words text-base leading-7 first:mt-0 prose-headings:first:mt-0 prose-strong:font-bold prose-thead:font-bold light:text-[#3E4247] dark:text-[#EBEBEB] prose-headings:light:text-[#3E4247]\">\n<div>\n<div>\n<p class=\"mb-3 mt-0\" data-copy-text=\"true\">O <strong>Frasco para Aspira\u00e7\u00e3o Protec<\/strong> \u00e9 um dispositivo essencial em ambientes cl\u00ednicos e hospitalares, projetado para realizar a coleta de secre\u00e7\u00f5es durante procedimentos m\u00e9dico-hospitalares com m\u00e1xima seguran\u00e7a e efici\u00eancia. Desenvolvido com materiais de alta resist\u00eancia e tecnologia de ponta, ele garante o suporte necess\u00e1rio para profissionais da sa\u00fade, assegurando um desempenho confi\u00e1vel e em conformidade com os mais rigorosos padr\u00f5es da \u00e1rea da sa\u00fade.<\/p>\n<\/div>\n<\/div>\n<\/div>\n<div class=\"hide-scrollbar markdown prose relative w-full max-w-none overflow-x-scroll break-words text-base leading-7 first:mt-0 prose-headings:first:mt-0 prose-strong:font-bold prose-thead:font-bold light:text-[#3E4247] dark:text-[#EBEBEB] prose-headings:light:text-[#3E4247]\">\n<div>\n<div>\n<p class=\"mb-3 mt-0\" data-copy-text=\"true\">Com um design moderno e funcional, o frasco oferece praticidade no uso, al\u00e9m de atender aos requisitos de esteriliza\u00e7\u00e3o, seguran\u00e7a e durabilidade. Seu uso \u00e9 fundamental em procedimentos de remo\u00e7\u00e3o de secre\u00e7\u00f5es, tanto no contexto de aspira\u00e7\u00f5es cir\u00fargicas quanto em cuidados respirat\u00f3rios.<\/p>\n<p class=\"mb-3 mt-0\" data-copy-text=\"true\"><strong>Descri\u00e7\u00e3o do Produto<\/strong><\/p>\n<\/div>\n<\/div>\n<\/div>\n<div class=\"hide-scrollbar markdown prose relative w-full max-w-none overflow-x-scroll break-words text-base leading-7 first:mt-0 prose-headings:first:mt-0 prose-strong:font-bold prose-thead:font-bold light:text-[#3E4247] dark:text-[#EBEBEB] prose-headings:light:text-[#3E4247]\">\n<div>\n<div>\n<p class=\"mb-3 mt-0\" data-copy-text=\"true\">O <strong>Frasco para Aspira\u00e7\u00e3o Protec<\/strong> foi desenvolvido para atuar em conjunto com equipamentos de aspira\u00e7\u00e3o de secre\u00e7\u00f5es, sendo utilizado em procedimentos m\u00e9dico-hospitalares para reter fluidos coletados de forma segura e eficiente. Ele \u00e9 uma pe\u00e7a indispens\u00e1vel em sistemas de v\u00e1cuo utilizados em emerg\u00eancias, centros cir\u00fargicos, unidades de terapia intensiva e consult\u00f3rios m\u00e9dicos.<\/p>\n<\/div>\n<\/div>\n<\/div>\n<div class=\"hide-scrollbar markdown prose relative w-full max-w-none overflow-x-scroll break-words text-base leading-7 first:mt-0 prose-headings:first:mt-0 prose-strong:font-bold prose-thead:font-bold light:text-[#3E4247] dark:text-[#EBEBEB] prose-headings:light:text-[#3E4247] animate-typing\">\n<div>\n<div>\n<h4 class=\"mb-1 mt-3 text-[1rem]\/[1.75rem] font-bold\"><strong>Princ\u00edpio de Funcionamento<\/strong><\/h4>\n<\/div>\n<\/div>\n<\/div>\n<div class=\"hide-scrollbar markdown prose relative w-full max-w-none overflow-x-scroll break-words text-base leading-7 first:mt-0 prose-headings:first:mt-0 prose-strong:font-bold prose-thead:font-bold light:text-[#3E4247] dark:text-[#EBEBEB] prose-headings:light:text-[#3E4247]\">\n<div>\n<div>\n<p class=\"mb-3 mt-0\" data-copy-text=\"true\">O objetivo do frasco \u00e9 reter as secre\u00e7\u00f5es aspiradas com o aux\u00edlio de dispositivos de suc\u00e7\u00e3o, garantindo que o fluido coletado seja armazenado adequadamente at\u00e9 o descarte. Seu design previne transbordamento, aumento do potencial de contamina\u00e7\u00e3o e danos aos equipamentos.<\/p>\n<\/div>\n<\/div>\n<\/div>\n<div class=\"hide-scrollbar markdown prose relative w-full max-w-none overflow-x-scroll break-words text-base leading-7 first:mt-0 prose-headings:first:mt-0 prose-strong:font-bold prose-thead:font-bold light:text-[#3E4247] dark:text-[#EBEBEB] prose-headings:light:text-[#3E4247] animate-typing\">\n<div>\n<div>\n<h4 class=\"mb-1 mt-3 text-[1rem]\/[1.75rem] font-bold\"><strong>Aplica\u00e7\u00f5es Cl\u00ednicas<\/strong><\/h4>\n<p class=\"mb-1 mt-3 text-[1rem]\/[1.75rem] font-bold\">O Frasco para Aspira\u00e7\u00e3o \u00e9 amplamente utilizado em sistemas de aspira\u00e7\u00e3o m\u00e9dica, incluindo:<\/p>\n<\/div>\n<\/div>\n<\/div>\n<div class=\"hide-scrollbar markdown prose relative w-full max-w-none overflow-x-scroll break-words text-base leading-7 first:mt-0 prose-headings:first:mt-0 prose-strong:font-bold prose-thead:font-bold light:text-[#3E4247] dark:text-[#EBEBEB] prose-headings:light:text-[#3E4247]\">\n<div>\n<div>\n<ul class=\"mb-2 mt-0\">\n<li class=\"my-[5px] first:mt-0 last:mb-0\" data-copy-text=\"true\">Aspira\u00e7\u00f5es cir\u00fargicas.<\/li>\n<li class=\"my-[5px] first:mt-0 last:mb-0\" data-copy-text=\"true\">Controle de secre\u00e7\u00f5es em tratamentos respirat\u00f3rios.<\/li>\n<li class=\"my-[5px] first:mt-0 last:mb-0\" data-copy-text=\"true\">Procedimentos em UTIs, centros m\u00e9dicos e consult\u00f3rios.<\/li>\n<\/ul>\n<\/div>\n<\/div>\n<\/div>\n<div class=\"hide-scrollbar markdown prose relative w-full max-w-none overflow-x-scroll break-words text-base leading-7 first:mt-0 prose-headings:first:mt-0 prose-strong:font-bold prose-thead:font-bold light:text-[#3E4247] dark:text-[#EBEBEB] prose-headings:light:text-[#3E4247] animate-typing\">\n<div>\n<div>\n<p class=\"mb-2 mt-4 text-[1.25rem]\/[2rem] font-bold\"><strong>Caracter\u00edsticas T\u00e9cnicas<\/strong><\/p>\n<p class=\"mb-2 mt-4 text-[1.25rem]\/[2rem] font-bold\"><span style=\"font-size: 16px;\">O Frasco para Aspira\u00e7\u00e3o Protec foi desenvolvido para atender \u00e0s demandas da medicina moderna. As principais especifica\u00e7\u00f5es e materiais utilizados garantem seguran\u00e7a, durabilidade e efici\u00eancia:<\/span><\/p>\n<\/div>\n<\/div>\n<\/div>\n<div class=\"hide-scrollbar markdown prose relative w-full max-w-none overflow-x-scroll break-words text-base leading-7 first:mt-0 prose-headings:first:mt-0 prose-strong:font-bold prose-thead:font-bold light:text-[#3E4247] dark:text-[#EBEBEB] prose-headings:light:text-[#3E4247]\">\n<div>\n<div>\n<p class=\"mb-3 mt-0\" data-copy-text=\"true\"><strong>Materiais de Constru\u00e7\u00e3o<\/strong><\/p>\n<\/div>\n<\/div>\n<\/div>\n<div class=\"hide-scrollbar markdown prose relative w-full max-w-none overflow-x-scroll break-words text-base leading-7 first:mt-0 prose-headings:first:mt-0 prose-strong:font-bold prose-thead:font-bold light:text-[#3E4247] dark:text-[#EBEBEB] prose-headings:light:text-[#3E4247]\">\n<div>\n<div>\n<ul class=\"mb-2 mt-0\">\n<li class=\"my-[5px] first:mt-0 last:mb-0\" data-copy-text=\"true\"><strong>Frasco:<\/strong> Policarbonato (PC) ou Polisulfona (PSU), oferecendo alta resist\u00eancia a impactos e estabilidade t\u00e9rmica.<\/li>\n<li class=\"my-[5px] first:mt-0 last:mb-0\" data-copy-text=\"true\"><strong>Tampa:<\/strong> Poliamida (PA), resistente e dur\u00e1vel.<\/li>\n<li class=\"my-[5px] first:mt-0 last:mb-0\" data-copy-text=\"true\"><strong>Anel de Veda\u00e7\u00e3o:<\/strong> Fabricado em silicone, garantindo perfeita veda\u00e7\u00e3o.<\/li>\n<li class=\"my-[5px] first:mt-0 last:mb-0\" data-copy-text=\"true\"><strong>Kit Boia:<\/strong> Composto por polipropileno (PP) e anel de veda\u00e7\u00e3o em borracha nitr\u00edlica, apresenta sistema eficiente e seguro para evitar transbordamentos.<\/li>\n<\/ul>\n<\/div>\n<\/div>\n<\/div>\n<div class=\"hide-scrollbar markdown prose relative w-full max-w-none overflow-x-scroll break-words text-base leading-7 first:mt-0 prose-headings:first:mt-0 prose-strong:font-bold prose-thead:font-bold light:text-[#3E4247] dark:text-[#EBEBEB] prose-headings:light:text-[#3E4247] animate-typing\">\n<div>\n<div>\n<p class=\"mb-2 mt-4 text-[1.25rem]\/[2rem] font-bold\"><strong>Diferenciais de Performance<\/strong><\/p>\n<\/div>\n<\/div>\n<\/div>\n<div class=\"hide-scrollbar markdown prose relative w-full max-w-none overflow-x-scroll break-words text-base leading-7 first:mt-0 prose-headings:first:mt-0 prose-strong:font-bold prose-thead:font-bold light:text-[#3E4247] dark:text-[#EBEBEB] prose-headings:light:text-[#3E4247]\">\n<div>\n<div>\n<p class=\"mb-3 mt-0\" data-copy-text=\"true\">O Frasco para Aspira\u00e7\u00e3o oferece uma s\u00e9rie de vantagens que o tornam uma escolha confi\u00e1vel para profissionais de sa\u00fade:<\/p>\n<\/div>\n<\/div>\n<\/div>\n<div class=\"hide-scrollbar markdown prose relative w-full max-w-none overflow-x-scroll break-words text-base leading-7 first:mt-0 prose-headings:first:mt-0 prose-strong:font-bold prose-thead:font-bold light:text-[#3E4247] dark:text-[#EBEBEB] prose-headings:light:text-[#3E4247] animate-typing\">\n<div>\n<div>\n<h4 class=\"mb-1 mt-3 text-[1rem]\/[1.75rem] font-bold\"><strong>Sistema Anti-Transbordamento<\/strong><\/h4>\n<\/div>\n<\/div>\n<\/div>\n<div class=\"hide-scrollbar markdown prose relative w-full max-w-none overflow-x-scroll break-words text-base leading-7 first:mt-0 prose-headings:first:mt-0 prose-strong:font-bold prose-thead:font-bold light:text-[#3E4247] dark:text-[#EBEBEB] prose-headings:light:text-[#3E4247]\">\n<div>\n<div>\n<p class=\"mb-3 mt-0\" data-copy-text=\"true\">Equipado com um eficiente <strong>kit boia mec\u00e2nica<\/strong>, que monitora o n\u00edvel do fluido armazenado e interrompe automaticamente a aspira\u00e7\u00e3o caso o frasco atinja sua capacidade m\u00e1xima, prevenindo vazamentos e preservando a integridade do equipamento.<\/p>\n<\/div>\n<\/div>\n<\/div>\n<div class=\"hide-scrollbar markdown prose relative w-full max-w-none overflow-x-scroll break-words text-base leading-7 first:mt-0 prose-headings:first:mt-0 prose-strong:font-bold prose-thead:font-bold light:text-[#3E4247] dark:text-[#EBEBEB] prose-headings:light:text-[#3E4247] animate-typing\">\n<div>\n<div>\n<h4 class=\"mb-1 mt-3 text-[1rem]\/[1.75rem] font-bold\"><strong>Autoclav\u00e1vel e Dur\u00e1vel<\/strong><\/h4>\n<\/div>\n<\/div>\n<\/div>\n<div class=\"hide-scrollbar markdown prose relative w-full max-w-none overflow-x-scroll break-words text-base leading-7 first:mt-0 prose-headings:first:mt-0 prose-strong:font-bold prose-thead:font-bold light:text-[#3E4247] dark:text-[#EBEBEB] prose-headings:light:text-[#3E4247]\">\n<div>\n<div>\n<p class=\"mb-3 mt-0\" data-copy-text=\"true\">O material resiste a altas temperaturas e suportar processos rigorosos de esteriliza\u00e7\u00e3o (at\u00e9 134\u00b0C em autoclave). Isso garante que o frasco seja reutiliz\u00e1vel ap\u00f3s a limpeza e desinfec\u00e7\u00e3o adequadas, o que resulta em maior economia para institui\u00e7\u00f5es de sa\u00fade.<\/p>\n<\/div>\n<\/div>\n<\/div>\n<div class=\"hide-scrollbar markdown prose relative w-full max-w-none overflow-x-scroll break-words text-base leading-7 first:mt-0 prose-headings:first:mt-0 prose-strong:font-bold prose-thead:font-bold light:text-[#3E4247] dark:text-[#EBEBEB] prose-headings:light:text-[#3E4247] animate-typing\">\n<div>\n<div>\n<h4 class=\"mb-1 mt-3 text-[1rem]\/[1.75rem] font-bold\"><strong>Resist\u00eancia e Robustez<\/strong><\/h4>\n<\/div>\n<\/div>\n<\/div>\n<div class=\"hide-scrollbar markdown prose relative w-full max-w-none overflow-x-scroll break-words text-base leading-7 first:mt-0 prose-headings:first:mt-0 prose-strong:font-bold prose-thead:font-bold light:text-[#3E4247] dark:text-[#EBEBEB] prose-headings:light:text-[#3E4247]\">\n<div>\n<div>\n<p class=\"mb-3 mt-0\" data-copy-text=\"true\">Fabricado com policarbonato altamente resistente a impactos e quedas acidentais, al\u00e9m de possuir estrutura que dificulta deforma\u00e7\u00f5es sob calor ou press\u00e3o, o que prolonga sua vida \u00fatil.<\/p>\n<\/div>\n<\/div>\n<\/div>\n<div class=\"hide-scrollbar markdown prose relative w-full max-w-none overflow-x-scroll break-words text-base leading-7 first:mt-0 prose-headings:first:mt-0 prose-strong:font-bold prose-thead:font-bold light:text-[#3E4247] dark:text-[#EBEBEB] prose-headings:light:text-[#3E4247] animate-typing\">\n<div>\n<div>\n<h4 class=\"mb-1 mt-3 text-[1rem]\/[1.75rem] font-bold\"><strong>Veda\u00e7\u00e3o Herm\u00e9tica<\/strong><\/h4>\n<\/div>\n<\/div>\n<\/div>\n<div class=\"hide-scrollbar markdown prose relative w-full max-w-none overflow-x-scroll break-words text-base leading-7 first:mt-0 prose-headings:first:mt-0 prose-strong:font-bold prose-thead:font-bold light:text-[#3E4247] dark:text-[#EBEBEB] prose-headings:light:text-[#3E4247]\">\n<div>\n<div>\n<p class=\"mb-3 mt-0\" data-copy-text=\"true\">O sistema de veda\u00e7\u00e3o refor\u00e7ada impede o escape de fluidos ou odores, garantindo a seguran\u00e7a do ambiente de trabalho e protegendo os profissionais da sa\u00fade.<\/p>\n<\/div>\n<\/div>\n<\/div>\n<div class=\"hide-scrollbar markdown prose relative w-full max-w-none overflow-x-scroll break-words text-base leading-7 first:mt-0 prose-headings:first:mt-0 prose-strong:font-bold prose-thead:font-bold light:text-[#3E4247] dark:text-[#EBEBEB] prose-headings:light:text-[#3E4247] animate-typing\">\n<div>\n<div>\n<h4 class=\"mb-1 mt-3 text-[1rem]\/[1.75rem] font-bold\"><strong>Design Modular e Funcional<\/strong><\/h4>\n<\/div>\n<\/div>\n<\/div>\n<div class=\"hide-scrollbar markdown prose relative w-full max-w-none overflow-x-scroll break-words text-base leading-7 first:mt-0 prose-headings:first:mt-0 prose-strong:font-bold prose-thead:font-bold light:text-[#3E4247] dark:text-[#EBEBEB] prose-headings:light:text-[#3E4247]\">\n<div>\n<div>\n<p class=\"mb-3 mt-0\" data-copy-text=\"true\">Desenvolvido para facilitar desmontagem e limpeza, o Frasco para Aspira\u00e7\u00e3o pode ser higienizado de forma pr\u00e1tica e r\u00e1pida.<\/p>\n<\/div>\n<\/div>\n<\/div>\n<div class=\"hide-scrollbar markdown prose relative w-full max-w-none overflow-x-scroll break-words text-base leading-7 first:mt-0 prose-headings:first:mt-0 prose-strong:font-bold prose-thead:font-bold light:text-[#3E4247] dark:text-[#EBEBEB] prose-headings:light:text-[#3E4247]\">\n<div>\n<div>\n<div>\n<p><a href=\"https:\/\/www.protec.com.br\/categoria-produto\/frasco-para-aspiracao\/\">Clique aqui<\/a> e conhe\u00e7a toda a linha deFrascos para aspira\u00e7\u00e3o<\/p>\n<p><a href=\"https:\/\/protecexport.ac-page.com\/download-catalogo-de-produtos-2024-2025\" target=\"_blank\" rel=\"noopener\">Clique aqui<\/a> e fa\u00e7a download do cat\u00e1logo de produtos completo<\/p>\n<\/div>\n<\/div>\n<\/div>\n<\/div>\n","protected":false},"excerpt":{"rendered":"<p>Frasco para Aspira\u00e7\u00e3o Protec: resistente, autoclav\u00e1vel e seguro, ideal para coleta de secre\u00e7\u00f5es em procedimentos m\u00e9dicos. Alta durabilidade, veda\u00e7\u00e3o herm\u00e9tica e sistema anti-transbordamento. Garanta efici\u00eancia e seguran\u00e7a<\/p>","protected":false},"featured_media":28563,"template":"","meta":{"_acf_changed":false},"product_brand":[],"product_cat":[220],"product_tag":[],"class_list":{"0":"post-2780","1":"product","2":"type-product","3":"status-publish","4":"has-post-thumbnail","6":"product_cat-frasco-para-aspiracao","8":"first","9":"instock","10":"featured","11":"virtual","12":"taxable","13":"purchasable","14":"product-type-simple"},"acf":[],"_links":{"self":[{"href":"https:\/\/www.protec.com.br\/en\/wp-json\/wp\/v2\/product\/2780","targetHints":{"allow":["GET"]}}],"collection":[{"href":"https:\/\/www.protec.com.br\/en\/wp-json\/wp\/v2\/product"}],"about":[{"href":"https:\/\/www.protec.com.br\/en\/wp-json\/wp\/v2\/types\/product"}],"version-history":[{"count":5,"href":"https:\/\/www.protec.com.br\/en\/wp-json\/wp\/v2\/product\/2780\/revisions"}],"predecessor-version":[{"id":42361,"href":"https:\/\/www.protec.com.br\/en\/wp-json\/wp\/v2\/product\/2780\/revisions\/42361"}],"wp:featuredmedia":[{"embeddable":true,"href":"https:\/\/www.protec.com.br\/en\/wp-json\/wp\/v2\/media\/28563"}],"wp:attachment":[{"href":"https:\/\/www.protec.com.br\/en\/wp-json\/wp\/v2\/media?parent=2780"}],"wp:term":[{"taxonomy":"product_brand","embeddable":true,"href":"https:\/\/www.protec.com.br\/en\/wp-json\/wp\/v2\/product_brand?post=2780"},{"taxonomy":"product_cat","embeddable":true,"href":"https:\/\/www.protec.com.br\/en\/wp-json\/wp\/v2\/product_cat?post=2780"},{"taxonomy":"product_tag","embeddable":true,"href":"https:\/\/www.protec.com.br\/en\/wp-json\/wp\/v2\/product_tag?post=2780"}],"curies":[{"name":"wp","href":"https:\/\/api.w.org\/{rel}","templated":true}]}}