{"id":20894,"date":"2023-08-08T11:51:28","date_gmt":"2023-08-08T14:51:28","guid":{"rendered":"https:\/\/protec.cattive.me\/beta\/?post_type=product&#038;p=20894"},"modified":"2026-02-19T17:02:14","modified_gmt":"2026-02-19T20:02:14","slug":"monitor-multiparametrico-pre-configurado-rd12-5-parametros","status":"publish","type":"product","link":"https:\/\/www.protec.com.br\/en\/product\/monitor-multiparametrico-pre-configurado-rd12-5-parametros\/","title":{"rendered":"MONITOR MULTIPARAM\u00c9TRICO PR\u00c9-CONFIGURADO RD12 5 PAR\u00c2METROS"},"content":{"rendered":"<div>Desenvolvido com tecnologia de ponta 100% nacional os monitores multiparam\u00e9tricos pr\u00e9 configurados RD15\u00a0 e RD12 s\u00e3o os mais novos integrantes da linha M Series. Com design moderno e inovador, possuem tela touch screen 15\u201d \/ 12\u201d com excelente resolu\u00e7\u00e3o, o que possibilita visualiza\u00e7\u00e3o de todas as curvas e tra\u00e7ados de forma ampla.<\/div>\n<div>Leves e compactos, se adaptam aos mais diversos ambientes, que v\u00e3o desde a triagem at\u00e9 unidades de terapia intensiva de alta complexidade. A grande variedade de par\u00e2metros possibilita avalia\u00e7\u00e3o\u00a0completa de pacientes.<\/div>\n<div><\/div>\n<div><strong>RMS<\/strong>: 80435140063<\/div>","protected":false},"excerpt":{"rendered":"<p>Developed with state-of-the-art 100% national technology, the RD12 pre-configured multiparametric monitor has a modern, innovative design and a 12\u201d touch screen with excellent resolution, which allows for a wide view of all curves and traces.<\/p>\n<p><strong>RMS: <\/strong>80209920019<\/p>","protected":false},"featured_media":33771,"template":"","meta":{"_acf_changed":false},"product_brand":[],"product_cat":[26,299],"product_tag":[],"class_list":{"0":"post-20894","1":"product","2":"type-product","3":"status-publish","4":"has-post-thumbnail","6":"product_cat-menu-monitores","7":"product_cat-monitores-multiparametricos","9":"first","10":"instock","11":"virtual","12":"taxable","13":"purchasable","14":"product-type-simple"},"acf":[],"_links":{"self":[{"href":"https:\/\/www.protec.com.br\/en\/wp-json\/wp\/v2\/product\/20894","targetHints":{"allow":["GET"]}}],"collection":[{"href":"https:\/\/www.protec.com.br\/en\/wp-json\/wp\/v2\/product"}],"about":[{"href":"https:\/\/www.protec.com.br\/en\/wp-json\/wp\/v2\/types\/product"}],"version-history":[{"count":2,"href":"https:\/\/www.protec.com.br\/en\/wp-json\/wp\/v2\/product\/20894\/revisions"}],"predecessor-version":[{"id":43941,"href":"https:\/\/www.protec.com.br\/en\/wp-json\/wp\/v2\/product\/20894\/revisions\/43941"}],"wp:featuredmedia":[{"embeddable":true,"href":"https:\/\/www.protec.com.br\/en\/wp-json\/wp\/v2\/media\/33771"}],"wp:attachment":[{"href":"https:\/\/www.protec.com.br\/en\/wp-json\/wp\/v2\/media?parent=20894"}],"wp:term":[{"taxonomy":"product_brand","embeddable":true,"href":"https:\/\/www.protec.com.br\/en\/wp-json\/wp\/v2\/product_brand?post=20894"},{"taxonomy":"product_cat","embeddable":true,"href":"https:\/\/www.protec.com.br\/en\/wp-json\/wp\/v2\/product_cat?post=20894"},{"taxonomy":"product_tag","embeddable":true,"href":"https:\/\/www.protec.com.br\/en\/wp-json\/wp\/v2\/product_tag?post=20894"}],"curies":[{"name":"wp","href":"https:\/\/api.w.org\/{rel}","templated":true}]}}