{"id":90,"date":"2019-12-18T10:24:50","date_gmt":"2019-12-18T13:24:50","guid":{"rendered":"http:\/\/projeto.online\/protec\/carrinho\/"},"modified":"2026-02-16T18:52:52","modified_gmt":"2026-02-16T21:52:52","slug":"carrinho","status":"publish","type":"page","link":"https:\/\/www.protec.com.br\/en\/carrinho\/","title":{"rendered":"Carrinho"},"content":{"rendered":"<div data-elementor-type=\"wp-page\" data-elementor-id=\"90\" class=\"elementor elementor-90\" data-elementor-settings=\"{&quot;ha_cmc_init_switcher&quot;:&quot;no&quot;}\" data-elementor-post-type=\"page\">\n\t\t\t\t<div class=\"elementor-element elementor-element-05c875c e-flex e-con-boxed e-con e-parent\" data-id=\"05c875c\" data-element_type=\"container\" data-e-type=\"container\" data-settings=\"{&quot;jet_parallax_layout_list&quot;:[],&quot;_ha_eqh_enable&quot;:false}\">\n\t\t\t\t\t<div class=\"e-con-inner\">\n\t\t\t\t<div class=\"elementor-element elementor-element-6652997 e-cart-layout-one-column elementor-widget elementor-widget-woocommerce-cart\" data-id=\"6652997\" data-element_type=\"widget\" data-e-type=\"widget\" data-settings=\"{&quot;update_cart_automatically&quot;:&quot;yes&quot;}\" data-widget_type=\"woocommerce-cart.default\">\n\t\t\t\t<div class=\"elementor-widget-container\">\n\t\t\t\t\t<div class=\"woocommerce\"><div class=\"woocommerce-notices-wrapper\"><\/div><div class=\"wc-empty-cart-message\">\n\t<div class=\"cart-empty woocommerce-info\" role=\"status\">\n\t\tYour cart is currently empty.\t<\/div>\n<\/div>\t<p class=\"return-to-shop\">\n\t\t<a class=\"button wc-backward\" href=\"https:\/\/www.protec.com.br\/en\/loja\/\">\n\t\t\tReturn to shop\t\t<\/a>\n\t<\/p>\n<\/div>\t\t\t\t<\/div>\n\t\t\t\t<\/div>\n\t\t\t\t\t<\/div>\n\t\t\t\t<\/div>\n\t\t\t\t<\/div>","protected":false},"excerpt":{"rendered":"<p>Remover item Imagem de miniatura Produto Pre\u00e7o Quantidade Subtotal &times; BAL\u00c3O RESPIRAT\u00d3RIO L\u00c1TEX FREE 3 LITROS &#82;&#36;39,51 BAL\u00c3O RESPIRAT\u00d3RIO L\u00c1TEX FREE 3 LITROS quantidade &#82;&#36;39,51 (incl. imposto) Total no carrinho Subtotal &#82;&#36;39,51 (incl. imposto) Total &#82;&#36;39,51 (inclui &#082;&#036;0,51 IPI 1.3%) Continuar para enviar seu or\u00e7amento<\/p>","protected":false},"author":2507,"featured_media":0,"parent":0,"menu_order":0,"comment_status":"closed","ping_status":"closed","template":"elementor_header_footer","meta":{"_acf_changed":false,"footnotes":""},"class_list":["post-90","page","type-page","status-publish","hentry"],"acf":[],"_links":{"self":[{"href":"https:\/\/www.protec.com.br\/en\/wp-json\/wp\/v2\/pages\/90","targetHints":{"allow":["GET"]}}],"collection":[{"href":"https:\/\/www.protec.com.br\/en\/wp-json\/wp\/v2\/pages"}],"about":[{"href":"https:\/\/www.protec.com.br\/en\/wp-json\/wp\/v2\/types\/page"}],"author":[{"embeddable":true,"href":"https:\/\/www.protec.com.br\/en\/wp-json\/wp\/v2\/users\/2507"}],"replies":[{"embeddable":true,"href":"https:\/\/www.protec.com.br\/en\/wp-json\/wp\/v2\/comments?post=90"}],"version-history":[{"count":9,"href":"https:\/\/www.protec.com.br\/en\/wp-json\/wp\/v2\/pages\/90\/revisions"}],"predecessor-version":[{"id":34976,"href":"https:\/\/www.protec.com.br\/en\/wp-json\/wp\/v2\/pages\/90\/revisions\/34976"}],"wp:attachment":[{"href":"https:\/\/www.protec.com.br\/en\/wp-json\/wp\/v2\/media?parent=90"}],"curies":[{"name":"wp","href":"https:\/\/api.w.org\/{rel}","templated":true}]}}