{"id":4035,"date":"2021-05-05T10:40:17","date_gmt":"2021-05-05T13:40:17","guid":{"rendered":"https:\/\/www.protec.com.br\/?page_id=4035"},"modified":"2026-05-05T15:30:27","modified_gmt":"2026-05-05T18:30:27","slug":"catalogos-protec","status":"publish","type":"page","link":"https:\/\/www.protec.com.br\/en\/catalogos-protec\/","title":{"rendered":"Catalogs"},"content":{"rendered":"<div data-elementor-type=\"wp-page\" data-elementor-id=\"4035\" class=\"elementor elementor-4035\" data-elementor-settings=\"{&quot;ha_cmc_init_switcher&quot;:&quot;no&quot;}\" data-elementor-post-type=\"page\">\n\t\t\t\t\t\t<section class=\"elementor-section elementor-top-section elementor-element elementor-element-851db35 elementor-section-height-min-height elementor-section-boxed elementor-section-height-default elementor-section-items-middle\" data-id=\"851db35\" data-element_type=\"section\" data-e-type=\"section\" data-settings=\"{&quot;jet_parallax_layout_list&quot;:[],&quot;_ha_eqh_enable&quot;:false}\">\n\t\t\t\t\t\t<div class=\"elementor-container elementor-column-gap-default\">\n\t\t\t\t\t<div class=\"elementor-column elementor-col-100 elementor-top-column elementor-element elementor-element-c43ffeb\" data-id=\"c43ffeb\" data-element_type=\"column\" data-e-type=\"column\">\n\t\t\t<div class=\"elementor-widget-wrap elementor-element-populated\">\n\t\t\t\t\t\t<div class=\"elementor-element elementor-element-ca3631e elementor-widget__width-initial elementor-widget elementor-widget-heading\" data-id=\"ca3631e\" data-element_type=\"widget\" data-e-type=\"widget\" data-widget_type=\"heading.default\">\n\t\t\t\t<div class=\"elementor-widget-container\">\n\t\t\t\t\t<h1 class=\"elementor-heading-title elementor-size-default\">Cat\u00e1logo de Produtos<\/h1>\t\t\t\t<\/div>\n\t\t\t\t<\/div>\n\t\t\t\t<section class=\"elementor-section elementor-inner-section elementor-element elementor-element-004da28 elementor-section-boxed elementor-section-height-default elementor-section-height-default\" data-id=\"004da28\" data-element_type=\"section\" data-e-type=\"section\" data-settings=\"{&quot;jet_parallax_layout_list&quot;:[],&quot;_ha_eqh_enable&quot;:false}\">\n\t\t\t\t\t\t<div class=\"elementor-container elementor-column-gap-default\">\n\t\t\t\t\t<div class=\"elementor-column elementor-col-25 elementor-inner-column elementor-element elementor-element-2d2661d\" data-id=\"2d2661d\" data-element_type=\"column\" data-e-type=\"column\">\n\t\t\t<div class=\"elementor-widget-wrap elementor-element-populated\">\n\t\t\t\t\t\t<div class=\"elementor-element elementor-element-2114a7a elementor-widget elementor-widget-image\" data-id=\"2114a7a\" data-element_type=\"widget\" data-e-type=\"widget\" data-widget_type=\"image.default\">\n\t\t\t\t<div class=\"elementor-widget-container\">\n\t\t\t\t\t\t\t\t\t\t\t\t\t\t\t<img fetchpriority=\"high\" decoding=\"async\" width=\"2480\" height=\"3508\" src=\"https:\/\/www.protec.com.br\/wp-content\/uploads\/2026\/05\/Capa-Catalogo-PROTEC-2026-2027.png\" class=\"attachment-full size-full wp-image-45237\" alt=\"\" srcset=\"https:\/\/www.protec.com.br\/wp-content\/uploads\/2026\/05\/Capa-Catalogo-PROTEC-2026-2027.png 2480w, https:\/\/www.protec.com.br\/wp-content\/uploads\/2026\/05\/Capa-Catalogo-PROTEC-2026-2027-212x300.png 212w, https:\/\/www.protec.com.br\/wp-content\/uploads\/2026\/05\/Capa-Catalogo-PROTEC-2026-2027-724x1024.png 724w, https:\/\/www.protec.com.br\/wp-content\/uploads\/2026\/05\/Capa-Catalogo-PROTEC-2026-2027-768x1086.png 768w, https:\/\/www.protec.com.br\/wp-content\/uploads\/2026\/05\/Capa-Catalogo-PROTEC-2026-2027-1086x1536.png 1086w, https:\/\/www.protec.com.br\/wp-content\/uploads\/2026\/05\/Capa-Catalogo-PROTEC-2026-2027-1448x2048.png 1448w, https:\/\/www.protec.com.br\/wp-content\/uploads\/2026\/05\/Capa-Catalogo-PROTEC-2026-2027-8x12.png 8w, https:\/\/www.protec.com.br\/wp-content\/uploads\/2026\/05\/Capa-Catalogo-PROTEC-2026-2027-600x849.png 600w, https:\/\/www.protec.com.br\/wp-content\/uploads\/2026\/05\/Capa-Catalogo-PROTEC-2026-2027-64x91.png 64w\" sizes=\"(max-width: 2480px) 100vw, 2480px\" \/>\t\t\t\t\t\t\t\t\t\t\t\t\t\t\t<\/div>\n\t\t\t\t<\/div>\n\t\t\t\t<div class=\"elementor-element elementor-element-7a2b153 elementor-align-center elementor-widget elementor-widget-button\" data-id=\"7a2b153\" data-element_type=\"widget\" data-e-type=\"widget\" data-widget_type=\"button.default\">\n\t\t\t\t<div class=\"elementor-widget-container\">\n\t\t\t\t\t\t\t\t\t<div class=\"elementor-button-wrapper\">\n\t\t\t\t\t<a class=\"elementor-button elementor-button-link elementor-size-md elementor-animation-grow\" href=\"https:\/\/content.app-us1.com\/xOJbZ\/2026\/04\/28\/028b7618-4aaf-45a1-a757-8a1b547aa45e.pdf\" download=\"\" id=\"btnLogado\" target=\"_blank\" rel=\"noopener\">\n\t\t\t\t\t\t<span class=\"elementor-button-content-wrapper\">\n\t\t\t\t\t\t<span class=\"elementor-button-icon\">\n\t\t\t\t<svg aria-hidden=\"true\" class=\"e-font-icon-svg e-far-arrow-alt-circle-right\" viewbox=\"0 0 512 512\" xmlns=\"http:\/\/www.w3.org\/2000\/svg\"><path d=\"M504 256C504 119 393 8 256 8S8 119 8 256s111 248 248 248 248-111 248-248zm-448 0c0-110.5 89.5-200 200-200s200 89.5 200 200-89.5 200-200 200S56 366.5 56 256zm72 20v-40c0-6.6 5.4-12 12-12h116v-67c0-10.7 12.9-16 20.5-8.5l99 99c4.7 4.7 4.7 12.3 0 17l-99 99c-7.6 7.6-20.5 2.2-20.5-8.5v-67H140c-6.6 0-12-5.4-12-12z\"><\/path><\/svg>\t\t\t<\/span>\n\t\t\t\t\t\t\t\t\t<span class=\"elementor-button-text\">Acessar cat\u00e1logo<\/span>\n\t\t\t\t\t<\/span>\n\t\t\t\t\t<\/a>\n\t\t\t\t<\/div>\n\t\t\t\t\t\t\t\t<\/div>\n\t\t\t\t<\/div>\n\t\t\t\t\t<\/div>\n\t\t<\/div>\n\t\t\t\t<div class=\"elementor-column elementor-col-25 elementor-inner-column elementor-element elementor-element-3c6cf3b\" data-id=\"3c6cf3b\" data-element_type=\"column\" data-e-type=\"column\">\n\t\t\t<div class=\"elementor-widget-wrap elementor-element-populated\">\n\t\t\t\t\t\t<div class=\"elementor-element elementor-element-5ccbff1 elementor-widget elementor-widget-image\" data-id=\"5ccbff1\" data-element_type=\"widget\" data-e-type=\"widget\" data-widget_type=\"image.default\">\n\t\t\t\t<div class=\"elementor-widget-container\">\n\t\t\t\t\t\t\t\t\t\t\t\t\t\t\t<img decoding=\"async\" width=\"2480\" height=\"3508\" src=\"https:\/\/www.protec.com.br\/wp-content\/uploads\/2026\/05\/Capa-Catalogo-RD-2026-2027-1.png\" class=\"attachment-full size-full wp-image-45239\" alt=\"\" srcset=\"https:\/\/www.protec.com.br\/wp-content\/uploads\/2026\/05\/Capa-Catalogo-RD-2026-2027-1.png 2480w, https:\/\/www.protec.com.br\/wp-content\/uploads\/2026\/05\/Capa-Catalogo-RD-2026-2027-1-212x300.png 212w, https:\/\/www.protec.com.br\/wp-content\/uploads\/2026\/05\/Capa-Catalogo-RD-2026-2027-1-724x1024.png 724w, https:\/\/www.protec.com.br\/wp-content\/uploads\/2026\/05\/Capa-Catalogo-RD-2026-2027-1-768x1086.png 768w, https:\/\/www.protec.com.br\/wp-content\/uploads\/2026\/05\/Capa-Catalogo-RD-2026-2027-1-1086x1536.png 1086w, https:\/\/www.protec.com.br\/wp-content\/uploads\/2026\/05\/Capa-Catalogo-RD-2026-2027-1-1448x2048.png 1448w, https:\/\/www.protec.com.br\/wp-content\/uploads\/2026\/05\/Capa-Catalogo-RD-2026-2027-1-8x12.png 8w, https:\/\/www.protec.com.br\/wp-content\/uploads\/2026\/05\/Capa-Catalogo-RD-2026-2027-1-600x849.png 600w, https:\/\/www.protec.com.br\/wp-content\/uploads\/2026\/05\/Capa-Catalogo-RD-2026-2027-1-64x91.png 64w\" sizes=\"(max-width: 2480px) 100vw, 2480px\" \/>\t\t\t\t\t\t\t\t\t\t\t\t\t\t\t<\/div>\n\t\t\t\t<\/div>\n\t\t\t\t<div class=\"elementor-element elementor-element-4105da8 elementor-align-center elementor-widget elementor-widget-button\" data-id=\"4105da8\" data-element_type=\"widget\" data-e-type=\"widget\" data-widget_type=\"button.default\">\n\t\t\t\t<div class=\"elementor-widget-container\">\n\t\t\t\t\t\t\t\t\t<div class=\"elementor-button-wrapper\">\n\t\t\t\t\t<a class=\"elementor-button elementor-button-link elementor-size-md elementor-animation-grow\" href=\"https:\/\/content.app-us1.com\/xOJbZ\/2026\/04\/28\/de69091b-b8f6-4852-b52e-80ef0c9c4075.pdf\" download=\"\" id=\"btnLogado\" target=\"_blank\" rel=\"noopener\">\n\t\t\t\t\t\t<span class=\"elementor-button-content-wrapper\">\n\t\t\t\t\t\t<span class=\"elementor-button-icon\">\n\t\t\t\t<svg aria-hidden=\"true\" class=\"e-font-icon-svg e-far-arrow-alt-circle-right\" viewbox=\"0 0 512 512\" xmlns=\"http:\/\/www.w3.org\/2000\/svg\"><path d=\"M504 256C504 119 393 8 256 8S8 119 8 256s111 248 248 248 248-111 248-248zm-448 0c0-110.5 89.5-200 200-200s200 89.5 200 200-89.5 200-200 200S56 366.5 56 256zm72 20v-40c0-6.6 5.4-12 12-12h116v-67c0-10.7 12.9-16 20.5-8.5l99 99c4.7 4.7 4.7 12.3 0 17l-99 99c-7.6 7.6-20.5 2.2-20.5-8.5v-67H140c-6.6 0-12-5.4-12-12z\"><\/path><\/svg>\t\t\t<\/span>\n\t\t\t\t\t\t\t\t\t<span class=\"elementor-button-text\">Acessar cat\u00e1logo<\/span>\n\t\t\t\t\t<\/span>\n\t\t\t\t\t<\/a>\n\t\t\t\t<\/div>\n\t\t\t\t\t\t\t\t<\/div>\n\t\t\t\t<\/div>\n\t\t\t\t\t<\/div>\n\t\t<\/div>\n\t\t\t\t<div class=\"elementor-column elementor-col-25 elementor-inner-column elementor-element elementor-element-1028727\" data-id=\"1028727\" data-element_type=\"column\" data-e-type=\"column\">\n\t\t\t<div class=\"elementor-widget-wrap\">\n\t\t\t\t\t\t\t<\/div>\n\t\t<\/div>\n\t\t\t\t<div class=\"elementor-column elementor-col-25 elementor-inner-column elementor-element elementor-element-a586009\" data-id=\"a586009\" data-element_type=\"column\" data-e-type=\"column\">\n\t\t\t<div class=\"elementor-widget-wrap\">\n\t\t\t\t\t\t\t<\/div>\n\t\t<\/div>\n\t\t\t\t\t<\/div>\n\t\t<\/section>\n\t\t\t\t\t<\/div>\n\t\t<\/div>\n\t\t\t\t\t<\/div>\n\t\t<\/section>\n\t\t\t\t<\/div>","protected":false},"excerpt":{"rendered":"<p>Cat\u00e1logo de Produtos Acessar cat\u00e1logo Acessar cat\u00e1logo<\/p>","protected":false},"author":2507,"featured_media":0,"parent":0,"menu_order":0,"comment_status":"closed","ping_status":"closed","template":"elementor_header_footer","meta":{"_acf_changed":false,"footnotes":""},"class_list":["post-4035","page","type-page","status-publish","hentry"],"acf":[],"_links":{"self":[{"href":"https:\/\/www.protec.com.br\/en\/wp-json\/wp\/v2\/pages\/4035","targetHints":{"allow":["GET"]}}],"collection":[{"href":"https:\/\/www.protec.com.br\/en\/wp-json\/wp\/v2\/pages"}],"about":[{"href":"https:\/\/www.protec.com.br\/en\/wp-json\/wp\/v2\/types\/page"}],"author":[{"embeddable":true,"href":"https:\/\/www.protec.com.br\/en\/wp-json\/wp\/v2\/users\/2507"}],"replies":[{"embeddable":true,"href":"https:\/\/www.protec.com.br\/en\/wp-json\/wp\/v2\/comments?post=4035"}],"version-history":[{"count":12,"href":"https:\/\/www.protec.com.br\/en\/wp-json\/wp\/v2\/pages\/4035\/revisions"}],"predecessor-version":[{"id":45242,"href":"https:\/\/www.protec.com.br\/en\/wp-json\/wp\/v2\/pages\/4035\/revisions\/45242"}],"wp:attachment":[{"href":"https:\/\/www.protec.com.br\/en\/wp-json\/wp\/v2\/media?parent=4035"}],"curies":[{"name":"wp","href":"https:\/\/api.w.org\/{rel}","templated":true}]}}