{"id":22534,"date":"2024-06-16T20:08:45","date_gmt":"2024-06-16T23:08:45","guid":{"rendered":"https:\/\/beta.alcinfotech.com.br\/?page_id=22534"},"modified":"2024-06-16T22:33:47","modified_gmt":"2024-06-17T01:33:47","slug":"sac-servico-de-atendimento-ao-consumidor","status":"publish","type":"page","link":"https:\/\/www.protec.com.br\/en\/sac-servico-de-atendimento-ao-consumidor\/","title":{"rendered":"SAC &#8211; Servico de Atendimento ao Consumidor"},"content":{"rendered":"<div data-elementor-type=\"wp-page\" data-elementor-id=\"22534\" class=\"elementor elementor-22534\" data-elementor-settings=\"{&quot;ha_cmc_init_switcher&quot;:&quot;no&quot;}\" data-elementor-post-type=\"page\">\n\t\t\t\t<div class=\"elementor-element elementor-element-3030d21 e-flex e-con-boxed e-con e-parent\" data-id=\"3030d21\" data-element_type=\"container\" data-e-type=\"container\" data-settings=\"{&quot;_ha_eqh_enable&quot;:false,&quot;jet_parallax_layout_list&quot;:[]}\">\n\t\t\t\t\t<div class=\"e-con-inner\">\n\t\t<div class=\"elementor-element elementor-element-195e4be e-con-full e-flex elementor-invisible e-con e-child\" data-id=\"195e4be\" data-element_type=\"container\" data-e-type=\"container\" data-settings=\"{&quot;animation&quot;:&quot;fadeIn&quot;,&quot;_ha_eqh_enable&quot;:false,&quot;jet_parallax_layout_list&quot;:[]}\">\n\t\t<div class=\"elementor-element elementor-element-bc240bd e-con-full e-flex e-con e-child\" data-id=\"bc240bd\" data-element_type=\"container\" data-e-type=\"container\" data-settings=\"{&quot;_ha_eqh_enable&quot;:false,&quot;jet_parallax_layout_list&quot;:[]}\">\n\t\t\t\t<div class=\"elementor-element elementor-element-7fb80c5 elementor-invisible elementor-widget elementor-widget-heading\" data-id=\"7fb80c5\" data-element_type=\"widget\" data-e-type=\"widget\" data-settings=\"{&quot;_animation&quot;:&quot;fadeInUp&quot;,&quot;_animation_delay&quot;:1000}\" data-widget_type=\"heading.default\">\n\t\t\t\t<div class=\"elementor-widget-container\">\n\t\t\t\t\t<h1 class=\"elementor-heading-title elementor-size-default\"><b>SAC - Servi\u00e7o de Atendimento ao Consumidor<\/b><\/h1>\t\t\t\t<\/div>\n\t\t\t\t<\/div>\n\t\t\t\t<\/div>\n\t\t\t\t<\/div>\n\t\t\t\t\t<\/div>\n\t\t\t\t<\/div>\n\t\t<div class=\"elementor-element elementor-element-6a3d5b2 e-flex e-con-boxed e-con e-parent\" data-id=\"6a3d5b2\" data-element_type=\"container\" data-e-type=\"container\" data-settings=\"{&quot;_ha_eqh_enable&quot;:false,&quot;jet_parallax_layout_list&quot;:[]}\">\n\t\t\t\t\t<div class=\"e-con-inner\">\n\t\t<div class=\"elementor-element elementor-element-14cd243 e-con-full e-flex e-con e-child\" data-id=\"14cd243\" data-element_type=\"container\" data-e-type=\"container\" data-settings=\"{&quot;_ha_eqh_enable&quot;:false,&quot;jet_parallax_layout_list&quot;:[]}\">\n\t\t\t\t<div class=\"elementor-element elementor-element-41b2d11 elementor-widget elementor-widget-shortcode\" data-id=\"41b2d11\" data-element_type=\"widget\" data-e-type=\"widget\" data-widget_type=\"shortcode.default\">\n\t\t\t\t<div class=\"elementor-widget-container\">\n\t\t\t\t\t\t\t<div class=\"elementor-shortcode\"><div class='_form_26'><\/div><script type='text\/javascript' src='https:\/\/protecexport.activehosted.com\/f\/embed.php?static=0&id=26&6A03ACD8D1448&nostyles=0&preview=0'><\/script><\/div>\n\t\t\t\t\t\t<\/div>\n\t\t\t\t<\/div>\n\t\t\t\t<\/div>\n\t\t<div class=\"elementor-element elementor-element-255756f e-con-full e-flex e-con e-child\" data-id=\"255756f\" data-element_type=\"container\" data-e-type=\"container\" data-settings=\"{&quot;_ha_eqh_enable&quot;:false,&quot;jet_parallax_layout_list&quot;:[]}\">\n\t\t\t\t<div class=\"elementor-element elementor-element-980e77c elementor-widget elementor-widget-text-editor\" data-id=\"980e77c\" data-element_type=\"widget\" data-e-type=\"widget\" data-widget_type=\"text-editor.default\">\n\t\t\t\t<div class=\"elementor-widget-container\">\n\t\t\t\t\t\t\t\t\t<p>O SAC (Servi\u00e7o de Atendimento ao Consumidor) \u00e9 o canal de relacionamento entre a PROTEC e seus clientes, onde estabelecemos uma comunica\u00e7\u00e3o \u00fanica e personalizada para tirar d\u00favidas, reclamar, sugerir, solicitar, pedir informa\u00e7\u00f5es ou elogiar os produtos\/servi\u00e7os oferecidos pela PROTEC.<\/p><p>Deixe aqui o seu coment\u00e1rio que entraremos em contato com voc\u00ea o mais breve poss\u00edvel para que o seu problema seja resolvido.<\/p>\t\t\t\t\t\t\t\t<\/div>\n\t\t\t\t<\/div>\n\t\t\t\t<\/div>\n\t\t\t\t\t<\/div>\n\t\t\t\t<\/div>\n\t\t\t\t<\/div>","protected":false},"excerpt":{"rendered":"<p>Servi\u00e7o de Atendimento ao Consumidor<\/p>","protected":false},"author":2507,"featured_media":0,"parent":0,"menu_order":0,"comment_status":"closed","ping_status":"closed","template":"","meta":{"_acf_changed":false,"footnotes":""},"class_list":["post-22534","page","type-page","status-publish","hentry"],"acf":[],"_links":{"self":[{"href":"https:\/\/www.protec.com.br\/en\/wp-json\/wp\/v2\/pages\/22534","targetHints":{"allow":["GET"]}}],"collection":[{"href":"https:\/\/www.protec.com.br\/en\/wp-json\/wp\/v2\/pages"}],"about":[{"href":"https:\/\/www.protec.com.br\/en\/wp-json\/wp\/v2\/types\/page"}],"author":[{"embeddable":true,"href":"https:\/\/www.protec.com.br\/en\/wp-json\/wp\/v2\/users\/2507"}],"replies":[{"embeddable":true,"href":"https:\/\/www.protec.com.br\/en\/wp-json\/wp\/v2\/comments?post=22534"}],"version-history":[{"count":0,"href":"https:\/\/www.protec.com.br\/en\/wp-json\/wp\/v2\/pages\/22534\/revisions"}],"wp:attachment":[{"href":"https:\/\/www.protec.com.br\/en\/wp-json\/wp\/v2\/media?parent=22534"}],"curies":[{"name":"wp","href":"https:\/\/api.w.org\/{rel}","templated":true}]}}